{"id":1424,"date":"2025-04-01T18:16:00","date_gmt":"2025-04-01T18:16:00","guid":{"rendered":"https:\/\/unifacp.edu.br\/?page_id=1424"},"modified":"2025-04-04T21:09:50","modified_gmt":"2025-04-04T21:09:50","slug":"gestao-da-qualidade-presencial","status":"publish","type":"page","link":"https:\/\/unifacp.edu.br\/Home-page\/gestao-da-qualidade-presencial\/","title":{"rendered":"Gest\u00e3o da Qualidade Presencial"},"content":{"rendered":"\t\t<div data-elementor-type=\"wp-page\" data-elementor-id=\"1424\" class=\"elementor elementor-1424\" data-elementor-post-type=\"page\">\n\t\t\t\t<div class=\"elementor-element elementor-element-8157691 e-flex e-con-boxed e-con e-parent\" data-id=\"8157691\" data-element_type=\"container\" data-e-type=\"container\">\n\t\t\t\t\t<div class=\"e-con-inner\">\n\t\t<div class=\"elementor-element elementor-element-116b60b e-con-full e-flex e-con e-child\" data-id=\"116b60b\" data-element_type=\"container\" data-e-type=\"container\">\n\t\t\t\t<div class=\"elementor-element elementor-element-229bd96 elementor-widget elementor-widget-image\" data-id=\"229bd96\" data-element_type=\"widget\" data-e-type=\"widget\" data-widget_type=\"image.default\">\n\t\t\t\t<div class=\"elementor-widget-container\">\n\t\t\t\t\t\t\t\t\t\t\t\t\t\t\t<img fetchpriority=\"high\" decoding=\"async\" width=\"1920\" height=\"675\" src=\"https:\/\/unifacp.edu.br\/wp-content\/uploads\/2025\/03\/21-2.png\" class=\"attachment-full size-full wp-image-1192\" alt=\"Gest\u00e3o da Qualidade Banner\" srcset=\"https:\/\/unifacp.edu.br\/wp-content\/uploads\/2025\/03\/21-2.png 1920w, https:\/\/unifacp.edu.br\/wp-content\/uploads\/2025\/03\/21-2-300x105.png 300w, https:\/\/unifacp.edu.br\/wp-content\/uploads\/2025\/03\/21-2-1024x360.png 1024w, https:\/\/unifacp.edu.br\/wp-content\/uploads\/2025\/03\/21-2-768x270.png 768w, https:\/\/unifacp.edu.br\/wp-content\/uploads\/2025\/03\/21-2-1536x540.png 1536w\" sizes=\"(max-width: 1920px) 100vw, 1920px\" \/>\t\t\t\t\t\t\t\t\t\t\t\t\t\t\t<\/div>\n\t\t\t\t<\/div>\n\t\t\t\t<\/div>\n\t\t<div class=\"elementor-element elementor-element-d0a0a1c e-con-full e-flex e-con e-child\" data-id=\"d0a0a1c\" data-element_type=\"container\" data-e-type=\"container\">\n\t\t<div class=\"elementor-element elementor-element-f84c6e1 e-con-full e-flex e-con e-child\" data-id=\"f84c6e1\" data-element_type=\"container\" data-e-type=\"container\" data-settings=\"{&quot;background_background&quot;:&quot;classic&quot;}\">\n\t\t\t\t<div class=\"elementor-element elementor-element-79b79ea elementor-widget elementor-widget-heading\" data-id=\"79b79ea\" data-element_type=\"widget\" data-e-type=\"widget\" data-widget_type=\"heading.default\">\n\t\t\t\t<div class=\"elementor-widget-container\">\n\t\t\t\t\t<h2 class=\"elementor-heading-title elementor-size-default\">Gest\u00e3o da Qualidade<\/h2>\t\t\t\t<\/div>\n\t\t\t\t<\/div>\n\t\t\t\t<\/div>\n\t\t<div class=\"elementor-element elementor-element-af82fc5 e-con-full e-flex e-con e-child\" data-id=\"af82fc5\" data-element_type=\"container\" data-e-type=\"container\">\n\t\t\t\t<div class=\"elementor-element elementor-element-88afacb elementor-widget elementor-widget-elementskit-simple-tab\" data-id=\"88afacb\" data-element_type=\"widget\" data-e-type=\"widget\" data-widget_type=\"elementskit-simple-tab.default\">\n\t\t\t\t<div class=\"elementor-widget-container\">\n\t\t\t\t\t<div class=\"ekit-wid-con\" >        <div class=\"elementkit-tab-wraper vertical  elementskit-fitcontent-tab \">\n            <ul class=\"nav nav-tabs elementkit-tab-nav  tab-nav-fluid\">\n                                    <li class=\"elementkit-nav-item elementor-repeater-item-08b6856\">\n                        <a class=\"elementkit-nav-link  active show left-pos\" id=\"content-08b685669dddd819ad6e-tab\" data-ekit-handler-id=\"sobre-o-curso\" data-ekit-toggle=\"tab\" data-target=\"#content-08b685669dddd819ad6e\" href=\"#Content-08b685669dddd819ad6e\"\n                            data-ekit-toggle-trigger=\"click\"\n                            aria-describedby=\"Content-08b685669dddd819ad6e\">\n                            <span class=\"icon icon-file-2 elementskit-tab-icon\"><\/span>                            <span class=\"elementskit-tab-title\">SOBRE O CURSO<\/span>\n                        <\/a>\n                    <\/li>\n                                        <li class=\"elementkit-nav-item elementor-repeater-item-6451664\">\n                        <a class=\"elementkit-nav-link  left-pos\" id=\"content-645166469dddd819ad6e-tab\" data-ekit-handler-id=\"perfil-do-egresso\" data-ekit-toggle=\"tab\" data-target=\"#content-645166469dddd819ad6e\" href=\"#Content-645166469dddd819ad6e\"\n                            data-ekit-toggle-trigger=\"click\"\n                            aria-describedby=\"Content-645166469dddd819ad6e\">\n                            <span class=\"icon icon-id-card-1 elementskit-tab-icon\"><\/span>                            <span class=\"elementskit-tab-title\">PERFIL DO EGRESSO<\/span>\n                        <\/a>\n                    <\/li>\n                                        <li class=\"elementkit-nav-item elementor-repeater-item-6e5479c\">\n                        <a class=\"elementkit-nav-link  left-pos\" id=\"content-6e5479c69dddd819ad6e-tab\" data-ekit-handler-id=\"objetivos\" data-ekit-toggle=\"tab\" data-target=\"#content-6e5479c69dddd819ad6e\" href=\"#Content-6e5479c69dddd819ad6e\"\n                            data-ekit-toggle-trigger=\"click\"\n                            aria-describedby=\"Content-6e5479c69dddd819ad6e\">\n                            <span class=\"icon icon-smart elementskit-tab-icon\"><\/span>                            <span class=\"elementskit-tab-title\">OBJETIVOS<\/span>\n                        <\/a>\n                    <\/li>\n                                        <li class=\"elementkit-nav-item elementor-repeater-item-8501b50\">\n                        <a class=\"elementkit-nav-link  left-pos\" id=\"content-8501b5069dddd819ad6e-tab\" data-ekit-handler-id=\"estrutura-curricular\" data-ekit-toggle=\"tab\" data-target=\"#content-8501b5069dddd819ad6e\" href=\"#Content-8501b5069dddd819ad6e\"\n                            data-ekit-toggle-trigger=\"click\"\n                            aria-describedby=\"Content-8501b5069dddd819ad6e\">\n                            <span class=\"icon icon-contract elementskit-tab-icon\"><\/span>                            <span class=\"elementskit-tab-title\">ESTRUTURA CURRICULAR<\/span>\n                        <\/a>\n                    <\/li>\n                                        <li class=\"elementkit-nav-item elementor-repeater-item-27cacb9\">\n                        <a class=\"elementkit-nav-link  left-pos\" id=\"content-27cacb969dddd819ad6e-tab\" data-ekit-handler-id=\"downloads\" data-ekit-toggle=\"tab\" data-target=\"#content-27cacb969dddd819ad6e\" href=\"#Content-27cacb969dddd819ad6e\"\n                            data-ekit-toggle-trigger=\"click\"\n                            aria-describedby=\"Content-27cacb969dddd819ad6e\">\n                            <span class=\"icon icon-download elementskit-tab-icon\"><\/span>                            <span class=\"elementskit-tab-title\">DOWNLOADS<\/span>\n                        <\/a>\n                    <\/li>\n                                <\/ul>\n\n            <div class=\"tab-content elementkit-tab-content\">\n                                    <div class=\"tab-pane elementkit-tab-pane elementor-repeater-item-08b6856  active show\" id=\"content-08b685669dddd819ad6e\" role=\"tabpanel\"\n                         aria-labelledby=\"content-08b685669dddd819ad6e-tab\">\n                        <div class=\"animated fadeIn\">\n                            <p><span style=\"color: #000000;\">Voc\u00ea, como\u00a0<strong>Tecn\u00f3logo em Gest\u00e3o da Qualidade<\/strong>, estar\u00e1 apto a realizar avalia\u00e7\u00e3o sistem\u00e1tica dos procedimentos, pr\u00e1ticas e rotinas internas e externas de uma organiza\u00e7\u00e3o, dominando e aplicando as normas e padr\u00f5es referentes aos sistemas certific\u00e1veis. Objetiva melhorar a produtividade da empresa reduzindo desperd\u00edcios e obtendo vantagem competitiva atrav\u00e9s da eficiente gest\u00e3o da qualidade, utilizando modernas ferramentas da qualidade. Aplicando-os nos mais variados tipos de neg\u00f3cios, como com\u00e9rcio, servi\u00e7os e ind\u00fastrias Portanto, voc\u00ea ser\u00e1 capacitado para atuar no gerenciamento de atividades ligadas \u00e0 qualidade em organiza\u00e7\u00f5es automobil\u00edstica, petroqu\u00edmica, eletroeletr\u00f4nica, aliment\u00edcia e empresas prestadoras de servi\u00e7os que almejem obter certificados de qualidade em empresas de pequeno, m\u00e9dio e grande porte, bem como pela implanta\u00e7\u00e3o de sistemas de qualidade e pelo acompanhamento ap\u00f3s a certifica\u00e7\u00e3o para garantir que os procedimentos criados est\u00e3o sendo seguidos corretamente.<\/span><\/p>                        <\/div>\n                    <\/div>\n                                    <div class=\"tab-pane elementkit-tab-pane elementor-repeater-item-6451664 \" id=\"content-645166469dddd819ad6e\" role=\"tabpanel\"\n                         aria-labelledby=\"content-645166469dddd819ad6e-tab\">\n                        <div class=\"animated fadeIn\">\n                            <p><span style=\"color: #000000;\">O\u00a0<strong>Tecn\u00f3logo em Gest\u00e3o da Qualidade<\/strong>\u00a0ter\u00e1 oportunidade de atuar em um amplo mercado de trabalho com in\u00fameros postos de trabalho. Segundo classifica\u00e7\u00e3o do CBO-MT \u2013 Classifica\u00e7\u00e3o Brasileira de Ocupa\u00e7\u00f5es do Minist\u00e9rio do Trabalho, o Tecn\u00f3logo em Gest\u00e3o da Qualidade poder\u00e1 ocupar os seguintes postos de trabalho:<\/span><\/p><p><span style=\"color: #000000;\"><strong>T\u00e9cnicos de Controle da Produ\u00e7\u00e3o<\/strong><\/span><\/p><p><span style=\"color: #000000;\">Inspecionam o recebimento e organizam o armazenamento e movimenta\u00e7\u00e3o de insumos; verificam conformidade de processos; liberam produtos e servi\u00e7os; trabalham de acordo com normas e procedimentos t\u00e9cnicos, de qualidade e de seguran\u00e7a e demonstram dom\u00ednio de conhecimentos t\u00e9cnicos espec\u00edficos da \u00e1rea.<\/span><\/p><p><span style=\"color: #000000;\"><strong>Agentes Fiscais Metrol\u00f3gicos e de Qualidade<\/strong><\/span><\/p><p><span style=\"color: #000000;\">Fiscalizam instrumentos de medi\u00e7\u00e3o, medidas materializadas, produtos, marcas de conformidade e servi\u00e7os, conforme legisla\u00e7\u00e3o. Verificam instrumentos e medidas materializadas; realizam testes, an\u00e1lises e calibra\u00e7\u00f5es. Registram o processo de fiscaliza\u00e7\u00e3o, verifica\u00e7\u00e3o e calibra\u00e7\u00e3o; supervisionam atividades metrol\u00f3gicas; orientam o p\u00fablico; formam recursos humanos na \u00e1rea de metrologia.<\/span><\/p><p><span style=\"color: #000000;\"><strong>T\u00e9cnico de Garantia da Qualidade<\/strong><\/span><\/p><p><span style=\"color: #000000;\">Analista de controle de qualidade, Analista de laborat\u00f3rio de controle de qualidade, T\u00e9cnico analista de controle de produtos manufaturados, T\u00e9cnico analista de controle estat\u00edstico de qualidade, T\u00e9cnico analista de padr\u00f5es de qualidade, T\u00e9cnico analista de pesquisa de controle de qualidade, T\u00e9cnico analista de qualidade, T\u00e9cnico analista de recebimento de pe\u00e7as compradas<\/span><\/p><p><span style=\"color: #000000;\">Podendo atuar ainda como:<\/span><\/p><ul><li><span style=\"color: #000000;\">Gerente de Qualidade<\/span><\/li><li><span style=\"color: #000000;\">Supervisor de Qualidade<\/span><\/li><li><span style=\"color: #000000;\">Coordenador de processos<\/span><\/li><\/ul><p><span style=\"color: #000000;\">O Tecn\u00f3logo em Gest\u00e3o da Qualidade estar\u00e1 apto a atuar no gerenciamento de atividades ligadas \u00e0 qualidade em organiza\u00e7\u00f5es automobil\u00edstica, petroqu\u00edmica, eletroeletr\u00f4nica, aliment\u00edcia e empresas prestadoras de servi\u00e7os que almejem obter certificados de qualidade em empresas de pequeno, m\u00e9dio e grande porte. O profissional \u00e9 respons\u00e1vel pela implanta\u00e7\u00e3o de sistemas de qualidade e pelo acompanhamento ap\u00f3s a certifica\u00e7\u00e3o para garantir que os procedimentos criados est\u00e3o sendo seguidos.<\/span><\/p><p><span style=\"color: #000000;\">Com o r\u00e1pido desenvolvimento tecnol\u00f3gico, h\u00e1 a constante necessidade de manter-se atualizado, por isso, capacita-se o profissional para o mercado de trabalho com uma vis\u00e3o empreendedora, j\u00e1 que possui t\u00e9cnicas e conhecimentos de gest\u00e3o, o que lhe confere esse perfil empreendedor, criativo e din\u00e2mico. Dentro desse novo contexto, insere-se a import\u00e2ncia da educa\u00e7\u00e3o profissional na forma tecnol\u00f3gica, de forma a acompanhar as necessidades de um mercado de trabalho t\u00e3o din\u00e2mico e em constante muta\u00e7\u00e3o.<\/span><\/p><p><span style=\"color: #000000;\">De acordo com o PPI, a voca\u00e7\u00e3o da UNIFACP \u00e9 \u201cpreparar profissionais competentes, com s\u00f3lida forma\u00e7\u00e3o human\u00edstica e t\u00e9cnico-cient\u00edfica, conscientes do seu papel social e do compromisso com a cidadania, contribuindo assim para o desenvolvimento sustent\u00e1vel n\u00e3o apenas dos Estados em que atua, mas tamb\u00e9m de todo o Pa\u00eds\u201d.<\/span><\/p><p><span style=\"color: #000000;\">Portanto, em sintonia com a voca\u00e7\u00e3o da institui\u00e7\u00e3o, o Curso Superior de Tecnologia em Gest\u00e3o da Qualidade tem por finalidade contribuir para o atendimento \u00e0s demandas da sociedade em sua \u00e1rea de atua\u00e7\u00e3o, bem como para o desenvolvimento sustent\u00e1vel das regi\u00f5es em que atua e do pa\u00eds.<\/span><\/p>                        <\/div>\n                    <\/div>\n                                    <div class=\"tab-pane elementkit-tab-pane elementor-repeater-item-6e5479c \" id=\"content-6e5479c69dddd819ad6e\" role=\"tabpanel\"\n                         aria-labelledby=\"content-6e5479c69dddd819ad6e-tab\">\n                        <div class=\"animated fadeIn\">\n                            <h6><span style=\"color: #000000;\">Objetivo Geral<\/span><\/h6><p><span style=\"color: #000000;\">O Curso Superior de Tecnologia em Gest\u00e3o da Qualidade tem como objetivo capacitar o aluno a realizar avalia\u00e7\u00e3o sistem\u00e1tica dos procedimentos, pr\u00e1ticas e rotinas internas e externas de uma organiza\u00e7\u00e3o, dominando e aplicando as normas e padr\u00f5es referentes aos sistemas certific\u00e1veis. Objetiva melhorara a produtividade da empresa reduzindo desperd\u00edcios e obtendo vantagem competitiva atrav\u00e9s da eficiente gest\u00e3o da qualidade, isso utilizando modernas ferramentas da qualidade. Aplicando-os nos mais variados tipos de neg\u00f3cios, como com\u00e9rcio, servi\u00e7os e ind\u00fastrias.<\/span><\/p><h6><span style=\"color: #000000;\">Objetivos Espec\u00edficos<\/span><\/h6><p><span style=\"color: #000000;\">Objetiva atender aos postos de trabalho demandados pelas empresas existentes no segmento e as que est\u00e3o surgindo em ritmo acentuado em todas as cidades, independente do seu tamanho ou import\u00e2ncia, oferecendo, ao mercado, profissionais competentes e atualizados com os modernos conceitos tecnol\u00f3gicos e gerenciais da \u00e1rea.<\/span><\/p>                        <\/div>\n                    <\/div>\n                                    <div class=\"tab-pane elementkit-tab-pane elementor-repeater-item-8501b50 \" id=\"content-8501b5069dddd819ad6e\" role=\"tabpanel\"\n                         aria-labelledby=\"content-8501b5069dddd819ad6e-tab\">\n                        <div class=\"animated fadeIn\">\n                            <table border=\"0\" cellspacing=\"0\" cellpadding=\"0\"><tbody><tr><td nowrap=\"nowrap\" width=\"467\"><strong>Disciplinas<\/strong><\/td><td nowrap=\"nowrap\" width=\"45\"><strong>Carga Hor\u00e1ria<\/strong><\/td><\/tr><tr><td nowrap=\"nowrap\" width=\"467\">Comunica\u00e7\u00e3o Empresarial<\/td><td nowrap=\"nowrap\" width=\"45\">80<\/td><\/tr><tr><td nowrap=\"nowrap\" width=\"467\">Economia de Empresas<\/td><td nowrap=\"nowrap\" width=\"45\">40<\/td><\/tr><tr><td nowrap=\"nowrap\" width=\"467\">Estrutura e Administra\u00e7\u00e3o de Processos<\/td><td nowrap=\"nowrap\" width=\"45\">80<\/td><\/tr><tr><td nowrap=\"nowrap\" width=\"467\">Lideran\u00e7a e Gest\u00e3o de Equipes<\/td><td nowrap=\"nowrap\" width=\"45\">40<\/td><\/tr><tr><td nowrap=\"nowrap\" width=\"467\">Ferramentas para a Gest\u00e3o da Qualidade<\/td><td nowrap=\"nowrap\" width=\"45\">80<\/td><\/tr><tr><td nowrap=\"nowrap\" width=\"467\">Fundamentos da Qualidade<\/td><td nowrap=\"nowrap\" width=\"45\">80<\/td><\/tr><tr><td nowrap=\"nowrap\" width=\"467\">Atividades Pr\u00e1ticas Supervisionadas \u2013 APS<\/td><td nowrap=\"nowrap\" width=\"45\">80<\/td><\/tr><tr><td nowrap=\"nowrap\" width=\"467\">Evolu\u00e7\u00e3o do Pensamento Administrativo<\/td><td nowrap=\"nowrap\" width=\"45\">80<\/td><\/tr><tr><td nowrap=\"nowrap\" width=\"467\">Contabilidade<\/td><td nowrap=\"nowrap\" width=\"45\">80<\/td><\/tr><tr><td nowrap=\"nowrap\" width=\"467\">Fundamentos da Matem\u00e1tica<\/td><td nowrap=\"nowrap\" width=\"45\">40<\/td><\/tr><tr><td nowrap=\"nowrap\" width=\"467\">Modelos Normalizados de Sistemas de Gest\u00e3o, Conceitos e Certifica\u00e7\u00f5es<\/td><td nowrap=\"nowrap\" width=\"45\">80<\/td><\/tr><tr><td nowrap=\"nowrap\" width=\"467\">Integra\u00e7\u00e3o de Sistemas de Gest\u00e3o da Qualidade<\/td><td nowrap=\"nowrap\" width=\"45\">80<\/td><\/tr><tr><td nowrap=\"nowrap\" width=\"467\">Auditoria da Qualidade<\/td><td nowrap=\"nowrap\" width=\"45\">40<\/td><\/tr><tr><td nowrap=\"nowrap\" width=\"467\">Atividades Pr\u00e1ticas Supervisionadas \u2013 APS<\/td><td nowrap=\"nowrap\" width=\"45\">80<\/td><\/tr><tr><td nowrap=\"nowrap\" width=\"467\">Administra\u00e7\u00e3o do Relacionamento com o Cliente<\/td><td nowrap=\"nowrap\" width=\"45\">80<\/td><\/tr><tr><td nowrap=\"nowrap\" width=\"467\">Direito Empresarial e Trabalhista<\/td><td nowrap=\"nowrap\" width=\"45\">80<\/td><\/tr><tr><td nowrap=\"nowrap\" width=\"467\">Gest\u00e3o de Recursos Materiais e Patrimoniais<\/td><td nowrap=\"nowrap\" width=\"45\">80<\/td><\/tr><tr><td nowrap=\"nowrap\" width=\"467\">Estat\u00edstica Aplicada<\/td><td nowrap=\"nowrap\" width=\"45\">40<\/td><\/tr><tr><td nowrap=\"nowrap\" width=\"467\">Sustentabilidade Organizacional<\/td><td nowrap=\"nowrap\" width=\"45\">40<\/td><\/tr><tr><td nowrap=\"nowrap\" width=\"467\">Qualidade de Vida, Sa\u00fade e Seguran\u00e7a no Trabalho<\/td><td nowrap=\"nowrap\" width=\"45\">80<\/td><\/tr><tr><td nowrap=\"nowrap\" width=\"467\">Atividades Pr\u00e1ticas Supervisionadas \u2013 APS<\/td><td nowrap=\"nowrap\" width=\"45\">80<\/td><\/tr><tr><td nowrap=\"nowrap\" width=\"467\">Empreendedorismo e Estrat\u00e9gia de Neg\u00f3cios<\/td><td nowrap=\"nowrap\" width=\"45\">80<\/td><\/tr><tr><td nowrap=\"nowrap\" width=\"467\">Gest\u00e3o das Informa\u00e7\u00f5es Organizacionais<\/td><td nowrap=\"nowrap\" width=\"45\">80<\/td><\/tr><tr><td nowrap=\"nowrap\" width=\"467\">Administra\u00e7\u00e3o Estrat\u00e9gica<\/td><td nowrap=\"nowrap\" width=\"45\">80<\/td><\/tr><tr><td nowrap=\"nowrap\" width=\"467\">Excel\u00eancia Organizacional (FNQ \/ MEG)<\/td><td nowrap=\"nowrap\" width=\"45\">40<\/td><\/tr><tr><td nowrap=\"nowrap\" width=\"467\">Gest\u00e3o da Qualidade em Servi\u00e7os<\/td><td nowrap=\"nowrap\" width=\"45\">40<\/td><\/tr><tr><td nowrap=\"nowrap\" width=\"467\">Custos da Qualidade e Elabora\u00e7\u00e3o e An\u00e1lise de Projetos<\/td><td nowrap=\"nowrap\" width=\"45\">80<\/td><\/tr><tr><td nowrap=\"nowrap\" width=\"467\">Atividades Pr\u00e1ticas Supervisionadas \u2013 APS<\/td><td nowrap=\"nowrap\" width=\"45\">80<\/td><\/tr><tr><td nowrap=\"nowrap\" width=\"467\"><strong>TOTAL DE CARGA HOR\u00c1RIA CURRICULAR DAS DISCIPLINAS<\/strong><\/td><td nowrap=\"nowrap\" width=\"45\"><strong>1600<\/strong><\/td><\/tr><tr><td nowrap=\"nowrap\" width=\"467\">*** Disciplina Extra-Curricular Optativa: Libras ***<\/td><td nowrap=\"nowrap\" width=\"45\">(40)<\/td><\/tr><tr><td nowrap=\"nowrap\" width=\"467\">CARGA HOR\u00c1RIA ATIVIDADES PR\u00c1TICAS SUPERVISIONADAS \u2013 APS<\/td><td nowrap=\"nowrap\" width=\"45\">320<\/td><\/tr><tr><td nowrap=\"nowrap\" width=\"467\"><strong>TOTAL DE CARGA HOR\u00c1RIA CURRICULAR : DISCIPLINAS + APS<\/strong><\/td><td nowrap=\"nowrap\" width=\"45\"><strong>(1960)<\/strong><\/td><\/tr><tr><td nowrap=\"nowrap\" width=\"467\"><strong>TOTAL DE CARGA HOR\u00c1RIACURRICULAR \/ REL\u00d3GIO (1920 X 50 ) \/ 60<\/strong><\/td><td nowrap=\"nowrap\" width=\"45\"><strong>1600<\/strong><\/td><\/tr><\/tbody><\/table>                        <\/div>\n                    <\/div>\n                                    <div class=\"tab-pane elementkit-tab-pane elementor-repeater-item-27cacb9 \" id=\"content-27cacb969dddd819ad6e\" role=\"tabpanel\"\n                         aria-labelledby=\"content-27cacb969dddd819ad6e-tab\">\n                        <div class=\"animated fadeIn\">\n                            <p>Em Breve<\/p>                        <\/div>\n                    <\/div>\n                                \n            <\/div>\n                    <\/div>\n    <\/div>\t\t\t\t<\/div>\n\t\t\t\t<\/div>\n\t\t\t\t<\/div>\n\t\t\t\t<\/div>\n\t\t<div class=\"elementor-element elementor-element-526f8ae e-con-full e-flex e-con e-child\" data-id=\"526f8ae\" data-element_type=\"container\" data-e-type=\"container\">\n\t\t<div class=\"elementor-element elementor-element-e2d49e7 e-con-full e-flex e-con e-child\" data-id=\"e2d49e7\" data-element_type=\"container\" data-e-type=\"container\" data-settings=\"{&quot;background_background&quot;:&quot;classic&quot;}\">\n\t\t\t\t<div class=\"elementor-element elementor-element-a9fdfc3 elementor-widget elementor-widget-heading\" data-id=\"a9fdfc3\" data-element_type=\"widget\" data-e-type=\"widget\" data-widget_type=\"heading.default\">\n\t\t\t\t<div class=\"elementor-widget-container\">\n\t\t\t\t\t<h2 class=\"elementor-heading-title elementor-size-default\">RELACIONADOS (EM BREVE)<\/h2>\t\t\t\t<\/div>\n\t\t\t\t<\/div>\n\t\t\t\t<\/div>\n\t\t<div class=\"elementor-element elementor-element-363e62f e-flex e-con-boxed e-con e-child\" data-id=\"363e62f\" data-element_type=\"container\" data-e-type=\"container\">\n\t\t\t\t\t<div class=\"e-con-inner\">\n\t\t\t\t\t<\/div>\n\t\t\t\t<\/div>\n\t\t\t\t<\/div>\n\t\t\t\t\t<\/div>\n\t\t\t\t<\/div>\n\t\t\t\t<\/div>\n\t\t","protected":false},"excerpt":{"rendered":"<p>Gest\u00e3o da Qualidade SOBRE O CURSO PERFIL DO EGRESSO OBJETIVOS ESTRUTURA CURRICULAR DOWNLOADS Voc\u00ea, como\u00a0Tecn\u00f3logo em Gest\u00e3o da Qualidade, estar\u00e1 apto a realizar avalia\u00e7\u00e3o sistem\u00e1tica dos procedimentos, pr\u00e1ticas e rotinas internas e externas de uma organiza\u00e7\u00e3o, dominando e aplicando as normas e padr\u00f5es referentes aos sistemas certific\u00e1veis. Objetiva melhorar a produtividade da empresa reduzindo desperd\u00edcios [&hellip;]<\/p>\n","protected":false},"author":1,"featured_media":0,"parent":0,"menu_order":0,"comment_status":"closed","ping_status":"closed","template":"","meta":{"footnotes":""},"class_list":["post-1424","page","type-page","status-publish","hentry"],"_links":{"self":[{"href":"https:\/\/unifacp.edu.br\/Home-page\/wp-json\/wp\/v2\/pages\/1424","targetHints":{"allow":["GET"]}}],"collection":[{"href":"https:\/\/unifacp.edu.br\/Home-page\/wp-json\/wp\/v2\/pages"}],"about":[{"href":"https:\/\/unifacp.edu.br\/Home-page\/wp-json\/wp\/v2\/types\/page"}],"author":[{"embeddable":true,"href":"https:\/\/unifacp.edu.br\/Home-page\/wp-json\/wp\/v2\/users\/1"}],"replies":[{"embeddable":true,"href":"https:\/\/unifacp.edu.br\/Home-page\/wp-json\/wp\/v2\/comments?post=1424"}],"version-history":[{"count":0,"href":"https:\/\/unifacp.edu.br\/Home-page\/wp-json\/wp\/v2\/pages\/1424\/revisions"}],"wp:attachment":[{"href":"https:\/\/unifacp.edu.br\/Home-page\/wp-json\/wp\/v2\/media?parent=1424"}],"curies":[{"name":"wp","href":"https:\/\/api.w.org\/{rel}","templated":true}]}}