{"id":1769,"date":"2025-04-02T15:54:59","date_gmt":"2025-04-02T15:54:59","guid":{"rendered":"https:\/\/unifacp.edu.br\/?page_id=1769"},"modified":"2025-10-21T18:27:32","modified_gmt":"2025-10-21T18:27:32","slug":"gestao-estrategica-de-negocios-pos","status":"publish","type":"page","link":"https:\/\/unifacp.edu.br\/Home-page\/gestao-estrategica-de-negocios-pos\/","title":{"rendered":"Gest\u00e3o Estrat\u00e9gica de Neg\u00f3cios P\u00f3s"},"content":{"rendered":"\t\t<div data-elementor-type=\"wp-page\" data-elementor-id=\"1769\" class=\"elementor elementor-1769\" data-elementor-post-type=\"page\">\n\t\t\t\t<div class=\"elementor-element elementor-element-7eeed05 e-flex e-con-boxed e-con e-parent\" data-id=\"7eeed05\" data-element_type=\"container\" data-e-type=\"container\">\n\t\t\t\t\t<div class=\"e-con-inner\">\n\t\t<div class=\"elementor-element elementor-element-7f5b9c2 e-con-full e-flex e-con e-child\" data-id=\"7f5b9c2\" data-element_type=\"container\" data-e-type=\"container\">\n\t\t\t\t<div class=\"elementor-element elementor-element-cbe3cf9 elementor-widget elementor-widget-image\" data-id=\"cbe3cf9\" data-element_type=\"widget\" data-e-type=\"widget\" data-widget_type=\"image.default\">\n\t\t\t\t<div class=\"elementor-widget-container\">\n\t\t\t\t\t\t\t\t\t\t\t\t\t\t\t<img fetchpriority=\"high\" decoding=\"async\" width=\"1280\" height=\"450\" src=\"https:\/\/unifacp.edu.br\/wp-content\/uploads\/2025\/07\/Gestao-Estrategica-de-Negocios.png\" class=\"attachment-full size-full wp-image-3069\" alt=\"Gest\u00e3o Estrat\u00e9gica de Neg\u00f3cios Banner\" srcset=\"https:\/\/unifacp.edu.br\/wp-content\/uploads\/2025\/07\/Gestao-Estrategica-de-Negocios.png 1280w, https:\/\/unifacp.edu.br\/wp-content\/uploads\/2025\/07\/Gestao-Estrategica-de-Negocios-300x105.png 300w, https:\/\/unifacp.edu.br\/wp-content\/uploads\/2025\/07\/Gestao-Estrategica-de-Negocios-1024x360.png 1024w, https:\/\/unifacp.edu.br\/wp-content\/uploads\/2025\/07\/Gestao-Estrategica-de-Negocios-768x270.png 768w\" sizes=\"(max-width: 1280px) 100vw, 1280px\" \/>\t\t\t\t\t\t\t\t\t\t\t\t\t\t\t<\/div>\n\t\t\t\t<\/div>\n\t\t\t\t<\/div>\n\t\t<div class=\"elementor-element elementor-element-ac770a3 e-con-full e-flex e-con e-child\" data-id=\"ac770a3\" data-element_type=\"container\" data-e-type=\"container\">\n\t\t<div class=\"elementor-element elementor-element-0e5dc6d e-con-full e-flex e-con e-child\" data-id=\"0e5dc6d\" data-element_type=\"container\" data-e-type=\"container\" data-settings=\"{&quot;background_background&quot;:&quot;classic&quot;}\">\n\t\t\t\t<div class=\"elementor-element elementor-element-1349ab6 elementor-widget elementor-widget-heading\" data-id=\"1349ab6\" data-element_type=\"widget\" data-e-type=\"widget\" data-widget_type=\"heading.default\">\n\t\t\t\t<div class=\"elementor-widget-container\">\n\t\t\t\t\t<h2 class=\"elementor-heading-title elementor-size-default\">Gest\u00e3o Estrat\u00e9gica de Neg\u00f3cios - P\u00f3s<\/h2>\t\t\t\t<\/div>\n\t\t\t\t<\/div>\n\t\t\t\t<\/div>\n\t\t<div class=\"elementor-element elementor-element-c2f6dfb e-con-full e-flex e-con e-child\" data-id=\"c2f6dfb\" data-element_type=\"container\" data-e-type=\"container\">\n\t\t\t\t<div class=\"elementor-element elementor-element-7e7cc15 elementor-widget elementor-widget-elementskit-simple-tab\" data-id=\"7e7cc15\" data-element_type=\"widget\" data-e-type=\"widget\" data-widget_type=\"elementskit-simple-tab.default\">\n\t\t\t\t<div class=\"elementor-widget-container\">\n\t\t\t\t\t<div class=\"ekit-wid-con\" >        <div class=\"elementkit-tab-wraper vertical  elementskit-fitcontent-tab \">\n            <ul class=\"nav nav-tabs elementkit-tab-nav  tab-nav-fluid\">\n                                    <li class=\"elementkit-nav-item elementor-repeater-item-08b6856\">\n                        <a class=\"elementkit-nav-link  active show left-pos\" id=\"content-08b685669ea196228e20-tab\" data-ekit-handler-id=\"sobre-o-curso\" data-ekit-toggle=\"tab\" data-target=\"#content-08b685669ea196228e20\" href=\"#Content-08b685669ea196228e20\"\n                            data-ekit-toggle-trigger=\"click\"\n                            aria-describedby=\"Content-08b685669ea196228e20\">\n                            <span class=\"elementskit-tab-icon\"><i class=\"icon icon-file-2\"><\/i><\/span>                            <span class=\"elementskit-tab-title\">SOBRE O CURSO<\/span>\n                        <\/a>\n                    <\/li>\n                                        <li class=\"elementkit-nav-item elementor-repeater-item-6451664\">\n                        <a class=\"elementkit-nav-link  left-pos\" id=\"content-645166469ea196228e20-tab\" data-ekit-handler-id=\"perfil-do-egresso\" data-ekit-toggle=\"tab\" data-target=\"#content-645166469ea196228e20\" href=\"#Content-645166469ea196228e20\"\n                            data-ekit-toggle-trigger=\"click\"\n                            aria-describedby=\"Content-645166469ea196228e20\">\n                            <span class=\"elementskit-tab-icon\"><i class=\"icon icon-id-card-1\"><\/i><\/span>                            <span class=\"elementskit-tab-title\">PERFIL DO EGRESSO<\/span>\n                        <\/a>\n                    <\/li>\n                                        <li class=\"elementkit-nav-item elementor-repeater-item-6e5479c\">\n                        <a class=\"elementkit-nav-link  left-pos\" id=\"content-6e5479c69ea196228e20-tab\" data-ekit-handler-id=\"objetivos\" data-ekit-toggle=\"tab\" data-target=\"#content-6e5479c69ea196228e20\" href=\"#Content-6e5479c69ea196228e20\"\n                            data-ekit-toggle-trigger=\"click\"\n                            aria-describedby=\"Content-6e5479c69ea196228e20\">\n                            <span class=\"elementskit-tab-icon\"><i class=\"icon icon-smart\"><\/i><\/span>                            <span class=\"elementskit-tab-title\">OBJETIVOS<\/span>\n                        <\/a>\n                    <\/li>\n                                        <li class=\"elementkit-nav-item elementor-repeater-item-8501b50\">\n                        <a class=\"elementkit-nav-link  left-pos\" id=\"content-8501b5069ea196228e20-tab\" data-ekit-handler-id=\"estrutura-curricular\" data-ekit-toggle=\"tab\" data-target=\"#content-8501b5069ea196228e20\" href=\"#Content-8501b5069ea196228e20\"\n                            data-ekit-toggle-trigger=\"click\"\n                            aria-describedby=\"Content-8501b5069ea196228e20\">\n                            <span class=\"elementskit-tab-icon\"><i class=\"icon icon-contract\"><\/i><\/span>                            <span class=\"elementskit-tab-title\">ESTRUTURA CURRICULAR<\/span>\n                        <\/a>\n                    <\/li>\n                                        <li class=\"elementkit-nav-item elementor-repeater-item-27cacb9\">\n                        <a class=\"elementkit-nav-link  left-pos\" id=\"content-27cacb969ea196228e20-tab\" data-ekit-handler-id=\"downloads\" data-ekit-toggle=\"tab\" data-target=\"#content-27cacb969ea196228e20\" href=\"#Content-27cacb969ea196228e20\"\n                            data-ekit-toggle-trigger=\"click\"\n                            aria-describedby=\"Content-27cacb969ea196228e20\">\n                            <span class=\"elementskit-tab-icon\"><i class=\"icon icon-download\"><\/i><\/span>                            <span class=\"elementskit-tab-title\">DOWNLOADS<\/span>\n                        <\/a>\n                    <\/li>\n                                <\/ul>\n\n            <div class=\"tab-content elementkit-tab-content\">\n                                    <div class=\"tab-pane elementkit-tab-pane elementor-repeater-item-08b6856  active show\" id=\"content-08b685669ea196228e20\" role=\"tabpanel\"\n                         aria-labelledby=\"content-08b685669ea196228e20-tab\">\n                        <div class=\"animated fadeIn\">\n                            <p><span style=\"font-weight: 400; color: #000000;\"><strong>Tipo do Curso:<\/strong> P\u00f3s-Gradua\u00e7\u00e3o Lato Sensu (Especializa\u00e7\u00e3o)<\/span><\/p><p><span style=\"font-weight: 400; color: #000000;\"><strong>Nome do Curso<\/strong>: GEST\u00c3O ESTRAT\u00c9GICA DE NEG\u00d3CIOS<\/span><\/p><p><span style=\"font-weight: 400; color: #000000;\"><strong>Vinculado ao curso<\/strong>: ADMINISTRA\u00c7\u00c3O DE EMPRESAS<\/span><\/p><p><span style=\"font-weight: 400; color: #000000;\"><strong>T\u00edtulo<\/strong>: Especialista em Gest\u00e3o Estrat\u00e9gica de Neg\u00f3cios<\/span><\/p><p><span style=\"font-weight: 400; color: #000000;\"><strong>Modalidade do curso<\/strong>: EAD\u00a0<\/span><\/p><p><span style=\"font-weight: 400; color: #000000;\"><strong>Carga Hor\u00e1ria:<\/strong> 380 horas<\/span><\/p><p><span style=\"font-weight: 400; color: #000000;\"><strong>Dura\u00e7\u00e3o<\/strong>: 18 meses<\/span><\/p><p><span style=\"color: #000000;\"><b>Coordena\u00e7\u00e3o: <\/b><span style=\"font-weight: 400;\">Profa. Dra. Neyde Lopes de Souza. Possui mestrado em Administra\u00e7\u00e3o conclu\u00eddo, em 2000, na Universidade Metodista de S\u00e3o Paulo \u2013 UMESP e doutorado em Sociologia pela Pontif\u00edcia Universidade Cat\u00f3lica de S\u00e3o Paulo &#8211; PUCSP, em 2004. <\/span><\/span><\/p><h3><span style=\"font-weight: 400; color: #000000;\">Desconto de 10% para ex-alunos<\/span><\/h3>                        <\/div>\n                    <\/div>\n                                    <div class=\"tab-pane elementkit-tab-pane elementor-repeater-item-6451664 \" id=\"content-645166469ea196228e20\" role=\"tabpanel\"\n                         aria-labelledby=\"content-645166469ea196228e20-tab\">\n                        <div class=\"animated fadeIn\">\n                            <h4><b>Perfil do Egresso<br \/><\/b><\/h4><p>Ao concluir a P\u00f3s-Gradua\u00e7\u00e3o em Gest\u00e3o Estrat\u00e9gica de Neg\u00f3cios da UNIFACP, o egresso ser\u00e1 um especialista com uma vis\u00e3o hol\u00edstica e integrada das organiza\u00e7\u00f5es, apto a enfrentar os desafios do mercado contempor\u00e2neo.<\/p><p>O perfil do egresso inclui as seguintes compet\u00eancias:<\/p><ul><li><p><b>Vis\u00e3o Estrat\u00e9gica:<\/b>\u00a0Capacidade de analisar cen\u00e1rios econ\u00f4micos complexos\u00a0e aplicar modelos de gest\u00e3o estrat\u00e9gica para aumentar a competitividade das empresas.<\/p><\/li><li><p><b>Lideran\u00e7a e Gest\u00e3o de Pessoas:<\/b>\u00a0Habilidade para desenvolver e liderar equipes de alta performance, promovendo um clima organizacional positivo.<\/p><\/li><li><p><b>Inova\u00e7\u00e3o e Empreendedorismo:<\/b>\u00a0Compet\u00eancia para criar novos modelos de neg\u00f3cio e fomentar uma cultura de inova\u00e7\u00e3o dentro das organiza\u00e7\u00f5es.<\/p><\/li><li><p><b>Tomada de Decis\u00e3o Baseada em Dados:<\/b>\u00a0Aptid\u00e3o para utilizar ferramentas de finan\u00e7as corporativas\u00a0e gest\u00e3o estrat\u00e9gica de custos para embasar decis\u00f5es de investimento e financiamento.<\/p><\/li><li><p><b>Conhecimento em Governan\u00e7a e Compliance:<\/b>\u00a0Compreens\u00e3o sobre gest\u00e3o de riscos, sustentabilidade\u00a0e a nova vis\u00e3o jur\u00eddica do compliance, garantindo a conformidade e a perenidade do neg\u00f3cio.<\/p><\/li><li><p><b>Orienta\u00e7\u00e3o para Resultados:<\/b>\u00a0Perfil profissional focado em resultados, com habilidades pr\u00e1ticas desenvolvidas por meio de estudos de caso que aproximam a teoria da realidade profissional.<\/p><\/li><\/ul><p>O especialista formado por este curso estar\u00e1 preparado para atuar em diversas \u00e1reas da gest\u00e3o empresarial, seja em posi\u00e7\u00f5es de lideran\u00e7a, consultoria ou no desenvolvimento do seu pr\u00f3prio empreendimento.<\/p>                        <\/div>\n                    <\/div>\n                                    <div class=\"tab-pane elementkit-tab-pane elementor-repeater-item-6e5479c \" id=\"content-6e5479c69ea196228e20\" role=\"tabpanel\"\n                         aria-labelledby=\"content-6e5479c69ea196228e20-tab\">\n                        <div class=\"animated fadeIn\">\n                            <h4><b>Objetivos<\/b><\/h4><ul><li><p>Capacitar profissionais com conhecimentos e habilidades para atuar em diversas \u00e1reas da gest\u00e3o empresarial, com foco em inova\u00e7\u00e3o, estrat\u00e9gia e resultados.<\/p><\/li><li><p>Desenvolver nos profissionais um perfil de compet\u00eancias alinhado com os novos modelos de gest\u00e3o de neg\u00f3cios, a partir da amplia\u00e7\u00e3o de seu repert\u00f3rio conceitual, metodol\u00f3gico e pr\u00e1tico.<\/p><\/li><li><p>Aplicar modelos de gest\u00e3o estrat\u00e9gica adequados \u00e0s oportunidades e desafios existentes no mercado, considerando os diferentes sistemas administrativos das organiza\u00e7\u00f5es, visando contribuir para a competitividade das empresas.<\/p><\/li><\/ul>                        <\/div>\n                    <\/div>\n                                    <div class=\"tab-pane elementkit-tab-pane elementor-repeater-item-8501b50 \" id=\"content-8501b5069ea196228e20\" role=\"tabpanel\"\n                         aria-labelledby=\"content-8501b5069ea196228e20-tab\">\n                        <div class=\"animated fadeIn\">\n                            <table><thead><tr><th colspan=\"2\"><p><b>M\u00f3dulo I \u2013 N\u00facleo de Forma\u00e7\u00e3o Geral<\/b><\/p><\/th><\/tr><\/thead><tbody><tr><td><p><b>Nome da Disciplina<\/b><\/p><\/td><td><p><b>Carga Hor\u00e1ria<\/b><\/p><\/td><\/tr><tr><td><p><span style=\"font-weight: 400;\">\u00c9tica e responsabilidade social<\/span><\/p><\/td><td><p><span style=\"font-weight: 400;\">24h<\/span><\/p><\/td><\/tr><tr><td><p><span style=\"font-weight: 400;\">Comunica\u00e7\u00e3o, comportamento organizacional e lideran\u00e7a<\/span><\/p><\/td><td><p><span style=\"font-weight: 400;\">24h<\/span><\/p><\/td><\/tr><tr><td><p><span style=\"font-weight: 400;\">Comportamento Organizacional: A Din\u00e2mica das Rela\u00e7\u00f5es e dos Interesses<\/span><\/p><\/td><td><p><span style=\"font-weight: 400;\">24h<\/span><\/p><\/td><\/tr><tr><td><p><span style=\"font-weight: 400;\">Direito empresarial para gestores\u00a0<\/span><\/p><\/td><td><p><span style=\"font-weight: 400;\">24h<\/span><\/p><\/td><\/tr><tr><td><p><span style=\"font-weight: 400;\">Planejamento estrat\u00e9gico\u00a0<\/span><\/p><\/td><td><p><span style=\"font-weight: 400;\">24h<\/span><\/p><\/td><\/tr><tr><td><p><i><span style=\"font-weight: 400;\">Carga Hor\u00e1ria do M\u00f3dulo I<\/span><\/i><\/p><\/td><td><p><i><span style=\"font-weight: 400;\">120h<\/span><\/i><\/p><\/td><\/tr><tr><td>\u00a0<\/td><td>\u00a0<\/td><\/tr><tr><td colspan=\"2\"><p><b>M\u00f3dulo II \u2013 N\u00facleo de Forma\u00e7\u00e3o Espec\u00edfica<\/b><\/p><\/td><\/tr><tr><td><p><b>Nome da Disciplina<\/b><\/p><\/td><td><p><b>Carga Hor\u00e1ria<\/b><\/p><\/td><\/tr><tr><td><p><span style=\"font-weight: 400;\">Qualidade de Vida no Trabalho<\/span><\/p><\/td><td><p><span style=\"font-weight: 400;\">24h<\/span><\/p><\/td><\/tr><tr><td><p><span style=\"font-weight: 400;\">Metodologia da Pesquisa e do Trabalho Cient\u00edfico<\/span><\/p><\/td><td><p><span style=\"font-weight: 400;\">24h<\/span><\/p><\/td><\/tr><tr><td><p><span style=\"font-weight: 400;\">Gest\u00e3o do conhecimento e de compet\u00eancias<\/span><\/p><\/td><td><p><span style=\"font-weight: 400;\">24h<\/span><\/p><\/td><\/tr><tr><td><p><span style=\"font-weight: 400;\">Coaching e Mentoring<\/span><\/p><\/td><td><p><span style=\"font-weight: 400;\">24h<\/span><\/p><\/td><\/tr><tr><td><p><span style=\"font-weight: 400;\">Gerenciamento de Projetos\u00a0<\/span><\/p><\/td><td><p><span style=\"font-weight: 400;\">24h<\/span><\/p><\/td><\/tr><tr><td><p><i><span style=\"font-weight: 400;\">Carga Hor\u00e1ria do M\u00f3dulo II<\/span><\/i><\/p><\/td><td><p><i><span style=\"font-weight: 400;\">120h<\/span><\/i><\/p><\/td><\/tr><tr><td>\u00a0<\/td><td>\u00a0<\/td><\/tr><tr><td colspan=\"2\"><p><b>M\u00f3dulo III \u2013 N\u00facleo de Forma\u00e7\u00e3o Espec\u00edfica<\/b><\/p><\/td><\/tr><tr><td><p><b>Nome da Disciplina<\/b><\/p><\/td><td><p><b>Carga Hor\u00e1ria<\/b><\/p><\/td><\/tr><tr><td><p><span style=\"font-weight: 400;\">Organiza\u00e7\u00e3o do Futuro e Gest\u00e3o do Conhecimento<\/span><\/p><\/td><td><p><span style=\"font-weight: 400;\">24h<\/span><\/p><\/td><\/tr><tr><td><p><span style=\"font-weight: 400;\">Finan\u00e7as Corporativas\u00a0<\/span><\/p><\/td><td><p><span style=\"font-weight: 400;\">24h<\/span><\/p><\/td><\/tr><tr><td><p><span style=\"font-weight: 400;\">Marketing de Servi\u00e7os<\/span><\/p><\/td><td><p><span style=\"font-weight: 400;\">24h<\/span><\/p><\/td><\/tr><tr><td><p><span style=\"font-weight: 400;\">Or\u00e7amento Empresarial e Controle\u00a0<\/span><\/p><\/td><td><p><span style=\"font-weight: 400;\">24h<\/span><\/p><\/td><\/tr><tr><td><p><span style=\"font-weight: 400;\">Jogos de Neg\u00f3cios\u00a0<\/span><\/p><\/td><td><p><span style=\"font-weight: 400;\">24h<\/span><\/p><\/td><\/tr><tr><td><p><span style=\"font-weight: 400;\">Elabora\u00e7\u00e3o do Trabalho de Conclus\u00e3o de Curso<\/span><\/p><\/td><td><p><i><span style=\"font-weight: 400;\">20h<\/span><\/i><\/p><\/td><\/tr><tr><td><p><i><span style=\"font-weight: 400;\">Carga Hor\u00e1ria do M\u00f3dulo III<\/span><\/i><\/p><\/td><td><p><i><span style=\"font-weight: 400;\">140<\/span><\/i><\/p><\/td><\/tr><tr><td><p><b>Carga Hor\u00e1ria Total<\/b><\/p><\/td><td><p><b>380h<\/b><\/p><\/td><\/tr><\/tbody><\/table>                        <\/div>\n                    <\/div>\n                                    <div class=\"tab-pane elementkit-tab-pane elementor-repeater-item-27cacb9 \" id=\"content-27cacb969ea196228e20\" role=\"tabpanel\"\n                         aria-labelledby=\"content-27cacb969ea196228e20-tab\">\n                        <div class=\"animated fadeIn\">\n                            <p>Em Breve<\/p>                        <\/div>\n                    <\/div>\n                                \n            <\/div>\n                    <\/div>\n    <\/div>\t\t\t\t<\/div>\n\t\t\t\t<\/div>\n\t\t\t\t<\/div>\n\t\t\t\t<\/div>\n\t\t\t\t\t<\/div>\n\t\t\t\t<\/div>\n\t\t\t\t<\/div>\n\t\t","protected":false},"excerpt":{"rendered":"<p>Gest\u00e3o Estrat\u00e9gica de Neg\u00f3cios &#8211; P\u00f3s SOBRE O CURSO PERFIL DO EGRESSO OBJETIVOS ESTRUTURA CURRICULAR DOWNLOADS Tipo do Curso: P\u00f3s-Gradua\u00e7\u00e3o Lato Sensu (Especializa\u00e7\u00e3o) Nome do Curso: GEST\u00c3O ESTRAT\u00c9GICA DE NEG\u00d3CIOS Vinculado ao curso: ADMINISTRA\u00c7\u00c3O DE EMPRESAS T\u00edtulo: Especialista em Gest\u00e3o Estrat\u00e9gica de Neg\u00f3cios Modalidade do curso: EAD\u00a0 Carga Hor\u00e1ria: 380 horas Dura\u00e7\u00e3o: 18 meses Coordena\u00e7\u00e3o: [&hellip;]<\/p>\n","protected":false},"author":1,"featured_media":0,"parent":0,"menu_order":0,"comment_status":"closed","ping_status":"closed","template":"","meta":{"footnotes":""},"class_list":["post-1769","page","type-page","status-publish","hentry"],"_links":{"self":[{"href":"https:\/\/unifacp.edu.br\/Home-page\/wp-json\/wp\/v2\/pages\/1769","targetHints":{"allow":["GET"]}}],"collection":[{"href":"https:\/\/unifacp.edu.br\/Home-page\/wp-json\/wp\/v2\/pages"}],"about":[{"href":"https:\/\/unifacp.edu.br\/Home-page\/wp-json\/wp\/v2\/types\/page"}],"author":[{"embeddable":true,"href":"https:\/\/unifacp.edu.br\/Home-page\/wp-json\/wp\/v2\/users\/1"}],"replies":[{"embeddable":true,"href":"https:\/\/unifacp.edu.br\/Home-page\/wp-json\/wp\/v2\/comments?post=1769"}],"version-history":[{"count":0,"href":"https:\/\/unifacp.edu.br\/Home-page\/wp-json\/wp\/v2\/pages\/1769\/revisions"}],"wp:attachment":[{"href":"https:\/\/unifacp.edu.br\/Home-page\/wp-json\/wp\/v2\/media?parent=1769"}],"curies":[{"name":"wp","href":"https:\/\/api.w.org\/{rel}","templated":true}]}}