{"id":1783,"date":"2025-04-02T16:00:20","date_gmt":"2025-04-02T16:00:20","guid":{"rendered":"https:\/\/unifacp.edu.br\/?page_id=1783"},"modified":"2025-10-21T18:25:11","modified_gmt":"2025-10-21T18:25:11","slug":"gestao-estrategica-de-pessoas-pos","status":"publish","type":"page","link":"https:\/\/unifacp.edu.br\/Home-page\/gestao-estrategica-de-pessoas-pos\/","title":{"rendered":"Gest\u00e3o Estrat\u00e9gica de Pessoas P\u00f3s"},"content":{"rendered":"\t\t<div data-elementor-type=\"wp-page\" data-elementor-id=\"1783\" class=\"elementor elementor-1783\" data-elementor-post-type=\"page\">\n\t\t\t\t<div class=\"elementor-element elementor-element-48ff1e5 e-flex e-con-boxed e-con e-parent\" data-id=\"48ff1e5\" data-element_type=\"container\" data-e-type=\"container\">\n\t\t\t\t\t<div class=\"e-con-inner\">\n\t\t<div class=\"elementor-element elementor-element-c67c309 e-con-full e-flex e-con e-child\" data-id=\"c67c309\" data-element_type=\"container\" data-e-type=\"container\">\n\t\t\t\t<div class=\"elementor-element elementor-element-2560955 elementor-widget elementor-widget-image\" data-id=\"2560955\" data-element_type=\"widget\" data-e-type=\"widget\" data-widget_type=\"image.default\">\n\t\t\t\t<div class=\"elementor-widget-container\">\n\t\t\t\t\t\t\t\t\t\t\t\t\t\t\t<img fetchpriority=\"high\" decoding=\"async\" width=\"1280\" height=\"450\" src=\"https:\/\/unifacp.edu.br\/wp-content\/uploads\/2025\/07\/Gestao-de-Pessoas-Banner.png\" class=\"attachment-full size-full wp-image-3070\" alt=\"Gest\u00e3o de Pessoas Banner\" srcset=\"https:\/\/unifacp.edu.br\/wp-content\/uploads\/2025\/07\/Gestao-de-Pessoas-Banner.png 1280w, https:\/\/unifacp.edu.br\/wp-content\/uploads\/2025\/07\/Gestao-de-Pessoas-Banner-300x105.png 300w, https:\/\/unifacp.edu.br\/wp-content\/uploads\/2025\/07\/Gestao-de-Pessoas-Banner-1024x360.png 1024w, https:\/\/unifacp.edu.br\/wp-content\/uploads\/2025\/07\/Gestao-de-Pessoas-Banner-768x270.png 768w\" sizes=\"(max-width: 1280px) 100vw, 1280px\" \/>\t\t\t\t\t\t\t\t\t\t\t\t\t\t\t<\/div>\n\t\t\t\t<\/div>\n\t\t\t\t<\/div>\n\t\t<div class=\"elementor-element elementor-element-6a16a71 e-con-full e-flex e-con e-child\" data-id=\"6a16a71\" data-element_type=\"container\" data-e-type=\"container\">\n\t\t<div class=\"elementor-element elementor-element-9aa077a e-con-full e-flex e-con e-child\" data-id=\"9aa077a\" data-element_type=\"container\" data-e-type=\"container\" data-settings=\"{&quot;background_background&quot;:&quot;classic&quot;}\">\n\t\t\t\t<div class=\"elementor-element elementor-element-ebba463 elementor-widget elementor-widget-heading\" data-id=\"ebba463\" data-element_type=\"widget\" data-e-type=\"widget\" data-widget_type=\"heading.default\">\n\t\t\t\t<div class=\"elementor-widget-container\">\n\t\t\t\t\t<h2 class=\"elementor-heading-title elementor-size-default\">Gest\u00e3o Estrat\u00e9gica de Pessoas - P\u00f3s<\/h2>\t\t\t\t<\/div>\n\t\t\t\t<\/div>\n\t\t\t\t<\/div>\n\t\t<div class=\"elementor-element elementor-element-926107c e-con-full e-flex e-con e-child\" data-id=\"926107c\" data-element_type=\"container\" data-e-type=\"container\">\n\t\t\t\t<div class=\"elementor-element elementor-element-af0973a elementor-widget elementor-widget-elementskit-simple-tab\" data-id=\"af0973a\" data-element_type=\"widget\" data-e-type=\"widget\" data-widget_type=\"elementskit-simple-tab.default\">\n\t\t\t\t<div class=\"elementor-widget-container\">\n\t\t\t\t\t<div class=\"ekit-wid-con\" >        <div class=\"elementkit-tab-wraper vertical  elementskit-fitcontent-tab \">\n            <ul class=\"nav nav-tabs elementkit-tab-nav  tab-nav-fluid\">\n                                    <li class=\"elementkit-nav-item elementor-repeater-item-08b6856\">\n                        <a class=\"elementkit-nav-link  active show left-pos\" id=\"content-08b685669ea19621eb0b-tab\" data-ekit-handler-id=\"sobre-o-curso\" data-ekit-toggle=\"tab\" data-target=\"#content-08b685669ea19621eb0b\" href=\"#Content-08b685669ea19621eb0b\"\n                            data-ekit-toggle-trigger=\"click\"\n                            aria-describedby=\"Content-08b685669ea19621eb0b\">\n                            <span class=\"elementskit-tab-icon\"><i class=\"icon icon-file-2\"><\/i><\/span>                            <span class=\"elementskit-tab-title\">SOBRE O CURSO<\/span>\n                        <\/a>\n                    <\/li>\n                                        <li class=\"elementkit-nav-item elementor-repeater-item-6451664\">\n                        <a class=\"elementkit-nav-link  left-pos\" id=\"content-645166469ea19621eb0b-tab\" data-ekit-handler-id=\"perfil-do-egresso\" data-ekit-toggle=\"tab\" data-target=\"#content-645166469ea19621eb0b\" href=\"#Content-645166469ea19621eb0b\"\n                            data-ekit-toggle-trigger=\"click\"\n                            aria-describedby=\"Content-645166469ea19621eb0b\">\n                            <span class=\"elementskit-tab-icon\"><i class=\"icon icon-id-card-1\"><\/i><\/span>                            <span class=\"elementskit-tab-title\">PERFIL DO EGRESSO<\/span>\n                        <\/a>\n                    <\/li>\n                                        <li class=\"elementkit-nav-item elementor-repeater-item-6e5479c\">\n                        <a class=\"elementkit-nav-link  left-pos\" id=\"content-6e5479c69ea19621eb0b-tab\" data-ekit-handler-id=\"objetivos\" data-ekit-toggle=\"tab\" data-target=\"#content-6e5479c69ea19621eb0b\" href=\"#Content-6e5479c69ea19621eb0b\"\n                            data-ekit-toggle-trigger=\"click\"\n                            aria-describedby=\"Content-6e5479c69ea19621eb0b\">\n                            <span class=\"elementskit-tab-icon\"><i class=\"icon icon-smart\"><\/i><\/span>                            <span class=\"elementskit-tab-title\">OBJETIVOS<\/span>\n                        <\/a>\n                    <\/li>\n                                        <li class=\"elementkit-nav-item elementor-repeater-item-8501b50\">\n                        <a class=\"elementkit-nav-link  left-pos\" id=\"content-8501b5069ea19621eb0b-tab\" data-ekit-handler-id=\"estrutura-curricular\" data-ekit-toggle=\"tab\" data-target=\"#content-8501b5069ea19621eb0b\" href=\"#Content-8501b5069ea19621eb0b\"\n                            data-ekit-toggle-trigger=\"click\"\n                            aria-describedby=\"Content-8501b5069ea19621eb0b\">\n                            <span class=\"elementskit-tab-icon\"><i class=\"icon icon-contract\"><\/i><\/span>                            <span class=\"elementskit-tab-title\">ESTRUTURA CURRICULAR<\/span>\n                        <\/a>\n                    <\/li>\n                                        <li class=\"elementkit-nav-item elementor-repeater-item-27cacb9\">\n                        <a class=\"elementkit-nav-link  left-pos\" id=\"content-27cacb969ea19621eb0b-tab\" data-ekit-handler-id=\"downloads\" data-ekit-toggle=\"tab\" data-target=\"#content-27cacb969ea19621eb0b\" href=\"#Content-27cacb969ea19621eb0b\"\n                            data-ekit-toggle-trigger=\"click\"\n                            aria-describedby=\"Content-27cacb969ea19621eb0b\">\n                            <span class=\"elementskit-tab-icon\"><i class=\"icon icon-download\"><\/i><\/span>                            <span class=\"elementskit-tab-title\">DOWNLOADS<\/span>\n                        <\/a>\n                    <\/li>\n                                <\/ul>\n\n            <div class=\"tab-content elementkit-tab-content\">\n                                    <div class=\"tab-pane elementkit-tab-pane elementor-repeater-item-08b6856  active show\" id=\"content-08b685669ea19621eb0b\" role=\"tabpanel\"\n                         aria-labelledby=\"content-08b685669ea19621eb0b-tab\">\n                        <div class=\"animated fadeIn\">\n                            <ul><li><p><b>Tipo do Curso:<\/b><span style=\"font-weight: 400;\"> P\u00f3s-Gradua\u00e7\u00e3o Lato Sensu (Especializa\u00e7\u00e3o)<\/span><\/p><\/li><li><p><b>Nome do Curso:<\/b><span style=\"font-weight: 400;\"> GEST\u00c3O ESTRAT\u00c9GICA DE PESSOAS<\/span><\/p><\/li><li><p><b>Vinculado ao curso:<\/b><span style=\"font-weight: 400;\"> ADMINISTRA\u00c7\u00c3O DE EMPRESAS<\/span><\/p><\/li><li><p><b>T\u00edtulo:<\/b><span style=\"font-weight: 400;\"> Especialista em Gest\u00e3o Estrat\u00e9gica de Pessoas<\/span><\/p><\/li><li><b>Modalidade do curso:<\/b><span style=\"font-weight: 400;\"> EAD\u00a0<\/span><\/li><li><p><b>Carga Hor\u00e1ria:<\/b><span style=\"font-weight: 400;\"> 380 horas<\/span><\/p><\/li><li><p><b>Dura\u00e7\u00e3o:<\/b><span style=\"font-weight: 400;\"> 18 meses<\/span><\/p><\/li><li><p><b>Valor:<\/b><span style=\"font-weight: 400;\"> R$ 280,00\/m\u00eas<\/span><\/p><\/li><li><p><b>Desconto<\/b><span>: 10% para ex-alunos<\/span><\/p><\/li><li><div><b>Coordena\u00e7\u00e3o: <\/b><span style=\"font-weight: 400;\">Profa. Dra. Neyde Lopes de Souza. Possui mestrado em Administra\u00e7\u00e3o conclu\u00eddo, em 2000, na Universidade Metodista de S\u00e3o Paulo \u2013 UMESP e doutorado em Sociologia pela Pontif\u00edcia Universidade Cat\u00f3lica de S\u00e3o Paulo &#8211; PUCSP, em 2004.\u00a0<\/span><\/div><\/li><\/ul>                        <\/div>\n                    <\/div>\n                                    <div class=\"tab-pane elementkit-tab-pane elementor-repeater-item-6451664 \" id=\"content-645166469ea19621eb0b\" role=\"tabpanel\"\n                         aria-labelledby=\"content-645166469ea19621eb0b-tab\">\n                        <div class=\"animated fadeIn\">\n                            <div><h3>Perfil do Egresso<\/h3><p>Ao concluir a P\u00f3s-Gradua\u00e7\u00e3o em\u00a0<b>Gest\u00e3o Estrat\u00e9gica de Pessoas<\/b>\u00a0da UNIFACP, o profissional estar\u00e1 apto a atuar de forma estrat\u00e9gica e inovadora na \u00e1rea de Recursos Humanos.<\/p><p>O egresso ser\u00e1 capaz de:<\/p><ul><li><p>Planejar e implementar estrat\u00e9gias eficazes para a gest\u00e3o de pessoas, alinhando-as aos objetivos e \u00e0 cultura da organiza\u00e7\u00e3o.<\/p><\/li><li><p>Conduzir processos de recrutamento, sele\u00e7\u00e3o, treinamento e desenvolvimento de talentos, utilizando ferramentas de gest\u00e3o por compet\u00eancias e avalia\u00e7\u00e3o de desempenho.<\/p><\/li><li><p>Exercer uma lideran\u00e7a humanizada e inspiradora, aplicando conceitos de intelig\u00eancia emocional para promover a motiva\u00e7\u00e3o e o engajamento das equipes.<\/p><\/li><li><p>Gerenciar o clima e a cultura organizacional, utilizando t\u00e9cnicas de comunica\u00e7\u00e3o, negocia\u00e7\u00e3o e gest\u00e3o de conflitos para criar um ambiente de trabalho produtivo e saud\u00e1vel.<\/p><\/li><li><p>Atuar com base em s\u00f3lidos conhecimentos sobre legisla\u00e7\u00e3o trabalhista, responsabilidade social e governan\u00e7a ambiental, social e corporativa (ESG), pautando sua pr\u00e1tica pela \u00e9tica profissional.<\/p><\/li><\/ul><\/div><div>\u00a0<\/div>                        <\/div>\n                    <\/div>\n                                    <div class=\"tab-pane elementkit-tab-pane elementor-repeater-item-6e5479c \" id=\"content-6e5479c69ea19621eb0b\" role=\"tabpanel\"\n                         aria-labelledby=\"content-6e5479c69ea19621eb0b-tab\">\n                        <div class=\"animated fadeIn\">\n                            <h3>Objetivos<\/h3><p>O curso de P\u00f3s-Gradua\u00e7\u00e3o em\u00a0<b>Gest\u00e3o Estrat\u00e9gica de Pessoas<\/b>\u00a0da UNIFACP foi estruturado para fornecer aos alunos as compet\u00eancias e habilidades necess\u00e1rias para uma atua\u00e7\u00e3o de destaque no mercado. Nossos objetivos principais s\u00e3o:<\/p><ul><li><p>Capacitar profissionais para planejar e implementar estrat\u00e9gias eficazes de gest\u00e3o de pessoas.<\/p><\/li><li><p>Desenvolver compet\u00eancias em recrutamento, sele\u00e7\u00e3o, treinamento e reten\u00e7\u00e3o de talentos.<\/p><\/li><li><p>Promover habilidades de lideran\u00e7a, motiva\u00e7\u00e3o e engajamento de equipes.<\/p><\/li><li><p>Alinhar a gest\u00e3o de pessoas \u00e0 cultura organizacional e aos objetivos estrat\u00e9gicos da empresa.<\/p><\/li><\/ul>                        <\/div>\n                    <\/div>\n                                    <div class=\"tab-pane elementkit-tab-pane elementor-repeater-item-8501b50 \" id=\"content-8501b5069ea19621eb0b\" role=\"tabpanel\"\n                         aria-labelledby=\"content-8501b5069ea19621eb0b-tab\">\n                        <div class=\"animated fadeIn\">\n                            <table><tbody><tr><td><p><b>M\u00f3dulo I \u2013 N\u00facleo de Forma\u00e7\u00e3o Geral<\/b><\/p><\/td><\/tr><tr><td><p><b>Nome da Disciplina\u00a0<\/b><\/p><\/td><td><p><b>Carga Hor\u00e1ria<\/b><\/p><\/td><\/tr><tr><td><p><span style=\"font-weight: 400;\">\u00c9tica e Responsabilidade Social\u00a0<\/span><\/p><\/td><td><p><b>24h<\/b><\/p><\/td><\/tr><tr><td><p><span style=\"font-weight: 400;\">Comunica\u00e7\u00e3o, Comportamento Organizacional e Lideran\u00e7a\u00a0<\/span><\/p><\/td><td><p><b>24h<\/b><\/p><\/td><\/tr><tr><td><p><span style=\"font-weight: 400;\">Comportamento Organizacional: A din\u00e2mica das rela\u00e7\u00f5es e dos interesses<\/span><\/p><\/td><td><p><b>24h<\/b><\/p><\/td><\/tr><tr><td><p><span style=\"font-weight: 400;\">Direito Empresarial para Gestores\u00a0<\/span><\/p><\/td><td><p><b>24h<\/b><\/p><\/td><\/tr><tr><td><p><span style=\"font-weight: 400;\">Planejamento Estrat\u00e9gico\u00a0<\/span><\/p><\/td><td><p><b>24h<\/b><\/p><\/td><\/tr><tr><td><p><b>CARGA HOR\u00c1RIA DO M\u00d3DULO I\u00a0<\/b><\/p><\/td><td><p><b><i>120h<\/i><\/b><\/p><\/td><\/tr><tr><td>\u00a0<\/td><td>\u00a0<\/td><\/tr><tr><td><p><b>M\u00f3dulo II \u2013 N\u00facleo de Forma\u00e7\u00e3o Espec\u00edfica<\/b><\/p><\/td><td>\u00a0<\/td><\/tr><tr><td><p><b>Nome da Disciplina\u00a0<\/b><\/p><\/td><td><p><b>Carga Hor\u00e1ria<\/b><\/p><\/td><\/tr><tr><td><p><span style=\"font-weight: 400;\">Qualidade de Vida no Trabalho\u00a0<\/span><\/p><\/td><td><p><b>24h<\/b><\/p><\/td><\/tr><tr><td><p><span style=\"font-weight: 400;\">Coaching e Mentoring\u00a0<\/span><\/p><\/td><td><p><b>24h<\/b><\/p><\/td><\/tr><tr><td><p><span style=\"font-weight: 400;\">Metodologia da Pesquisa e do Trabalho Cient\u00edfico\u00a0<\/span><\/p><\/td><td><p><b>24h<\/b><\/p><\/td><\/tr><tr><td><p><span style=\"font-weight: 400;\">Gest\u00e3o do Conhecimento e de Compet\u00eancias\u00a0<\/span><\/p><\/td><td><p><b>24h<\/b><\/p><\/td><\/tr><tr><td><p><span style=\"font-weight: 400;\">Gerenciamento de Projetos\u00a0<\/span><\/p><\/td><td><p><b>24h<\/b><\/p><\/td><\/tr><tr><td><p><b>CARGA HOR\u00c1RIA DO M\u00d3DULO II\u00a0<\/b><\/p><\/td><td><p><b><i>120h<\/i><\/b><\/p><\/td><\/tr><tr><td>\u00a0<\/td><td>\u00a0<\/td><\/tr><tr><td><p><b>M\u00f3dulo III \u2013 N\u00facleo de Forma\u00e7\u00e3o Espec\u00edfica<\/b><\/p><\/td><td>\u00a0<\/td><\/tr><tr><td><p><b>Nome da Disciplina\u00a0<\/b><\/p><\/td><td><p><b>Carga Hor\u00e1ria<\/b><\/p><\/td><\/tr><tr><td><p><span style=\"font-weight: 400;\">Organiza\u00e7\u00f5es do Futuro e Gest\u00e3o do Conhecimento\u00a0<\/span><\/p><\/td><td><p><b>24h<\/b><\/p><\/td><\/tr><tr><td><p><span style=\"font-weight: 400;\">Remunera\u00e7\u00e3o Estrat\u00e9gica e Desenvolvimento de Carreiras\u00a0<\/span><\/p><\/td><td><p><b>24h<\/b><\/p><\/td><\/tr><tr><td><p><span style=\"font-weight: 400;\">Rela\u00e7\u00f5es Trabalhistas e Sindicais\u00a0<\/span><\/p><\/td><td><p><b>24h<\/b><\/p><\/td><\/tr><tr><td><p><span style=\"font-weight: 400;\">Dimens\u00e3o Humana da Governan\u00e7a Corporativa\u00a0<\/span><\/p><\/td><td><p><b>24h<\/b><\/p><\/td><\/tr><tr><td><p><span style=\"font-weight: 400;\">Recrutamento, Sele\u00e7\u00e3o e Desenvolvimento de Pessoas\u00a0<\/span><\/p><\/td><td><p><b>24h<\/b><\/p><\/td><\/tr><tr><td><p><span style=\"font-weight: 400;\">Trabalho de Conclus\u00e3o do Curso\u00a0<\/span><\/p><\/td><td><p><b><i>20h<\/i><\/b><\/p><\/td><\/tr><tr><td><p><b>CARGA HOR\u00c1RIA DO M\u00d3DULO III\u00a0<\/b><\/p><\/td><td><p><b><i>140<\/i><\/b><\/p><\/td><\/tr><\/tbody><\/table><h3><br \/><br \/><\/h3>                        <\/div>\n                    <\/div>\n                                    <div class=\"tab-pane elementkit-tab-pane elementor-repeater-item-27cacb9 \" id=\"content-27cacb969ea19621eb0b\" role=\"tabpanel\"\n                         aria-labelledby=\"content-27cacb969ea19621eb0b-tab\">\n                        <div class=\"animated fadeIn\">\n                            <p>Em Breve<\/p>                        <\/div>\n                    <\/div>\n                                \n            <\/div>\n                    <\/div>\n    <\/div>\t\t\t\t<\/div>\n\t\t\t\t<\/div>\n\t\t\t\t<\/div>\n\t\t\t\t<\/div>\n\t\t<div class=\"elementor-element elementor-element-d52679d e-con-full e-flex e-con e-child\" data-id=\"d52679d\" data-element_type=\"container\" data-e-type=\"container\">\n\t\t<div class=\"elementor-element elementor-element-6db8b22 e-con-full e-flex e-con e-child\" data-id=\"6db8b22\" data-element_type=\"container\" data-e-type=\"container\" data-settings=\"{&quot;background_background&quot;:&quot;classic&quot;}\">\n\t\t\t\t<div class=\"elementor-element elementor-element-1703bd5 elementor-widget elementor-widget-heading\" data-id=\"1703bd5\" data-element_type=\"widget\" data-e-type=\"widget\" data-widget_type=\"heading.default\">\n\t\t\t\t<div class=\"elementor-widget-container\">\n\t\t\t\t\t<h2 class=\"elementor-heading-title elementor-size-default\">RELACIONADOS (EM BREVE)<\/h2>\t\t\t\t<\/div>\n\t\t\t\t<\/div>\n\t\t\t\t<\/div>\n\t\t<div class=\"elementor-element elementor-element-70cea01 e-flex e-con-boxed e-con e-child\" data-id=\"70cea01\" data-element_type=\"container\" data-e-type=\"container\">\n\t\t\t\t\t<div class=\"e-con-inner\">\n\t\t\t\t\t<\/div>\n\t\t\t\t<\/div>\n\t\t\t\t<\/div>\n\t\t\t\t\t<\/div>\n\t\t\t\t<\/div>\n\t\t\t\t<\/div>\n\t\t","protected":false},"excerpt":{"rendered":"<p>Gest\u00e3o Estrat\u00e9gica de Pessoas &#8211; P\u00f3s SOBRE O CURSO PERFIL DO EGRESSO OBJETIVOS ESTRUTURA CURRICULAR DOWNLOADS Tipo do Curso: P\u00f3s-Gradua\u00e7\u00e3o Lato Sensu (Especializa\u00e7\u00e3o) Nome do Curso: GEST\u00c3O ESTRAT\u00c9GICA DE PESSOAS Vinculado ao curso: ADMINISTRA\u00c7\u00c3O DE EMPRESAS T\u00edtulo: Especialista em Gest\u00e3o Estrat\u00e9gica de Pessoas Modalidade do curso: EAD\u00a0 Carga Hor\u00e1ria: 380 horas Dura\u00e7\u00e3o: 18 meses Valor: [&hellip;]<\/p>\n","protected":false},"author":1,"featured_media":0,"parent":0,"menu_order":0,"comment_status":"closed","ping_status":"closed","template":"","meta":{"footnotes":""},"class_list":["post-1783","page","type-page","status-publish","hentry"],"_links":{"self":[{"href":"https:\/\/unifacp.edu.br\/Home-page\/wp-json\/wp\/v2\/pages\/1783","targetHints":{"allow":["GET"]}}],"collection":[{"href":"https:\/\/unifacp.edu.br\/Home-page\/wp-json\/wp\/v2\/pages"}],"about":[{"href":"https:\/\/unifacp.edu.br\/Home-page\/wp-json\/wp\/v2\/types\/page"}],"author":[{"embeddable":true,"href":"https:\/\/unifacp.edu.br\/Home-page\/wp-json\/wp\/v2\/users\/1"}],"replies":[{"embeddable":true,"href":"https:\/\/unifacp.edu.br\/Home-page\/wp-json\/wp\/v2\/comments?post=1783"}],"version-history":[{"count":0,"href":"https:\/\/unifacp.edu.br\/Home-page\/wp-json\/wp\/v2\/pages\/1783\/revisions"}],"wp:attachment":[{"href":"https:\/\/unifacp.edu.br\/Home-page\/wp-json\/wp\/v2\/media?parent=1783"}],"curies":[{"name":"wp","href":"https:\/\/api.w.org\/{rel}","templated":true}]}}