{"id":2953,"date":"2025-07-12T16:53:58","date_gmt":"2025-07-12T16:53:58","guid":{"rendered":"https:\/\/unifacp.edu.br\/Home-page\/?page_id=2953"},"modified":"2025-10-21T18:28:39","modified_gmt":"2025-10-21T18:28:39","slug":"psicopedagogia-pos","status":"publish","type":"page","link":"https:\/\/unifacp.edu.br\/Home-page\/psicopedagogia-pos\/","title":{"rendered":"Psicopedagogia P\u00f3s"},"content":{"rendered":"\t\t<div data-elementor-type=\"wp-page\" data-elementor-id=\"2953\" class=\"elementor elementor-2953\" data-elementor-post-type=\"page\">\n\t\t\t\t<div class=\"elementor-element elementor-element-76171a8 e-flex e-con-boxed e-con e-parent\" data-id=\"76171a8\" data-element_type=\"container\" data-e-type=\"container\">\n\t\t\t\t\t<div class=\"e-con-inner\">\n\t\t<div class=\"elementor-element elementor-element-bbd145c e-con-full e-flex e-con e-child\" data-id=\"bbd145c\" data-element_type=\"container\" data-e-type=\"container\">\n\t\t\t\t<div class=\"elementor-element elementor-element-6631715 elementor-widget elementor-widget-image\" data-id=\"6631715\" data-element_type=\"widget\" data-e-type=\"widget\" data-widget_type=\"image.default\">\n\t\t\t\t<div class=\"elementor-widget-container\">\n\t\t\t\t\t\t\t\t\t\t\t\t\t\t\t<img fetchpriority=\"high\" decoding=\"async\" width=\"1280\" height=\"450\" src=\"https:\/\/unifacp.edu.br\/wp-content\/uploads\/2025\/07\/BANNER-CUSOS-SITE.png\" class=\"attachment-full size-full wp-image-3168\" alt=\"Psicopedagogia P\u00f3s Banner\" srcset=\"https:\/\/unifacp.edu.br\/wp-content\/uploads\/2025\/07\/BANNER-CUSOS-SITE.png 1280w, https:\/\/unifacp.edu.br\/wp-content\/uploads\/2025\/07\/BANNER-CUSOS-SITE-300x105.png 300w, https:\/\/unifacp.edu.br\/wp-content\/uploads\/2025\/07\/BANNER-CUSOS-SITE-1024x360.png 1024w, https:\/\/unifacp.edu.br\/wp-content\/uploads\/2025\/07\/BANNER-CUSOS-SITE-768x270.png 768w\" sizes=\"(max-width: 1280px) 100vw, 1280px\" \/>\t\t\t\t\t\t\t\t\t\t\t\t\t\t\t<\/div>\n\t\t\t\t<\/div>\n\t\t\t\t<\/div>\n\t\t<div class=\"elementor-element elementor-element-8aee84a e-con-full e-flex e-con e-child\" data-id=\"8aee84a\" data-element_type=\"container\" data-e-type=\"container\">\n\t\t<div class=\"elementor-element elementor-element-edad280 e-con-full e-flex e-con e-child\" data-id=\"edad280\" data-element_type=\"container\" data-e-type=\"container\" data-settings=\"{&quot;background_background&quot;:&quot;classic&quot;}\">\n\t\t\t\t<div class=\"elementor-element elementor-element-00d642c elementor-widget elementor-widget-heading\" data-id=\"00d642c\" data-element_type=\"widget\" data-e-type=\"widget\" data-widget_type=\"heading.default\">\n\t\t\t\t<div class=\"elementor-widget-container\">\n\t\t\t\t\t<h2 class=\"elementor-heading-title elementor-size-default\">Psicopedagogia - P\u00f3s<\/h2>\t\t\t\t<\/div>\n\t\t\t\t<\/div>\n\t\t\t\t<\/div>\n\t\t<div class=\"elementor-element elementor-element-30e8cf2 e-con-full e-flex e-con e-child\" data-id=\"30e8cf2\" data-element_type=\"container\" data-e-type=\"container\">\n\t\t\t\t<div class=\"elementor-element elementor-element-426d38f elementor-widget elementor-widget-elementskit-simple-tab\" data-id=\"426d38f\" data-element_type=\"widget\" data-e-type=\"widget\" data-widget_type=\"elementskit-simple-tab.default\">\n\t\t\t\t<div class=\"elementor-widget-container\">\n\t\t\t\t\t<div class=\"ekit-wid-con\" >        <div class=\"elementkit-tab-wraper vertical  elementskit-fitcontent-tab \">\n            <ul class=\"nav nav-tabs elementkit-tab-nav  tab-nav-fluid\">\n                                    <li class=\"elementkit-nav-item elementor-repeater-item-08b6856\">\n                        <a class=\"elementkit-nav-link  active show left-pos\" id=\"content-08b685669e14072ee1f0-tab\" data-ekit-handler-id=\"sobre-o-curso\" data-ekit-toggle=\"tab\" data-target=\"#content-08b685669e14072ee1f0\" href=\"#Content-08b685669e14072ee1f0\"\n                            data-ekit-toggle-trigger=\"click\"\n                            aria-describedby=\"Content-08b685669e14072ee1f0\">\n                            <span class=\"elementskit-tab-icon\"><i class=\"icon icon-file-2\"><\/i><\/span>                            <span class=\"elementskit-tab-title\">SOBRE O CURSO<\/span>\n                        <\/a>\n                    <\/li>\n                                        <li class=\"elementkit-nav-item elementor-repeater-item-6451664\">\n                        <a class=\"elementkit-nav-link  left-pos\" id=\"content-645166469e14072ee1f0-tab\" data-ekit-handler-id=\"perfil-do-egresso\" data-ekit-toggle=\"tab\" data-target=\"#content-645166469e14072ee1f0\" href=\"#Content-645166469e14072ee1f0\"\n                            data-ekit-toggle-trigger=\"click\"\n                            aria-describedby=\"Content-645166469e14072ee1f0\">\n                            <span class=\"elementskit-tab-icon\"><i class=\"icon icon-id-card-1\"><\/i><\/span>                            <span class=\"elementskit-tab-title\">PERFIL DO EGRESSO<\/span>\n                        <\/a>\n                    <\/li>\n                                        <li class=\"elementkit-nav-item elementor-repeater-item-6e5479c\">\n                        <a class=\"elementkit-nav-link  left-pos\" id=\"content-6e5479c69e14072ee1f0-tab\" data-ekit-handler-id=\"objetivos\" data-ekit-toggle=\"tab\" data-target=\"#content-6e5479c69e14072ee1f0\" href=\"#Content-6e5479c69e14072ee1f0\"\n                            data-ekit-toggle-trigger=\"click\"\n                            aria-describedby=\"Content-6e5479c69e14072ee1f0\">\n                            <span class=\"elementskit-tab-icon\"><i class=\"icon icon-smart\"><\/i><\/span>                            <span class=\"elementskit-tab-title\">OBJETIVOS<\/span>\n                        <\/a>\n                    <\/li>\n                                        <li class=\"elementkit-nav-item elementor-repeater-item-5d0e245\">\n                        <a class=\"elementkit-nav-link  left-pos\" id=\"content-5d0e24569e14072ee1f0-tab\" data-ekit-handler-id=\"conte-do-do-curso\" data-ekit-toggle=\"tab\" data-target=\"#content-5d0e24569e14072ee1f0\" href=\"#Content-5d0e24569e14072ee1f0\"\n                            data-ekit-toggle-trigger=\"click\"\n                            aria-describedby=\"Content-5d0e24569e14072ee1f0\">\n                            <span class=\"elementskit-tab-icon\"><i class=\"icon icon-earth\"><\/i><\/span>                            <span class=\"elementskit-tab-title\">CONTE\u00daDO DO CURSO<\/span>\n                        <\/a>\n                    <\/li>\n                                        <li class=\"elementkit-nav-item elementor-repeater-item-27cacb9\">\n                        <a class=\"elementkit-nav-link  left-pos\" id=\"content-27cacb969e14072ee1f0-tab\" data-ekit-handler-id=\"downloads\" data-ekit-toggle=\"tab\" data-target=\"#content-27cacb969e14072ee1f0\" href=\"#Content-27cacb969e14072ee1f0\"\n                            data-ekit-toggle-trigger=\"click\"\n                            aria-describedby=\"Content-27cacb969e14072ee1f0\">\n                            <span class=\"elementskit-tab-icon\"><i class=\"icon icon-download\"><\/i><\/span>                            <span class=\"elementskit-tab-title\">DOWNLOADS<\/span>\n                        <\/a>\n                    <\/li>\n                                <\/ul>\n\n            <div class=\"tab-content elementkit-tab-content\">\n                                    <div class=\"tab-pane elementkit-tab-pane elementor-repeater-item-08b6856  active show\" id=\"content-08b685669e14072ee1f0\" role=\"tabpanel\"\n                         aria-labelledby=\"content-08b685669e14072ee1f0-tab\">\n                        <div class=\"animated fadeIn\">\n                            <h3>Sobre o curso<\/h3><p>A p\u00f3s-gradua\u00e7\u00e3o em\u00a0<strong>Psicopedagogia Cl\u00ednica, Institucional e Pericial<\/strong>\u00a0da UNIFACP prepara profissionais para atuar com diagn\u00f3stico, interven\u00e7\u00e3o e media\u00e7\u00e3o nos processos de aprendizagem em contextos educacionais, cl\u00ednicos e jur\u00eddicos.<\/p><p>Com \u00eanfase pr\u00e1tica e conte\u00fado atualizado, o curso inclui um m\u00f3dulo exclusivo de\u00a0<strong>Per\u00edcia Psicopedag\u00f3gica<\/strong>, capacitando o aluno para atuar como\u00a0<strong>perito ou assistente t\u00e9cnico<\/strong>\u00a0em processos judiciais.<\/p><p>A forma\u00e7\u00e3o \u00e9\u00a0<strong>EAD com aulas ao vivo<\/strong>, tem dura\u00e7\u00e3o de\u00a0<strong>18 meses<\/strong>, carga hor\u00e1ria de\u00a0<strong>600 horas<\/strong>.<\/p><hr \/><h3>Destaques do curso:<\/h3><ul><li><p>Modalidade 100% EAD com aulas ao vivo<\/p><\/li><li><p>Aulas \u00e0s segundas e quartas-feiras, das 19h \u00e0s 21h<\/p><\/li><li><p>Grava\u00e7\u00f5es dispon\u00edveis por at\u00e9 10 dias no AVA<\/p><\/li><li><p>Certificado com validade nacional<\/p><\/li><li><p>Carga hor\u00e1ria de 600 horas em 18 meses<\/p><\/li><li><p>Inclus\u00e3o do m\u00f3dulo de\u00a0<strong>Per\u00edcia Psicopedag\u00f3gica<\/strong><\/p><\/li><li><p><strong>10% de desconto para ex-alunos da UNIFACP<\/strong><\/p><\/li><\/ul>                        <\/div>\n                    <\/div>\n                                    <div class=\"tab-pane elementkit-tab-pane elementor-repeater-item-6451664 \" id=\"content-645166469e14072ee1f0\" role=\"tabpanel\"\n                         aria-labelledby=\"content-645166469e14072ee1f0-tab\">\n                        <div class=\"animated fadeIn\">\n                            <h3>Perfil do egresso<\/h3><p>O egresso da p\u00f3s-gradua\u00e7\u00e3o em\u00a0<strong>Psicopedagogia Cl\u00ednica, Institucional e Pericial<\/strong>\u00a0da UNIFACP estar\u00e1 apto a:<\/p><ul><li><p>Realizar diagn\u00f3sticos e interven\u00e7\u00f5es psicopedag\u00f3gicas em crian\u00e7as, adolescentes e adultos;<\/p><\/li><li><p>Atuar em institui\u00e7\u00f5es de ensino, cl\u00ednicas, consult\u00f3rios e ambientes corporativos;<\/p><\/li><li><p>Elaborar pareceres e laudos com validade jur\u00eddica;<\/p><\/li><li><p>Atuar como\u00a0<strong>perito psicopedag\u00f3gico<\/strong>\u00a0ou\u00a0<strong>assistente t\u00e9cnico<\/strong>\u00a0em processos judiciais;<\/p><\/li><li><p>Promover a\u00e7\u00f5es preventivas e educativas voltadas ao processo de aprendizagem.<\/p><\/li><\/ul><p>Ser\u00e1 um profissional \u00e9tico, cr\u00edtico e preparado para intervir de forma efetiva nas dificuldades de aprendizagem, respeitando os contextos sociais, culturais e emocionais dos indiv\u00edduos.<\/p>                        <\/div>\n                    <\/div>\n                                    <div class=\"tab-pane elementkit-tab-pane elementor-repeater-item-6e5479c \" id=\"content-6e5479c69e14072ee1f0\" role=\"tabpanel\"\n                         aria-labelledby=\"content-6e5479c69e14072ee1f0-tab\">\n                        <div class=\"animated fadeIn\">\n                            <h3>Objetivos do curso<\/h3><p>A p\u00f3s-gradua\u00e7\u00e3o em\u00a0<strong>Psicopedagogia Cl\u00ednica, Institucional e Pericial<\/strong>\u00a0da UNIFACP tem como objetivos:<\/p><ul><li style=\"list-style-type: none;\"><ul><li><p>Capacitar profissionais para identificar, prevenir e intervir nas dificuldades de aprendizagem em diferentes contextos;<\/p><\/li><li><p>Formar especialistas aptos a elaborar diagn\u00f3sticos, pareceres e laudos psicopedag\u00f3gicos;<\/p><\/li><li><p>Desenvolver compet\u00eancias para atua\u00e7\u00e3o cl\u00ednica, institucional e pericial;<\/p><\/li><li><p>Habilitar o egresso para atuar como perito ou assistente t\u00e9cnico em processos judiciais;<\/p><\/li><li><p>Promover uma forma\u00e7\u00e3o \u00e9tica, reflexiva e voltada \u00e0 pr\u00e1tica profissional.<\/p><\/li><\/ul><\/li><\/ul>                        <\/div>\n                    <\/div>\n                                    <div class=\"tab-pane elementkit-tab-pane elementor-repeater-item-5d0e245 \" id=\"content-5d0e24569e14072ee1f0\" role=\"tabpanel\"\n                         aria-labelledby=\"content-5d0e24569e14072ee1f0-tab\">\n                        <div class=\"animated fadeIn\">\n                            <p><span style=\"color: #000000;\"><strong>M\u00f3dulo 1<\/strong>\u00a0<\/span><\/p><p><span style=\"color: #000000;\">Fundamentos da Psicopedagogia (130h)<\/span><\/p><p><span style=\"color: #000000;\">Introdu\u00e7\u00e3o \u00e0 Psicopedagogia \u2013 20h<\/span><\/p><p><span style=\"color: #000000;\">Teorias do Desenvolvimento e da Aprendizagem \u2013 20h<\/span><\/p><p><span style=\"color: #000000;\">Neuropsicologia e Aprendizagem \u2013 20h<\/span><\/p><p><span style=\"color: #000000;\">Teoria Behaviorista e Aprendizagem \u2013 30h<\/span><\/p><p><span style=\"color: #000000;\">Metodologia do Trabalho Cient\u00edfico \u2013 20h<\/span><\/p><p><span style=\"color: #000000;\">Empreendedorismo em Psicopedagogia \u2013 20h<\/span><\/p><hr \/><p><span style=\"color: #000000;\"><strong>M\u00f3dulo 2<\/strong>\u00a0<\/span><\/p><p><span style=\"color: #000000;\">Atua\u00e7\u00e3o Cl\u00ednica e Diagn\u00f3stica (185h)<\/span><\/p><p><span style=\"color: #000000;\">Diagn\u00f3stico Psicopedag\u00f3gico: Testes e T\u00e9cnicas \u2013 30h<\/span><\/p><p><span style=\"color: #000000;\">Psicomotricidade e Aprendizagem \u2013 20h<\/span><\/p><p><span style=\"color: #000000;\">Transtornos de Aprendizagem e Abordagens Terap\u00eauticas \u2013 20h<\/span><\/p><p><span style=\"color: #000000;\">Est\u00e1gio Supervisionado em Psicopedagogia Cl\u00ednica \u2013 115h<\/span><\/p><hr \/><p><span style=\"color: #000000;\"><strong>M\u00f3dulo 3<\/strong>\u00a0<\/span><\/p><p><span style=\"color: #000000;\"> Atua\u00e7\u00e3o Institucional e Escolar (195h)<\/span><\/p><p><span style=\"color: #000000;\">Psicopedagogia no Ambiente Escolar \u2013 20h<\/span><\/p><p><span style=\"color: #000000;\">Educa\u00e7\u00e3o Inclusiva e Adapta\u00e7\u00e3o Curricular \u2013 20h<\/span><\/p><p><span style=\"color: #000000;\">Media\u00e7\u00e3o de Conflitos e Estrat\u00e9gias de Interven\u00e7\u00e3o Escolar \u2013 20h<\/span><\/p><p><span style=\"color: #000000;\">Psicopedagogia e Desenvolvimento Moral \u2013 20h<\/span><\/p><p><span style=\"color: #000000;\">Est\u00e1gio Supervisionado em Psicopedagogia Institucional \u2013 115h<\/span><\/p><hr \/><p><span style=\"color: #000000;\"><strong>M\u00f3dulo 4<\/strong>\u00a0<\/span><\/p><p><span style=\"color: #000000;\"> Per\u00edcia Judicial Psicopedag\u00f3gica (58h)<\/span><\/p><p><span style=\"color: #000000;\">Fundamentos e \u00c9tica na Per\u00edcia Psicopedag\u00f3gica \u2013 20h<\/span><\/p><p><span style=\"color: #000000;\">Laudos e Pareceres Psicopedag\u00f3gicos na Justi\u00e7a \u2013 20h<\/span><\/p><p><span style=\"color: #000000;\">Abordagem Profissional (psicopedagogo perito) \u2013 18h<\/span><\/p><hr \/><p><span style=\"color: #000000;\"><strong>M\u00f3dulo 5<\/strong>\u00a0<\/span><\/p><p><span style=\"color: #000000;\"> Produ\u00e7\u00e3o Cient\u00edfica (32h)<\/span><\/p><p><span style=\"color: #000000;\">Trabalho de Conclus\u00e3o de Curso (Artigo Cient\u00edfico) \u2013 32h<\/span><\/p><hr \/><p><span style=\"color: #000000;\"><strong>Total Geral: 600 horas<\/strong><\/span><\/p><hr \/>                        <\/div>\n                    <\/div>\n                                    <div class=\"tab-pane elementkit-tab-pane elementor-repeater-item-27cacb9 \" id=\"content-27cacb969e14072ee1f0\" role=\"tabpanel\"\n                         aria-labelledby=\"content-27cacb969e14072ee1f0-tab\">\n                        <div class=\"animated fadeIn\">\n                            <p>Em Breve<\/p>                        <\/div>\n                    <\/div>\n                                \n            <\/div>\n                    <\/div>\n    <\/div>\t\t\t\t<\/div>\n\t\t\t\t<\/div>\n\t\t\t\t<\/div>\n\t\t\t\t<\/div>\n\t\t\t\t\t<\/div>\n\t\t\t\t<\/div>\n\t\t\t\t<\/div>\n\t\t","protected":false},"excerpt":{"rendered":"<p>Psicopedagogia &#8211; P\u00f3s SOBRE O CURSO PERFIL DO EGRESSO OBJETIVOS CONTE\u00daDO DO CURSO DOWNLOADS Sobre o curso A p\u00f3s-gradua\u00e7\u00e3o em\u00a0Psicopedagogia Cl\u00ednica, Institucional e Pericial\u00a0da UNIFACP prepara profissionais para atuar com diagn\u00f3stico, interven\u00e7\u00e3o e media\u00e7\u00e3o nos processos de aprendizagem em contextos educacionais, cl\u00ednicos e jur\u00eddicos. Com \u00eanfase pr\u00e1tica e conte\u00fado atualizado, o curso inclui um m\u00f3dulo [&hellip;]<\/p>\n","protected":false},"author":1,"featured_media":0,"parent":0,"menu_order":0,"comment_status":"closed","ping_status":"closed","template":"","meta":{"footnotes":""},"class_list":["post-2953","page","type-page","status-publish","hentry"],"_links":{"self":[{"href":"https:\/\/unifacp.edu.br\/Home-page\/wp-json\/wp\/v2\/pages\/2953","targetHints":{"allow":["GET"]}}],"collection":[{"href":"https:\/\/unifacp.edu.br\/Home-page\/wp-json\/wp\/v2\/pages"}],"about":[{"href":"https:\/\/unifacp.edu.br\/Home-page\/wp-json\/wp\/v2\/types\/page"}],"author":[{"embeddable":true,"href":"https:\/\/unifacp.edu.br\/Home-page\/wp-json\/wp\/v2\/users\/1"}],"replies":[{"embeddable":true,"href":"https:\/\/unifacp.edu.br\/Home-page\/wp-json\/wp\/v2\/comments?post=2953"}],"version-history":[{"count":0,"href":"https:\/\/unifacp.edu.br\/Home-page\/wp-json\/wp\/v2\/pages\/2953\/revisions"}],"wp:attachment":[{"href":"https:\/\/unifacp.edu.br\/Home-page\/wp-json\/wp\/v2\/media?parent=2953"}],"curies":[{"name":"wp","href":"https:\/\/api.w.org\/{rel}","templated":true}]}}