{"id":3077,"date":"2025-07-25T15:14:44","date_gmt":"2025-07-25T15:14:44","guid":{"rendered":"https:\/\/unifacp.edu.br\/Home-page\/?page_id=3077"},"modified":"2025-10-21T18:16:27","modified_gmt":"2025-10-21T18:16:27","slug":"alfabetizacao-e-letramento","status":"publish","type":"page","link":"https:\/\/unifacp.edu.br\/Home-page\/alfabetizacao-e-letramento\/","title":{"rendered":"\u00a0Alfabetiza\u00e7\u00e3o e Letramento P\u00f3s"},"content":{"rendered":"\t\t<div data-elementor-type=\"wp-page\" data-elementor-id=\"3077\" class=\"elementor elementor-3077\" data-elementor-post-type=\"page\">\n\t\t\t\t<div class=\"elementor-element elementor-element-7940fed e-flex e-con-boxed e-con e-parent\" data-id=\"7940fed\" data-element_type=\"container\" data-e-type=\"container\">\n\t\t\t\t\t<div class=\"e-con-inner\">\n\t\t<div class=\"elementor-element elementor-element-13bfb79 e-con-full e-flex e-con e-child\" data-id=\"13bfb79\" data-element_type=\"container\" data-e-type=\"container\">\n\t\t\t\t<div class=\"elementor-element elementor-element-4b55684 elementor-widget elementor-widget-image\" data-id=\"4b55684\" data-element_type=\"widget\" data-e-type=\"widget\" data-widget_type=\"image.default\">\n\t\t\t\t<div class=\"elementor-widget-container\">\n\t\t\t\t\t\t\t\t\t\t\t\t\t\t\t<img fetchpriority=\"high\" decoding=\"async\" width=\"1280\" height=\"450\" src=\"https:\/\/unifacp.edu.br\/wp-content\/uploads\/2025\/07\/BANNER-CUSOS-SITE-1.png\" class=\"attachment-full size-full wp-image-3188\" alt=\"Alfabetiza\u00e7\u00e3o e Letramento Artigo pos\" srcset=\"https:\/\/unifacp.edu.br\/wp-content\/uploads\/2025\/07\/BANNER-CUSOS-SITE-1.png 1280w, https:\/\/unifacp.edu.br\/wp-content\/uploads\/2025\/07\/BANNER-CUSOS-SITE-1-300x105.png 300w, https:\/\/unifacp.edu.br\/wp-content\/uploads\/2025\/07\/BANNER-CUSOS-SITE-1-1024x360.png 1024w, https:\/\/unifacp.edu.br\/wp-content\/uploads\/2025\/07\/BANNER-CUSOS-SITE-1-768x270.png 768w\" sizes=\"(max-width: 1280px) 100vw, 1280px\" \/>\t\t\t\t\t\t\t\t\t\t\t\t\t\t\t<\/div>\n\t\t\t\t<\/div>\n\t\t\t\t<\/div>\n\t\t<div class=\"elementor-element elementor-element-d445f91 e-con-full e-flex e-con e-child\" data-id=\"d445f91\" data-element_type=\"container\" data-e-type=\"container\">\n\t\t<div class=\"elementor-element elementor-element-fbc246c e-con-full e-flex e-con e-child\" data-id=\"fbc246c\" data-element_type=\"container\" data-e-type=\"container\" data-settings=\"{&quot;background_background&quot;:&quot;classic&quot;}\">\n\t\t\t\t<div class=\"elementor-element elementor-element-a84ab90 elementor-widget elementor-widget-heading\" data-id=\"a84ab90\" data-element_type=\"widget\" data-e-type=\"widget\" data-widget_type=\"heading.default\">\n\t\t\t\t<div class=\"elementor-widget-container\">\n\t\t\t\t\t<h2 class=\"elementor-heading-title elementor-size-default\">Alfabetiza\u00e7\u00e3o e Letramento - P\u00d3S<\/h2>\t\t\t\t<\/div>\n\t\t\t\t<\/div>\n\t\t\t\t<\/div>\n\t\t<div class=\"elementor-element elementor-element-59cd421 e-con-full e-flex e-con e-child\" data-id=\"59cd421\" data-element_type=\"container\" data-e-type=\"container\">\n\t\t\t\t<div class=\"elementor-element elementor-element-6cad5d3 elementor-widget elementor-widget-elementskit-simple-tab\" data-id=\"6cad5d3\" data-element_type=\"widget\" data-e-type=\"widget\" data-widget_type=\"elementskit-simple-tab.default\">\n\t\t\t\t<div class=\"elementor-widget-container\">\n\t\t\t\t\t<div class=\"ekit-wid-con\" >        <div class=\"elementkit-tab-wraper vertical  elementskit-fitcontent-tab \">\n            <ul class=\"nav nav-tabs elementkit-tab-nav  tab-nav-fluid\">\n                                    <li class=\"elementkit-nav-item elementor-repeater-item-08b6856\">\n                        <a class=\"elementkit-nav-link  active show left-pos\" id=\"content-08b685669ea198944305-tab\" data-ekit-handler-id=\"sobre-o-curso\" data-ekit-toggle=\"tab\" data-target=\"#content-08b685669ea198944305\" href=\"#Content-08b685669ea198944305\"\n                            data-ekit-toggle-trigger=\"click\"\n                            aria-describedby=\"Content-08b685669ea198944305\">\n                            <span class=\"elementskit-tab-icon\"><i class=\"icon icon-file-2\"><\/i><\/span>                            <span class=\"elementskit-tab-title\">SOBRE O CURSO<\/span>\n                        <\/a>\n                    <\/li>\n                                        <li class=\"elementkit-nav-item elementor-repeater-item-6451664\">\n                        <a class=\"elementkit-nav-link  left-pos\" id=\"content-645166469ea198944305-tab\" data-ekit-handler-id=\"perfil-do-egresso\" data-ekit-toggle=\"tab\" data-target=\"#content-645166469ea198944305\" href=\"#Content-645166469ea198944305\"\n                            data-ekit-toggle-trigger=\"click\"\n                            aria-describedby=\"Content-645166469ea198944305\">\n                            <span class=\"elementskit-tab-icon\"><i class=\"icon icon-id-card-1\"><\/i><\/span>                            <span class=\"elementskit-tab-title\">PERFIL DO EGRESSO<\/span>\n                        <\/a>\n                    <\/li>\n                                        <li class=\"elementkit-nav-item elementor-repeater-item-6e5479c\">\n                        <a class=\"elementkit-nav-link  left-pos\" id=\"content-6e5479c69ea198944305-tab\" data-ekit-handler-id=\"objetivos\" data-ekit-toggle=\"tab\" data-target=\"#content-6e5479c69ea198944305\" href=\"#Content-6e5479c69ea198944305\"\n                            data-ekit-toggle-trigger=\"click\"\n                            aria-describedby=\"Content-6e5479c69ea198944305\">\n                            <span class=\"elementskit-tab-icon\"><i class=\"icon icon-smart\"><\/i><\/span>                            <span class=\"elementskit-tab-title\">OBJETIVOS<\/span>\n                        <\/a>\n                    <\/li>\n                                        <li class=\"elementkit-nav-item elementor-repeater-item-3c073f7\">\n                        <a class=\"elementkit-nav-link  left-pos\" id=\"content-3c073f769ea198944305-tab\" data-ekit-handler-id=\"conte-do-do-curso\" data-ekit-toggle=\"tab\" data-target=\"#content-3c073f769ea198944305\" href=\"#Content-3c073f769ea198944305\"\n                            data-ekit-toggle-trigger=\"click\"\n                            aria-describedby=\"Content-3c073f769ea198944305\">\n                            <span class=\"elementskit-tab-icon\"><i class=\"icon icon-contract\"><\/i><\/span>                            <span class=\"elementskit-tab-title\">CONTE\u00daDO DO CURSO<\/span>\n                        <\/a>\n                    <\/li>\n                                        <li class=\"elementkit-nav-item elementor-repeater-item-27cacb9\">\n                        <a class=\"elementkit-nav-link  left-pos\" id=\"content-27cacb969ea198944305-tab\" data-ekit-handler-id=\"downloads\" data-ekit-toggle=\"tab\" data-target=\"#content-27cacb969ea198944305\" href=\"#Content-27cacb969ea198944305\"\n                            data-ekit-toggle-trigger=\"click\"\n                            aria-describedby=\"Content-27cacb969ea198944305\">\n                            <span class=\"elementskit-tab-icon\"><i class=\"icon icon-download\"><\/i><\/span>                            <span class=\"elementskit-tab-title\">DOWNLOADS<\/span>\n                        <\/a>\n                    <\/li>\n                                <\/ul>\n\n            <div class=\"tab-content elementkit-tab-content\">\n                                    <div class=\"tab-pane elementkit-tab-pane elementor-repeater-item-08b6856  active show\" id=\"content-08b685669ea198944305\" role=\"tabpanel\"\n                         aria-labelledby=\"content-08b685669ea198944305-tab\">\n                        <div class=\"animated fadeIn\">\n                            <h4><b>Sobre o curso<\/b><\/h4><p>A P\u00f3s-Gradua\u00e7\u00e3o Lato Sensu em Alfabetiza\u00e7\u00e3o e Letramento da UNIFACP \u00e9 uma especializa\u00e7\u00e3o de 360 horas com dura\u00e7\u00e3o de 12 meses, oferecida na modalidade de Educa\u00e7\u00e3o a Dist\u00e2ncia (EAD). O curso \u00e9 destinado a profissionais graduados interessados em aprofundar seus conhecimentos nas Pr\u00e1ticas de Letramento e Alfabetiza\u00e7\u00e3o.<\/p><p>As aulas acontecem ao vivo \u00e0s segundas e quartas-feiras, das 19h00 \u00e0s 21h00, e s\u00e3o gravadas para acesso posterior, garantindo flexibilidade aos alunos. A metodologia de ensino \u00e9 din\u00e2mica e interativa, utilizando diversos recursos como v\u00eddeos, podcasts, f\u00f3runs de debate, lives e estudos de caso em todas as disciplinas para aproximar a teoria da realidade pr\u00e1tica profissional.<\/p><hr \/><h4><b>Destaques do curso:<\/b><\/h4><ul><li><p><b>T\u00edtulo:<\/b>\u00a0Especialista em Alfabetiza\u00e7\u00e3o e Letramento.<\/p><div>\u00a0<\/div><\/li><li><p><b>Coordena\u00e7\u00e3o Especializada:<\/b>\u00a0O curso \u00e9 coordenado pela Profa. Dra.\u00a0T\u00e2nia Regina Laurindo.<\/p><div>\u00a0<\/div><\/li><li><p><b>Flexibilidade:<\/b>\u00a0Curso 100% EAD\u00a0com aulas ao vivo \u00e0s segundas e quartas-feiras, das 19h00 \u00e0s 21h00.\u00a0As grava\u00e7\u00f5es ficam dispon\u00edveis por 10 dias.<\/p><div>\u00a0<\/div><\/li><li><p><b>Metodologia Pr\u00e1tica:<\/b>\u00a0Todas as disciplinas incluem estudos de caso, aproximando a teoria da realidade profissional e qualificando a atua\u00e7\u00e3o docente.<\/p><div>\u00a0<\/div><div>\u00a0<\/div><\/li><\/ul>                        <\/div>\n                    <\/div>\n                                    <div class=\"tab-pane elementkit-tab-pane elementor-repeater-item-6451664 \" id=\"content-645166469ea198944305\" role=\"tabpanel\"\n                         aria-labelledby=\"content-645166469ea198944305-tab\">\n                        <div class=\"animated fadeIn\">\n                            <div><div><h3><span style=\"color: #000000;\">Perfil do egresso<\/span><\/h3><p><span style=\"color: #000000;\">Ao final do curso, o especialista em Alfabetiza\u00e7\u00e3o e Letramento ser\u00e1 um profissional com compet\u00eancias e habilidades para:<\/span><\/p><ul><li><p><span style=\"color: #000000;\">Refletir sobre a pr\u00e1tica pedag\u00f3gica e os desafios da alfabetiza\u00e7\u00e3o e do letramento no contexto atual.<\/span><\/p><\/li><li><p><span style=\"color: #000000;\">Aplicar m\u00e9todos de ensino da leitura e da escrita de forma significativa, indo al\u00e9m da simples codifica\u00e7\u00e3o e decodifica\u00e7\u00e3o.<\/span><\/p><\/li><li><p><span style=\"color: #000000;\">Identificar as poss\u00edveis causas de dificuldades no processo de aprendizagem da leitura e da escrita, atuando de forma mais assertiva.<\/span><\/p><\/li><li><p><span style=\"color: #000000;\">Promover uma compreens\u00e3o cr\u00edtica da linguagem, considerando seus usos em diferentes contextos sociais.<\/span><\/p><\/li><li><p><span style=\"color: #000000;\">Utilizar conhecimentos sobre os diversos aspectos do processo de aquisi\u00e7\u00e3o da linguagem para qualificar sua atua\u00e7\u00e3o docente.<\/span><\/p><\/li><\/ul><\/div><\/div><div>\u00a0<\/div>                        <\/div>\n                    <\/div>\n                                    <div class=\"tab-pane elementkit-tab-pane elementor-repeater-item-6e5479c \" id=\"content-6e5479c69ea198944305\" role=\"tabpanel\"\n                         aria-labelledby=\"content-6e5479c69ea198944305-tab\">\n                        <div class=\"animated fadeIn\">\n                            <h3><span style=\"color: #000000;\">Objetivos do curso<\/span><\/h3><p><span style=\"color: #000000;\">O curso foi desenvolvido com os seguintes objetivos:<\/span><\/p><ul><li style=\"list-style-type: none;\"><ul><li><p><span style=\"color: #000000;\">Capacitar educadores para ensinar crian\u00e7as ou adultos a ler e escrever de forma significativa, promovendo n\u00e3o apenas o dom\u00ednio t\u00e9cnico, mas tamb\u00e9m a compreens\u00e3o cr\u00edtica da linguagem em contextos sociais.<\/span><\/p><div>\u00a0<\/div><\/li><li><p><span style=\"color: #000000;\">Preparar o profissional da \u00e1rea da Educa\u00e7\u00e3o para atuar na identifica\u00e7\u00e3o das causas a respeito das dificuldades observadas no processo de alfabetiza\u00e7\u00e3o e letramento.<\/span><\/p><\/li><li><p><span style=\"color: #000000;\">Oferecer uma vis\u00e3o ampla da problem\u00e1tica da alfabetiza\u00e7\u00e3o e do letramento, permitindo o conhecimento dos diversos aspectos envolvidos no processo de aquisi\u00e7\u00e3o da linguagem.<\/span><\/p><\/li><\/ul><\/li><\/ul>                        <\/div>\n                    <\/div>\n                                    <div class=\"tab-pane elementkit-tab-pane elementor-repeater-item-3c073f7 \" id=\"content-3c073f769ea198944305\" role=\"tabpanel\"\n                         aria-labelledby=\"content-3c073f769ea198944305-tab\">\n                        <div class=\"animated fadeIn\">\n                            <p>\u00a0<\/p><p><strong>Disciplina Carga Hor\u00e1ria<\/strong><\/p><p><span style=\"font-weight: 400;\">M\u00f3dulo 1. Temas Sociais e Educacionais Contempor\u00e2neos\u00a0<\/span><\/p><ul><li style=\"font-weight: 400;\" aria-level=\"1\"><span style=\"font-weight: 400;\">Sociedade digital e sa\u00fade mental. <\/span> <span style=\"font-weight: 400;\">10<\/span><\/li><li style=\"font-weight: 400;\" aria-level=\"1\"><span style=\"font-weight: 400;\">Intelig\u00eancia emocional: desenvolvimento de habilidades socioemocionais.<\/span> <span style=\"font-weight: 400;\">10<\/span><\/li><li style=\"font-weight: 400;\" aria-level=\"1\"><span style=\"font-weight: 400;\">Gamifica\u00e7\u00e3o e metodologias ativas <\/span> <span style=\"font-weight: 400;\">10<\/span><\/li><\/ul><p><span style=\"font-weight: 400;\">M\u00f3dulo 2. Desenvolvimento cognitivo, lingu\u00edstico e social da crian\u00e7a, com foco na aquisi\u00e7\u00e3o da linguagem e da escrita.<\/span><\/p><ul><li style=\"font-weight: 400;\" aria-level=\"1\"><span style=\"font-weight: 400;\">Neuroci\u00eancia da linguagem e o estudo dos processos cerebrais envolvidos na compreens\u00e3o, produ\u00e7\u00e3o e aquisi\u00e7\u00e3o da linguagem.<\/span> <span style=\"font-weight: 400;\">10<\/span><\/li><li style=\"font-weight: 400;\" aria-level=\"1\"><span style=\"font-weight: 400;\">A linguagem \u00e9 essencial para a socializa\u00e7\u00e3o: permite expressar <\/span>desejos, sentimentos e interagir com o outro.<\/li><li style=\"font-weight: 400;\" aria-level=\"1\"><span style=\"font-weight: 400;\">O desenvolvimento da linguagem e da escrita como um processo complexo e multifatorial.<\/span> <span style=\"font-weight: 400;\">10<\/span><\/li><\/ul><p><span style=\"font-weight: 400;\">M\u00f3dulo 3. Alfabetiza\u00e7\u00e3o e Letramento<\/span><\/p><ul><li style=\"font-weight: 400;\" aria-level=\"1\"><span style=\"font-weight: 400;\">Abordagem hist\u00f3rica dos conceitos de alfabetiza\u00e7\u00e3o e letramento.<\/span> <span style=\"font-weight: 400;\">10<\/span><\/li><li style=\"font-weight: 400;\" aria-level=\"1\"><span style=\"font-weight: 400;\">An\u00e1lise dos m\u00e9todos de Alfabetiza\u00e7\u00e3o<\/span> <span style=\"font-weight: 400;\">10<\/span><\/li><li style=\"font-weight: 400;\" aria-level=\"1\"><span style=\"font-weight: 400;\">A constru\u00e7\u00e3o e evolu\u00e7\u00e3o das hip\u00f3teses de leitura e escrita.<\/span> <span style=\"font-weight: 400;\">10<\/span><\/li><li style=\"font-weight: 400;\" aria-level=\"1\"><span style=\"font-weight: 400;\">Projeto did\u00e1tico para o trabalho com a leitura e a no processo de Letramento e Alfabetiza\u00e7\u00e3o. <\/span> <span style=\"font-weight: 400;\">10<\/span><\/li><li style=\"font-weight: 400;\" aria-level=\"1\"><span style=\"font-weight: 400;\">A persist\u00eancia de dilemas: prontid\u00e3o para a alfabetiza\u00e7\u00e3o e cartilhas de alfabetiza\u00e7\u00e3o.<\/span> <span style=\"font-weight: 400;\">10<\/span><\/li><\/ul><p><span style=\"font-weight: 400;\">M\u00f3dulo 4.\u00a0<\/span><\/p><ul><li style=\"font-weight: 400;\" aria-level=\"1\"><span style=\"font-weight: 400;\">Linguagem e Multiletramentos<\/span> <span style=\"font-weight: 400;\">10<\/span><\/li><li style=\"font-weight: 400;\" aria-level=\"1\"><span style=\"font-weight: 400;\">Reflex\u00f5es sobre a import\u00e2ncia da linguagem oral e escrita.<\/span> <span style=\"font-weight: 400;\">10<\/span><\/li><li style=\"font-weight: 400;\" aria-level=\"1\"><span style=\"font-weight: 400;\">Promo\u00e7\u00e3o de multiletramentos em diferentes linguagens e m\u00eddias. <\/span> <span style=\"font-weight: 400;\">10<\/span><\/li><li style=\"font-weight: 400;\" aria-level=\"1\"><span style=\"font-weight: 400;\">An\u00e1lise dos m\u00e9todos de Alfabetiza\u00e7\u00e3o.<\/span> <span style=\"font-weight: 400;\">10<\/span><\/li><li style=\"font-weight: 400;\" aria-level=\"1\"><span style=\"font-weight: 400;\">Projeto did\u00e1tico para o trabalho com a leitura e a no processo de Letramento e Alfabetiza\u00e7\u00e3o.<\/span> <span style=\"font-weight: 400;\">10<\/span><\/li><\/ul>                        <\/div>\n                    <\/div>\n                                    <div class=\"tab-pane elementkit-tab-pane elementor-repeater-item-27cacb9 \" id=\"content-27cacb969ea198944305\" role=\"tabpanel\"\n                         aria-labelledby=\"content-27cacb969ea198944305-tab\">\n                        <div class=\"animated fadeIn\">\n                            <p>Em Breve<\/p>                        <\/div>\n                    <\/div>\n                                \n            <\/div>\n                    <\/div>\n    <\/div>\t\t\t\t<\/div>\n\t\t\t\t<\/div>\n\t\t\t\t<\/div>\n\t\t\t\t<\/div>\n\t\t\t\t\t<\/div>\n\t\t\t\t<\/div>\n\t\t\t\t<\/div>\n\t\t","protected":false},"excerpt":{"rendered":"<p>Alfabetiza\u00e7\u00e3o e Letramento &#8211; P\u00d3S SOBRE O CURSO PERFIL DO EGRESSO OBJETIVOS CONTE\u00daDO DO CURSO DOWNLOADS Sobre o curso A P\u00f3s-Gradua\u00e7\u00e3o Lato Sensu em Alfabetiza\u00e7\u00e3o e Letramento da UNIFACP \u00e9 uma especializa\u00e7\u00e3o de 360 horas com dura\u00e7\u00e3o de 12 meses, oferecida na modalidade de Educa\u00e7\u00e3o a Dist\u00e2ncia (EAD). O curso \u00e9 destinado a profissionais graduados [&hellip;]<\/p>\n","protected":false},"author":1,"featured_media":0,"parent":0,"menu_order":0,"comment_status":"closed","ping_status":"closed","template":"","meta":{"footnotes":""},"class_list":["post-3077","page","type-page","status-publish","hentry"],"_links":{"self":[{"href":"https:\/\/unifacp.edu.br\/Home-page\/wp-json\/wp\/v2\/pages\/3077","targetHints":{"allow":["GET"]}}],"collection":[{"href":"https:\/\/unifacp.edu.br\/Home-page\/wp-json\/wp\/v2\/pages"}],"about":[{"href":"https:\/\/unifacp.edu.br\/Home-page\/wp-json\/wp\/v2\/types\/page"}],"author":[{"embeddable":true,"href":"https:\/\/unifacp.edu.br\/Home-page\/wp-json\/wp\/v2\/users\/1"}],"replies":[{"embeddable":true,"href":"https:\/\/unifacp.edu.br\/Home-page\/wp-json\/wp\/v2\/comments?post=3077"}],"version-history":[{"count":0,"href":"https:\/\/unifacp.edu.br\/Home-page\/wp-json\/wp\/v2\/pages\/3077\/revisions"}],"wp:attachment":[{"href":"https:\/\/unifacp.edu.br\/Home-page\/wp-json\/wp\/v2\/media?parent=3077"}],"curies":[{"name":"wp","href":"https:\/\/api.w.org\/{rel}","templated":true}]}}