{"id":3213,"date":"2025-07-29T17:40:42","date_gmt":"2025-07-29T17:40:42","guid":{"rendered":"https:\/\/unifacp.edu.br\/Home-page\/?page_id=3213"},"modified":"2025-10-21T18:17:17","modified_gmt":"2025-10-21T18:17:17","slug":"administracao-para-engenheiros-pos","status":"publish","type":"page","link":"https:\/\/unifacp.edu.br\/Home-page\/administracao-para-engenheiros-pos\/","title":{"rendered":"Administra\u00e7\u00e3o para Engenheiros P\u00f3s"},"content":{"rendered":"\t\t<div data-elementor-type=\"wp-page\" data-elementor-id=\"3213\" class=\"elementor elementor-3213\" data-elementor-post-type=\"page\">\n\t\t\t\t<div class=\"elementor-element elementor-element-2c75c0a e-flex e-con-boxed e-con e-parent\" data-id=\"2c75c0a\" data-element_type=\"container\" data-e-type=\"container\">\n\t\t\t\t\t<div class=\"e-con-inner\">\n\t\t<div class=\"elementor-element elementor-element-12fdbe4 e-con-full e-flex e-con e-child\" data-id=\"12fdbe4\" data-element_type=\"container\" data-e-type=\"container\">\n\t\t\t\t<div class=\"elementor-element elementor-element-213a543 elementor-widget elementor-widget-image\" data-id=\"213a543\" data-element_type=\"widget\" data-e-type=\"widget\" data-widget_type=\"image.default\">\n\t\t\t\t<div class=\"elementor-widget-container\">\n\t\t\t\t\t\t\t\t\t\t\t\t\t\t\t<img fetchpriority=\"high\" decoding=\"async\" width=\"1280\" height=\"450\" src=\"https:\/\/unifacp.edu.br\/wp-content\/uploads\/2025\/07\/BANNER-CUrSOS-SITE.png\" class=\"attachment-full size-full wp-image-3215\" alt=\"Administra\u00e7\u00e3o para Engenheiros Banner\" srcset=\"https:\/\/unifacp.edu.br\/wp-content\/uploads\/2025\/07\/BANNER-CUrSOS-SITE.png 1280w, https:\/\/unifacp.edu.br\/wp-content\/uploads\/2025\/07\/BANNER-CUrSOS-SITE-300x105.png 300w, https:\/\/unifacp.edu.br\/wp-content\/uploads\/2025\/07\/BANNER-CUrSOS-SITE-1024x360.png 1024w, https:\/\/unifacp.edu.br\/wp-content\/uploads\/2025\/07\/BANNER-CUrSOS-SITE-768x270.png 768w\" sizes=\"(max-width: 1280px) 100vw, 1280px\" \/>\t\t\t\t\t\t\t\t\t\t\t\t\t\t\t<\/div>\n\t\t\t\t<\/div>\n\t\t\t\t<\/div>\n\t\t<div class=\"elementor-element elementor-element-182e785 e-con-full e-flex e-con e-child\" data-id=\"182e785\" data-element_type=\"container\" data-e-type=\"container\">\n\t\t<div class=\"elementor-element elementor-element-708cb89 e-con-full e-flex e-con e-child\" data-id=\"708cb89\" data-element_type=\"container\" data-e-type=\"container\" data-settings=\"{&quot;background_background&quot;:&quot;classic&quot;}\">\n\t\t\t\t<div class=\"elementor-element elementor-element-4d47824 elementor-widget elementor-widget-heading\" data-id=\"4d47824\" data-element_type=\"widget\" data-e-type=\"widget\" data-widget_type=\"heading.default\">\n\t\t\t\t<div class=\"elementor-widget-container\">\n\t\t\t\t\t<h2 class=\"elementor-heading-title elementor-size-default\">Administra\u00e7\u00e3o para Engenheiros - P\u00f3s<\/h2>\t\t\t\t<\/div>\n\t\t\t\t<\/div>\n\t\t\t\t<\/div>\n\t\t<div class=\"elementor-element elementor-element-9398e15 e-con-full e-flex e-con e-child\" data-id=\"9398e15\" data-element_type=\"container\" data-e-type=\"container\">\n\t\t\t\t<div class=\"elementor-element elementor-element-bccaf4c elementor-widget elementor-widget-elementskit-simple-tab\" data-id=\"bccaf4c\" data-element_type=\"widget\" data-e-type=\"widget\" data-widget_type=\"elementskit-simple-tab.default\">\n\t\t\t\t<div class=\"elementor-widget-container\">\n\t\t\t\t\t<div class=\"ekit-wid-con\" >        <div class=\"elementkit-tab-wraper vertical  elementskit-fitcontent-tab \">\n            <ul class=\"nav nav-tabs elementkit-tab-nav  tab-nav-fluid\">\n                                    <li class=\"elementkit-nav-item elementor-repeater-item-08b6856\">\n                        <a class=\"elementkit-nav-link  active show left-pos\" id=\"content-08b685669ea1988afb41-tab\" data-ekit-handler-id=\"sobre-o-curso\" data-ekit-toggle=\"tab\" data-target=\"#content-08b685669ea1988afb41\" href=\"#Content-08b685669ea1988afb41\"\n                            data-ekit-toggle-trigger=\"click\"\n                            aria-describedby=\"Content-08b685669ea1988afb41\">\n                            <span class=\"elementskit-tab-icon\"><i class=\"icon icon-file-2\"><\/i><\/span>                            <span class=\"elementskit-tab-title\">SOBRE O CURSO<\/span>\n                        <\/a>\n                    <\/li>\n                                        <li class=\"elementkit-nav-item elementor-repeater-item-6451664\">\n                        <a class=\"elementkit-nav-link  left-pos\" id=\"content-645166469ea1988afb41-tab\" data-ekit-handler-id=\"perfil-do-egresso\" data-ekit-toggle=\"tab\" data-target=\"#content-645166469ea1988afb41\" href=\"#Content-645166469ea1988afb41\"\n                            data-ekit-toggle-trigger=\"click\"\n                            aria-describedby=\"Content-645166469ea1988afb41\">\n                            <span class=\"elementskit-tab-icon\"><i class=\"icon icon-id-card-1\"><\/i><\/span>                            <span class=\"elementskit-tab-title\">PERFIL DO EGRESSO<\/span>\n                        <\/a>\n                    <\/li>\n                                        <li class=\"elementkit-nav-item elementor-repeater-item-6e5479c\">\n                        <a class=\"elementkit-nav-link  left-pos\" id=\"content-6e5479c69ea1988afb41-tab\" data-ekit-handler-id=\"objetivos\" data-ekit-toggle=\"tab\" data-target=\"#content-6e5479c69ea1988afb41\" href=\"#Content-6e5479c69ea1988afb41\"\n                            data-ekit-toggle-trigger=\"click\"\n                            aria-describedby=\"Content-6e5479c69ea1988afb41\">\n                            <span class=\"elementskit-tab-icon\"><i class=\"icon icon-smart\"><\/i><\/span>                            <span class=\"elementskit-tab-title\">OBJETIVOS<\/span>\n                        <\/a>\n                    <\/li>\n                                        <li class=\"elementkit-nav-item elementor-repeater-item-5d0e245\">\n                        <a class=\"elementkit-nav-link  left-pos\" id=\"content-5d0e24569ea1988afb41-tab\" data-ekit-handler-id=\"conte-do-do-curso\" data-ekit-toggle=\"tab\" data-target=\"#content-5d0e24569ea1988afb41\" href=\"#Content-5d0e24569ea1988afb41\"\n                            data-ekit-toggle-trigger=\"click\"\n                            aria-describedby=\"Content-5d0e24569ea1988afb41\">\n                            <span class=\"elementskit-tab-icon\"><i class=\"icon icon-earth\"><\/i><\/span>                            <span class=\"elementskit-tab-title\">CONTE\u00daDO DO CURSO<\/span>\n                        <\/a>\n                    <\/li>\n                                        <li class=\"elementkit-nav-item elementor-repeater-item-27cacb9\">\n                        <a class=\"elementkit-nav-link  left-pos\" id=\"content-27cacb969ea1988afb41-tab\" data-ekit-handler-id=\"downloads\" data-ekit-toggle=\"tab\" data-target=\"#content-27cacb969ea1988afb41\" href=\"#Content-27cacb969ea1988afb41\"\n                            data-ekit-toggle-trigger=\"click\"\n                            aria-describedby=\"Content-27cacb969ea1988afb41\">\n                            <span class=\"elementskit-tab-icon\"><i class=\"icon icon-download\"><\/i><\/span>                            <span class=\"elementskit-tab-title\">DOWNLOADS<\/span>\n                        <\/a>\n                    <\/li>\n                                <\/ul>\n\n            <div class=\"tab-content elementkit-tab-content\">\n                                    <div class=\"tab-pane elementkit-tab-pane elementor-repeater-item-08b6856  active show\" id=\"content-08b685669ea1988afb41\" role=\"tabpanel\"\n                         aria-labelledby=\"content-08b685669ea1988afb41-tab\">\n                        <div class=\"animated fadeIn\">\n                            <h3><span style=\"color: #000000;\"><b>Sobre o Curso<\/b><\/span><\/h3><p><span style=\"color: #000000;\">Voc\u00ea projeta, calcula e otimiza. Sua mente anal\u00edtica foi treinada para resolver os problemas mais complexos, transformando teoria em realidade tang\u00edvel. Mas e quando o desafio n\u00e3o est\u00e1 na estrutura ou no c\u00f3digo, e sim na lideran\u00e7a de equipes, na defesa de um or\u00e7amento ou na defini\u00e7\u00e3o de uma estrat\u00e9gia de mercado?<\/span><\/p><p><span style=\"color: #000000;\">A P\u00f3s-Gradua\u00e7\u00e3o em\u00a0<b>Administra\u00e7\u00e3o para Engenheiros<\/b>\u00a0da UNIFACP foi meticulosamente desenhada para ser a ponte definitiva entre sua t\u00e9cnica e uma lideran\u00e7a de impacto. N\u00e3o estamos aqui para que voc\u00ea deixe de pensar como um engenheiro.\u00a0Pelo contr\u00e1rio: nosso objetivo \u00e9 potencializar seu racioc\u00ednio l\u00f3gico e aplic\u00e1-lo ao universo da gest\u00e3o, permitindo que voc\u00ea atue com mais efici\u00eancia em ambientes corporativos.<\/span><\/p><div>\u00a0<\/div><p><span style=\"color: #000000;\">Este curso \u00e9 uma jornada estruturada que parte dos fundamentos da administra\u00e7\u00e3o e avan\u00e7a para as mais sofisticadas estrat\u00e9gias empresariais.\u00a0Voc\u00ea ir\u00e1 dominar desde a gest\u00e3o estrat\u00e9gica de pessoas e as finan\u00e7as corporativas at\u00e9 a inova\u00e7\u00e3o, o marketing e a governan\u00e7a.\u00a0Cada disciplina \u00e9 enriquecida com estudos de caso pr\u00e1ticos, aproximando a teoria da sua realidade profissional e desenvolvendo suas habilidades para tomar decis\u00f5es assertivas, mesmo nos cen\u00e1rios mais complexos.<\/span><\/p><div>\u00a0<\/div><p><span style=\"color: #000000;\">Ao final, voc\u00ea n\u00e3o ser\u00e1 apenas um especialista t\u00e9cnico com no\u00e7\u00f5es de neg\u00f3cios. Voc\u00ea ser\u00e1 um l\u00edder completo, capaz de dialogar com a diretoria em termos de resultados financeiros e de comandar sua equipe com uma vis\u00e3o clara do futuro.<\/span><\/p><h4><span style=\"color: #000000;\"><b>Destaques do Curso:<\/b><\/span><\/h4><ul><li><p><span style=\"color: #000000;\"><b>Desenhado para Engenheiros:<\/b>\u00a0Um curso com foco total nas necessidades e desafios de profissionais da engenharia que desejam ampliar suas compet\u00eancias em gest\u00e3o.<\/span><\/p><div>\u00a0<\/div><\/li><li><p><span style=\"color: #000000;\"><b>Metodologia Pr\u00e1tica:<\/b>\u00a0Em todas as disciplinas haver\u00e1 estudo de caso, desenvolvendo habilidades de racioc\u00ednio empresarial para aproximar a teoria da realidade pr\u00e1tica profissional.<\/span><\/p><div>\u00a0<\/div><\/li><li><p><span style=\"color: #000000;\"><b>Flexibilidade do EAD:<\/b>\u00a0Aulas 100% online, com encontros ao vivo \u00e0s segundas e quartas-feiras\u00a0e grava\u00e7\u00f5es dispon\u00edveis por 10 dias para voc\u00ea assistir quando e onde quiser.<\/span><\/p><div>\u00a0<\/div><\/li><li><p><span style=\"color: #000000;\"><b>Jornada de 12 Meses:<\/b>\u00a0Uma especializa\u00e7\u00e3o completa de 360 horas, projetada para ser conclu\u00edda em apenas 12 meses, acelerando sua evolu\u00e7\u00e3o profissional.<\/span><\/p><\/li><\/ul><p><span style=\"color: #000000;\"><b>Este n\u00e3o \u00e9 um curso de administra\u00e7\u00e3o. \u00c9 a engenharia da gest\u00e3o.<\/b><\/span><\/p>                        <\/div>\n                    <\/div>\n                                    <div class=\"tab-pane elementkit-tab-pane elementor-repeater-item-6451664 \" id=\"content-645166469ea1988afb41\" role=\"tabpanel\"\n                         aria-labelledby=\"content-645166469ea1988afb41-tab\">\n                        <div class=\"animated fadeIn\">\n                            <h3><span style=\"color: #000000;\"><b>Perfil do Egresso<\/b><\/span><\/h3><p><span style=\"color: #000000;\">Ao concluir a\u00a0<i>P\u00f3s-Gradua\u00e7\u00e3o em Administra\u00e7\u00e3o para Engenheiros<\/i>, voc\u00ea transcende a fronteira da execu\u00e7\u00e3o t\u00e9cnica para se tornar um profissional h\u00edbrido, que une a precis\u00e3o e a l\u00f3gica da engenharia com a vis\u00e3o e a aud\u00e1cia da gest\u00e3o estrat\u00e9gica.<\/span><\/p><p><span style=\"color: #000000;\">O egresso deste curso n\u00e3o abandona sua identidade; ele a expande.\u00a0Ele se torna um l\u00edder completo, preparado para os desafios mais complexos do ambiente corporativo, com um perfil moldado sobre quatro pilares essenciais:<\/span><\/p><ul><li><p><span style=\"color: #000000;\"><b>L\u00edder Estrat\u00e9gico de Pessoas e Projetos:<\/b>\u00a0Capaz de desenvolver e liderar equipes de alta performance, traduzindo os objetivos da empresa em planos de a\u00e7\u00e3o execut\u00e1veis.\u00a0Domina a arte de gerir o capital humano, o clima organizacional e os projetos, garantindo entregas que unem excel\u00eancia t\u00e9cnica e resultado financeiro.<\/span><\/p><\/li><li><p><span style=\"color: #000000;\"><b>Decisor Anal\u00edtico e Assertivo:<\/b>\u00a0Preparado para analisar dados e cen\u00e1rios complexos para fundamentar decis\u00f5es de alto impacto.\u00a0Utiliza seu racioc\u00ednio anal\u00edtico, agora aprimorado para o mundo dos neg\u00f3cios\u00a0, para avaliar riscos\u00a0, custos\u00a0e oportunidades de investimento, movendo-se com seguran\u00e7a e precis\u00e3o.<\/span><\/p><\/li><li><p><span style=\"color: #000000;\"><b>Estrategista com Vis\u00e3o de Mercado:<\/b>\u00a0Possui uma compreens\u00e3o integrada das \u00e1reas que movem uma organiza\u00e7\u00e3o, desde as Finan\u00e7as Corporativas\u00a0e o Marketing Estrat\u00e9gico\u00a0at\u00e9 a cria\u00e7\u00e3o de novos modelos de neg\u00f3cio. \u00c9 um profissional que n\u00e3o apenas responde \u00e0s demandas, mas as antecipa, propondo e direcionando o crescimento.<\/span><\/p><\/li><li><p><span style=\"color: #000000;\"><b>Agente de Inova\u00e7\u00e3o e Governan\u00e7a:<\/b>\u00a0Atua como um promotor da cultura da inova\u00e7\u00e3o\u00a0e das melhores pr\u00e1ticas de governan\u00e7a corporativa.\u00a0Est\u00e1 apto a gerenciar riscos, implementar pol\u00edticas de compliance e garantir a sustentabilidade dos neg\u00f3cios, posicionando-se na vanguarda das exig\u00eancias do mercado moderno.<\/span><\/p><\/li><\/ul><p><span style=\"color: #000000;\">Em suma, o egresso deste curso \u00e9 o profissional que o mercado busca: um engenheiro que n\u00e3o apenas constr\u00f3i produtos e solu\u00e7\u00f5es, mas que\u00a0<b>constr\u00f3i o futuro de organiza\u00e7\u00f5es inteiras.<\/b><\/span><\/p>                        <\/div>\n                    <\/div>\n                                    <div class=\"tab-pane elementkit-tab-pane elementor-repeater-item-6e5479c \" id=\"content-6e5479c69ea1988afb41\" role=\"tabpanel\"\n                         aria-labelledby=\"content-6e5479c69ea1988afb41-tab\">\n                        <div class=\"animated fadeIn\">\n                            <h3><span style=\"color: #000000;\"><b>Objetivos do Curso<\/b><\/span><\/h3><p><span style=\"color: #000000;\">Este curso n\u00e3o \u00e9 sobre teoria, \u00e9 sobre capacita\u00e7\u00e3o. Cada m\u00f3dulo e disciplina foi estruturado com objetivos claros, desenhados para construir, pilar por pilar, o profissional que voc\u00ea deseja se tornar. Nossa miss\u00e3o \u00e9:<\/span><\/p><ul><li style=\"list-style-type: none;\"><ul><li><p><span style=\"color: #000000;\"><b>Equipar Voc\u00ea com um Arsenal de Gest\u00e3o Estrat\u00e9gica.<\/b><\/span><\/p><p><span style=\"color: #000000;\">Fornecer as ferramentas administrativas essenciais para profissionais da engenharia, capacitando-o a dominar a gest\u00e3o de projetos, a lideran\u00e7a de equipes e o planejamento estrat\u00e9gico.<\/span><\/p><\/li><li><p><span style=\"color: #000000;\"><b>Elevar seu Racioc\u00ednio Anal\u00edtico a um Novo Patamar.<\/b><\/span><\/p><p><span style=\"color: #000000;\">Aprimorar sua capacidade inata de an\u00e1lise para a tomada de decis\u00f5es de neg\u00f3cios\u00a0, permitindo que voc\u00ea interprete dados e cen\u00e1rios complexos para fazer escolhas mais r\u00e1pidas e assertivas.<\/span><\/p><\/li><li><p><span style=\"color: #000000;\"><b>Construir a Ponte Definitiva Entre a T\u00e9cnica e o Neg\u00f3cio.<\/b><\/span><\/p><p><span style=\"color: #000000;\">Integrar seu profundo conhecimento t\u00e9cnico com as mais eficientes pr\u00e1ticas de gest\u00e3o, garantindo que voc\u00ea atue com m\u00e1xima performance e impacto dentro do ambiente corporativo.<\/span><\/p><\/li><li><p><span style=\"color: #000000;\"><b>Formar um L\u00edder Consciente e Respons\u00e1vel.<\/b><\/span><\/p><blockquote><p><span style=\"color: #000000;\">Desenvolver uma consci\u00eancia cr\u00edtica sobre a seguran\u00e7a no trabalho e os impactos diretos e indiretos de cada decis\u00e3o de engenharia, fortalecendo sua atua\u00e7\u00e3o como um gestor \u00e9tico e preparado.<\/span><\/p><\/blockquote><\/li><\/ul><\/li><\/ul>                        <\/div>\n                    <\/div>\n                                    <div class=\"tab-pane elementkit-tab-pane elementor-repeater-item-5d0e245 \" id=\"content-5d0e24569ea1988afb41\" role=\"tabpanel\"\n                         aria-labelledby=\"content-5d0e24569ea1988afb41-tab\">\n                        <div class=\"animated fadeIn\">\n                            <h3><span style=\"color: #000000;\"><b>Estrutura Curricular<\/b><\/span><\/h3><p><span style=\"color: #000000;\">Nossa estrutura curricular de 360 horas\u00a0foi desenhada como um projeto de engenharia: cada etapa \u00e9 constru\u00edda sobre a anterior, criando uma base s\u00f3lida de conhecimento e uma capacidade de gest\u00e3o que se expande a cada m\u00f3dulo.\u00a0O aprendizado \u00e9 pr\u00e1tico, enriquecido com estudos de caso, debates e conte\u00fados multim\u00eddia que conectam a teoria \u00e0 sua realidade profissional.<\/span><\/p><p><span style=\"color: #000000;\">Esta \u00e9 a sua jornada, passo a passo:<\/span><\/p><p><span style=\"color: #000000;\"><b>M\u00f3dulo 1 \u2013 Fundamentos da Administra\u00e7\u00e3o (90 horas)<\/b><\/span><\/p><p><span style=\"color: #000000;\">O ponto de partida. Aqui, voc\u00ea construir\u00e1 a base da sua nova pir\u00e2mide de conhecimento, dominando os pilares que sustentam qualquer organiza\u00e7\u00e3o de sucesso e aprendendo a pensar como um gestor inovador.<\/span><\/p><ul><li><p><span style=\"color: #000000;\"><b>T\u00f3picos abordados:<\/b><\/span><\/p><ul><li><p><span style=\"color: #000000;\">Planejamento e organiza\u00e7\u00e3o.<\/span><\/p><\/li><li><p><span style=\"color: #000000;\">Dire\u00e7\u00e3o e Controle.<\/span><\/p><\/li><li><p><span style=\"color: #000000;\">Inova\u00e7\u00e3o e Empreendedorismo: cria\u00e7\u00e3o de novos modelos de neg\u00f3cio, startups e cultura da inova\u00e7\u00e3o.<\/span><\/p><\/li><\/ul><\/li><\/ul><p><span style=\"color: #000000;\"><b>M\u00f3dulo 2 \u2013 Gest\u00e3o de Recursos (90 horas)<\/b><\/span><\/p><p><span style=\"color: #000000;\">Com a base s\u00f3lida, o foco se volta para os dois recursos mais cr\u00edticos de qualquer empresa: pessoas e capital. Voc\u00ea aprender\u00e1 a liderar equipes de alta performance e a tomar decis\u00f5es financeiras inteligentes que impulsionam o crescimento.<\/span><\/p><ul><li><p><span style=\"color: #000000;\"><b>T\u00f3picos abordados:<\/b><\/span><\/p><ul><li><p><span style=\"color: #000000;\">Gest\u00e3o estrat\u00e9gica de pessoas e lideran\u00e7a: desenvolvimento de equipes de alta performance, clima organizacional, coaching.<\/span><\/p><\/li><li><p><span style=\"color: #000000;\">Finan\u00e7as Corporativas: an\u00e1lise financeira, decis\u00f5es de investimento e financiamento.<\/span><\/p><\/li><li><p><span style=\"color: #000000;\">Planejamento e Gest\u00e3o Empresarial: ferramentas para planejamento estrat\u00e9gico e execu\u00e7\u00e3o.<\/span><\/p><\/li><\/ul><\/li><\/ul><p><span style=\"color: #000000;\"><b>M\u00f3dulo 3 \u2013 Estrat\u00e9gias Empresariais (90 horas)<\/b><\/span><\/p><p><span style=\"color: #000000;\">Nesta fase, voc\u00ea eleva sua vis\u00e3o para o n\u00edvel estrat\u00e9gico. O objetivo \u00e9 aprender a posicionar a empresa no mercado, entender o comportamento do consumidor, otimizar custos e criar vantagens competitivas duradouras.<\/span><\/p><ul><li><p><span style=\"color: #000000;\"><b>T\u00f3picos abordados:<\/b><\/span><\/p><ul><li><p><span style=\"color: #000000;\">Estrat\u00e9gia de Neg\u00f3cios: n\u00edvel corporativo, de unidade de neg\u00f3cios e funcional.<\/span><\/p><\/li><li><p><span style=\"color: #000000;\">Marketing Estrat\u00e9gico: posicionamento de mercado, comportamento do consumidor e diferencia\u00e7\u00e3o competitiva.<\/span><\/p><\/li><li><p><span style=\"color: #000000;\">Gest\u00e3o estrat\u00e9gica de custos e tomada de decis\u00f5es.<\/span><\/p><\/li><\/ul><\/li><\/ul><p><span style=\"color: #000000;\"><b>M\u00f3dulo 4 \u2013 Governan\u00e7a (90 horas)<\/b><\/span><\/p><p><span style=\"color: #000000;\">No topo da pir\u00e2mide, voc\u00ea dominar\u00e1 os temas que definem a gest\u00e3o moderna. Este m\u00f3dulo prepara voc\u00ea para navegar no ambiente de neg\u00f3cios contempor\u00e2neo com \u00e9tica, seguran\u00e7a e uma vis\u00e3o de futuro.<\/span><\/p><ul><li><p><span style=\"color: #000000;\"><b>T\u00f3picos abordados:<\/b><\/span><\/p><ul><li><p><span style=\"color: #000000;\">Gest\u00e3o de Riscos e Sustentabilidade nas Organiza\u00e7\u00f5es.<\/span><\/p><\/li><li><p><span style=\"color: #000000;\">Planejamento Estrat\u00e9gico e Consultoria Empresarial.<\/span><\/p><\/li><li><p><span style=\"color: #000000;\">Compliance e a nova vis\u00e3o jur\u00eddica.<\/span><\/p><\/li><\/ul><\/li><\/ul>                        <\/div>\n                    <\/div>\n                                    <div class=\"tab-pane elementkit-tab-pane elementor-repeater-item-27cacb9 \" id=\"content-27cacb969ea1988afb41\" role=\"tabpanel\"\n                         aria-labelledby=\"content-27cacb969ea1988afb41-tab\">\n                        <div class=\"animated fadeIn\">\n                            <p>Em Breve<\/p>                        <\/div>\n                    <\/div>\n                                \n            <\/div>\n                    <\/div>\n    <\/div>\t\t\t\t<\/div>\n\t\t\t\t<\/div>\n\t\t\t\t<\/div>\n\t\t\t\t<\/div>\n\t\t\t\t\t<\/div>\n\t\t\t\t<\/div>\n\t\t\t\t<\/div>\n\t\t","protected":false},"excerpt":{"rendered":"<p>Administra\u00e7\u00e3o para Engenheiros &#8211; P\u00f3s SOBRE O CURSO PERFIL DO EGRESSO OBJETIVOS CONTE\u00daDO DO CURSO DOWNLOADS Sobre o Curso Voc\u00ea projeta, calcula e otimiza. Sua mente anal\u00edtica foi treinada para resolver os problemas mais complexos, transformando teoria em realidade tang\u00edvel. Mas e quando o desafio n\u00e3o est\u00e1 na estrutura ou no c\u00f3digo, e sim na [&hellip;]<\/p>\n","protected":false},"author":1,"featured_media":0,"parent":0,"menu_order":0,"comment_status":"closed","ping_status":"closed","template":"","meta":{"footnotes":""},"class_list":["post-3213","page","type-page","status-publish","hentry"],"_links":{"self":[{"href":"https:\/\/unifacp.edu.br\/Home-page\/wp-json\/wp\/v2\/pages\/3213","targetHints":{"allow":["GET"]}}],"collection":[{"href":"https:\/\/unifacp.edu.br\/Home-page\/wp-json\/wp\/v2\/pages"}],"about":[{"href":"https:\/\/unifacp.edu.br\/Home-page\/wp-json\/wp\/v2\/types\/page"}],"author":[{"embeddable":true,"href":"https:\/\/unifacp.edu.br\/Home-page\/wp-json\/wp\/v2\/users\/1"}],"replies":[{"embeddable":true,"href":"https:\/\/unifacp.edu.br\/Home-page\/wp-json\/wp\/v2\/comments?post=3213"}],"version-history":[{"count":0,"href":"https:\/\/unifacp.edu.br\/Home-page\/wp-json\/wp\/v2\/pages\/3213\/revisions"}],"wp:attachment":[{"href":"https:\/\/unifacp.edu.br\/Home-page\/wp-json\/wp\/v2\/media?parent=3213"}],"curies":[{"name":"wp","href":"https:\/\/api.w.org\/{rel}","templated":true}]}}