{"id":3240,"date":"2025-07-30T12:00:06","date_gmt":"2025-07-30T12:00:06","guid":{"rendered":"https:\/\/unifacp.edu.br\/Home-page\/?page_id=3240"},"modified":"2026-01-22T11:35:51","modified_gmt":"2026-01-22T11:35:51","slug":"saude-coletiva","status":"publish","type":"page","link":"https:\/\/unifacp.edu.br\/Home-page\/saude-coletiva\/","title":{"rendered":"Sa\u00fade Coletiva"},"content":{"rendered":"\t\t<div data-elementor-type=\"wp-page\" data-elementor-id=\"3240\" class=\"elementor elementor-3240\" data-elementor-post-type=\"page\">\n\t\t\t\t<div class=\"elementor-element elementor-element-9f6918c e-flex e-con-boxed e-con e-parent\" data-id=\"9f6918c\" data-element_type=\"container\" data-e-type=\"container\">\n\t\t\t\t\t<div class=\"e-con-inner\">\n\t\t<div class=\"elementor-element elementor-element-4755fb6 e-con-full e-flex e-con e-child\" data-id=\"4755fb6\" data-element_type=\"container\" data-e-type=\"container\">\n\t\t\t\t<div class=\"elementor-element elementor-element-f0fe7a5 elementor-widget elementor-widget-image\" data-id=\"f0fe7a5\" data-element_type=\"widget\" data-e-type=\"widget\" data-widget_type=\"image.default\">\n\t\t\t\t<div class=\"elementor-widget-container\">\n\t\t\t\t\t\t\t\t\t\t\t\t\t\t\t<img fetchpriority=\"high\" decoding=\"async\" width=\"1280\" height=\"450\" src=\"https:\/\/unifacp.edu.br\/wp-content\/uploads\/2026\/01\/2.jpg\" class=\"attachment-full size-full wp-image-4495\" alt=\"saude da familia\" srcset=\"https:\/\/unifacp.edu.br\/wp-content\/uploads\/2026\/01\/2.jpg 1280w, https:\/\/unifacp.edu.br\/wp-content\/uploads\/2026\/01\/2-300x105.jpg 300w, https:\/\/unifacp.edu.br\/wp-content\/uploads\/2026\/01\/2-1024x360.jpg 1024w, https:\/\/unifacp.edu.br\/wp-content\/uploads\/2026\/01\/2-768x270.jpg 768w\" sizes=\"(max-width: 1280px) 100vw, 1280px\" \/>\t\t\t\t\t\t\t\t\t\t\t\t\t\t\t<\/div>\n\t\t\t\t<\/div>\n\t\t\t\t<\/div>\n\t\t<div class=\"elementor-element elementor-element-b8b3ee1 e-con-full e-flex e-con e-child\" data-id=\"b8b3ee1\" data-element_type=\"container\" data-e-type=\"container\">\n\t\t<div class=\"elementor-element elementor-element-fd5b9d6 e-con-full e-flex e-con e-child\" data-id=\"fd5b9d6\" data-element_type=\"container\" data-e-type=\"container\" data-settings=\"{&quot;background_background&quot;:&quot;classic&quot;}\">\n\t\t\t\t<div class=\"elementor-element elementor-element-51a1942 elementor-widget elementor-widget-heading\" data-id=\"51a1942\" data-element_type=\"widget\" data-e-type=\"widget\" data-widget_type=\"heading.default\">\n\t\t\t\t<div class=\"elementor-widget-container\">\n\t\t\t\t\t<h2 class=\"elementor-heading-title elementor-size-default\">sa\u00fade da fam\u00edlia - P\u00d3S<\/h2>\t\t\t\t<\/div>\n\t\t\t\t<\/div>\n\t\t\t\t<\/div>\n\t\t<div class=\"elementor-element elementor-element-59c50fe e-con-full e-flex e-con e-child\" data-id=\"59c50fe\" data-element_type=\"container\" data-e-type=\"container\">\n\t\t\t\t<div class=\"elementor-element elementor-element-08681c3 elementor-widget elementor-widget-elementskit-simple-tab\" data-id=\"08681c3\" data-element_type=\"widget\" data-e-type=\"widget\" data-widget_type=\"elementskit-simple-tab.default\">\n\t\t\t\t<div class=\"elementor-widget-container\">\n\t\t\t\t\t<div class=\"ekit-wid-con\" >        <div class=\"elementkit-tab-wraper vertical  elementskit-fitcontent-tab \">\n            <ul class=\"nav nav-tabs elementkit-tab-nav  tab-nav-fluid\">\n                                    <li class=\"elementkit-nav-item elementor-repeater-item-08b6856\">\n                        <a class=\"elementkit-nav-link  active show left-pos\" id=\"content-08b685669ea19846d655-tab\" data-ekit-handler-id=\"sobre-o-curso\" data-ekit-toggle=\"tab\" data-target=\"#content-08b685669ea19846d655\" href=\"#Content-08b685669ea19846d655\"\n                            data-ekit-toggle-trigger=\"click\"\n                            aria-describedby=\"Content-08b685669ea19846d655\">\n                            <span class=\"elementskit-tab-icon\"><i class=\"icon icon-file-2\"><\/i><\/span>                            <span class=\"elementskit-tab-title\">SOBRE O CURSO<\/span>\n                        <\/a>\n                    <\/li>\n                                        <li class=\"elementkit-nav-item elementor-repeater-item-6451664\">\n                        <a class=\"elementkit-nav-link  left-pos\" id=\"content-645166469ea19846d655-tab\" data-ekit-handler-id=\"perfil-do-egresso\" data-ekit-toggle=\"tab\" data-target=\"#content-645166469ea19846d655\" href=\"#Content-645166469ea19846d655\"\n                            data-ekit-toggle-trigger=\"click\"\n                            aria-describedby=\"Content-645166469ea19846d655\">\n                            <span class=\"elementskit-tab-icon\"><i class=\"icon icon-id-card-1\"><\/i><\/span>                            <span class=\"elementskit-tab-title\">PERFIL DO EGRESSO<\/span>\n                        <\/a>\n                    <\/li>\n                                        <li class=\"elementkit-nav-item elementor-repeater-item-6e5479c\">\n                        <a class=\"elementkit-nav-link  left-pos\" id=\"content-6e5479c69ea19846d655-tab\" data-ekit-handler-id=\"objetivos\" data-ekit-toggle=\"tab\" data-target=\"#content-6e5479c69ea19846d655\" href=\"#Content-6e5479c69ea19846d655\"\n                            data-ekit-toggle-trigger=\"click\"\n                            aria-describedby=\"Content-6e5479c69ea19846d655\">\n                            <span class=\"elementskit-tab-icon\"><i class=\"icon icon-smart\"><\/i><\/span>                            <span class=\"elementskit-tab-title\">OBJETIVOS<\/span>\n                        <\/a>\n                    <\/li>\n                                        <li class=\"elementkit-nav-item elementor-repeater-item-5d0e245\">\n                        <a class=\"elementkit-nav-link  left-pos\" id=\"content-5d0e24569ea19846d655-tab\" data-ekit-handler-id=\"conte-do-do-curso\" data-ekit-toggle=\"tab\" data-target=\"#content-5d0e24569ea19846d655\" href=\"#Content-5d0e24569ea19846d655\"\n                            data-ekit-toggle-trigger=\"click\"\n                            aria-describedby=\"Content-5d0e24569ea19846d655\">\n                            <span class=\"elementskit-tab-icon\"><i class=\"icon icon-earth\"><\/i><\/span>                            <span class=\"elementskit-tab-title\">CONTE\u00daDO DO CURSO<\/span>\n                        <\/a>\n                    <\/li>\n                                        <li class=\"elementkit-nav-item elementor-repeater-item-27cacb9\">\n                        <a class=\"elementkit-nav-link  left-pos\" id=\"content-27cacb969ea19846d655-tab\" data-ekit-handler-id=\"downloads\" data-ekit-toggle=\"tab\" data-target=\"#content-27cacb969ea19846d655\" href=\"#Content-27cacb969ea19846d655\"\n                            data-ekit-toggle-trigger=\"click\"\n                            aria-describedby=\"Content-27cacb969ea19846d655\">\n                            <span class=\"elementskit-tab-icon\"><i class=\"icon icon-download\"><\/i><\/span>                            <span class=\"elementskit-tab-title\">DOWNLOADS<\/span>\n                        <\/a>\n                    <\/li>\n                                <\/ul>\n\n            <div class=\"tab-content elementkit-tab-content\">\n                                    <div class=\"tab-pane elementkit-tab-pane elementor-repeater-item-08b6856  active show\" id=\"content-08b685669ea19846d655\" role=\"tabpanel\"\n                         aria-labelledby=\"content-08b685669ea19846d655-tab\">\n                        <div class=\"animated fadeIn\">\n                            <h4><b>Sobre o Curso<\/b><\/h4><p>Voc\u00ea, profissional da sa\u00fade, dedica sua vida ao cuidado individual. Mas e se fosse poss\u00edvel ampliar essa miss\u00e3o, impactando a sa\u00fade de bairros, cidades e de toda uma popula\u00e7\u00e3o? Como transformar a dedica\u00e7\u00e3o da linha de frente em pol\u00edticas p\u00fablicas eficazes e em um sistema mais forte e resiliente?<\/p><p>A P\u00f3s-Gradua\u00e7\u00e3o em Sa\u00fade da Fam\u00edlia\u00a0da UNIFACP \u00e9 a resposta.\u00a0Este curso \u00e9 uma imers\u00e3o profunda e estrat\u00e9gica na arquitetura da sa\u00fade p\u00fablica brasileira, desenhado para capacitar profissionais a atuarem com m\u00e1xima compet\u00eancia na Aten\u00e7\u00e3o Prim\u00e1ria \u00e0 Sa\u00fade.\u00a0Nosso foco \u00e9 fortalecer sua atua\u00e7\u00e3o, especialmente dentro da Estrat\u00e9gia Sa\u00fade da Fam\u00edlia (ESF)\u00a0, e desenvolver suas habilidades para planejar, organizar e supervisionar a\u00e7\u00f5es que realmente fazem a diferen\u00e7a.<\/p><h4><b>Destaques do Curso:<\/b><\/h4><ul><li><p><b>Foco na Realidade do SUS:<\/b>\u00a0A metodologia promove a integra\u00e7\u00e3o entre teoria e pr\u00e1tica, com foco total na realidade dos servi\u00e7os p\u00fablicos de sa\u00fade no Brasil.<\/p><\/li><li><p><b>Corpo Docente Atuante:<\/b>\u00a0A coordena\u00e7\u00e3o \u00e9 liderada por um profissional com vasta experi\u00eancia pr\u00e1tica e acad\u00eamica em gest\u00e3o no Sistema \u00danico de Sa\u00fade, incluindo especializa\u00e7\u00f5es e mestrado pela UNICAMP.<\/p><\/li><li><p><b>Flexibilidade do EAD:<\/b>\u00a0Curso 100% a dist\u00e2ncia, com aulas ao vivo \u00e0s segundas e quartas-feiras\u00a0e grava\u00e7\u00f5es dispon\u00edveis por 10 dias, permitindo que voc\u00ea concilie os estudos com sua rotina profissional.<\/p><\/li><li><p><b>T\u00edtulo de Especialista:<\/b>\u00a0Ao final de 12 meses\u00a0, voc\u00ea receber\u00e1 o t\u00edtulo de Especialista em Sa\u00fade P\u00fablica, com um certificado reconhecido em todo o Brasil.<\/p><\/li><\/ul>                        <\/div>\n                    <\/div>\n                                    <div class=\"tab-pane elementkit-tab-pane elementor-repeater-item-6451664 \" id=\"content-645166469ea19846d655\" role=\"tabpanel\"\n                         aria-labelledby=\"content-645166469ea19846d655-tab\">\n                        <div class=\"animated fadeIn\">\n                            <h3><b>Perfil do Egresso<\/b><\/h3><h4>O egresso desta especializa\u00e7\u00e3o transcende a pr\u00e1tica cl\u00ednica para se tornar um estrategista da sa\u00fade. \u00c9 um profissional com vis\u00e3o sist\u00eamica, capaz de compreender e atuar sobre os complexos fatores que determinam a sa\u00fade de uma popula\u00e7\u00e3o, tornando-se um agente de mudan\u00e7a fundamental dentro do Sistema \u00danico de Sa\u00fade.<\/h4><ul><li><p><b>Estrategista em Sa\u00fade P\u00fablica:<\/b>\u00a0Domina as compet\u00eancias para planejar, organizar e supervisionar a\u00e7\u00f5es de sa\u00fade coletiva, otimizando recursos e equipes para alcan\u00e7ar melhores resultados.<\/p><div>\u00a0<\/div><\/li><li><p><b>Analista de Cen\u00e1rios de Sa\u00fade:<\/b>\u00a0Utiliza ferramentas da epidemiologia e da vigil\u00e2ncia em sa\u00fade para monitorar, interpretar e agir sobre o perfil de sa\u00fade da popula\u00e7\u00e3o, antecipando necessidades e orientando decis\u00f5es.<\/p><div>\u00a0<\/div><\/li><li><p><b>Articulador de Pol\u00edticas e Redes:<\/b>\u00a0Possui conhecimento aprofundado sobre as pol\u00edticas p\u00fablicas de sa\u00fade no Brasil, compreendendo o funcionamento da Rede de Aten\u00e7\u00e3o \u00e0 Sa\u00fade (RAS) e o seu papel na garantia do cuidado integral.<\/p><div>\u00a0<\/div><\/li><li><p><b>L\u00edder na Aten\u00e7\u00e3o Prim\u00e1ria:<\/b>\u00a0Est\u00e1 especialmente preparado para fortalecer a Estrat\u00e9gia Sa\u00fade da Fam\u00edlia (ESF), promovendo a educa\u00e7\u00e3o em sa\u00fade e aplicando os princ\u00edpios da preven\u00e7\u00e3o e promo\u00e7\u00e3o para melhorar a qualidade de vida da comunidade.<\/p><\/li><\/ul>                        <\/div>\n                    <\/div>\n                                    <div class=\"tab-pane elementkit-tab-pane elementor-repeater-item-6e5479c \" id=\"content-6e5479c69ea19846d655\" role=\"tabpanel\"\n                         aria-labelledby=\"content-6e5479c69ea19846d655-tab\">\n                        <div class=\"animated fadeIn\">\n                            <h3><b>Objetivos do Curso<\/b><\/h3><p>Cada componente curricular foi selecionado com um prop\u00f3sito claro: fornecer a voc\u00ea as ferramentas para se tornar um profissional mais completo e resolutivo. Nossos objetivos s\u00e3o:<\/p><ul><li><p><b>Fortalecer sua atua\u00e7\u00e3o na Linha de Frente:<\/b>\u00a0Capacitar voc\u00ea para uma atua\u00e7\u00e3o de excel\u00eancia na aten\u00e7\u00e3o prim\u00e1ria \u00e0 sa\u00fade, com foco especial na Estrat\u00e9gia Sa\u00fade da Fam\u00edlia (ESF).<\/p><div>\u00a0<\/div><\/li><li><p><b>Desenvolver sua Compet\u00eancia como Gestor:<\/b>\u00a0Ampliar suas habilidades para planejar, organizar e supervisionar a\u00e7\u00f5es e servi\u00e7os voltados \u00e0 sa\u00fade p\u00fablica.<\/p><div>\u00a0<\/div><\/li><li><p><b>Aprofundar seu Dom\u00ednio sobre o Sistema de Sa\u00fade:<\/b>\u00a0Garantir que voc\u00ea tenha conhecimento aprofundado sobre as pol\u00edticas p\u00fablicas, a vigil\u00e2ncia em sa\u00fade, a gest\u00e3o de servi\u00e7os e a promo\u00e7\u00e3o da sa\u00fade no Brasil.<\/p><div>\u00a0<\/div><\/li><li><p><b>Integrar Teoria e Pr\u00e1tica para Resultados Reais:<\/b>\u00a0Promover uma conex\u00e3o direta entre o conhecimento adquirido e a realidade dos servi\u00e7os p\u00fablicos de sa\u00fade, atrav\u00e9s de estudos de caso e discuss\u00f5es aplicadas.<\/p><\/li><\/ul>                        <\/div>\n                    <\/div>\n                                    <div class=\"tab-pane elementkit-tab-pane elementor-repeater-item-5d0e245 \" id=\"content-5d0e24569ea19846d655\" role=\"tabpanel\"\n                         aria-labelledby=\"content-5d0e24569ea19846d655-tab\">\n                        <div class=\"animated fadeIn\">\n                            <ul><li aria-level=\"1\"><b>Matriz Curricular<\/b><\/li><\/ul><table><tbody><tr><td><p><b>N\u00ba<\/b><\/p><\/td><td><p><b>M\u00f3dulos<\/b><\/p><\/td><td><p><b>Professor(a)<\/b><\/p><\/td><td><p><b>Titula\u00e7\u00e3o<\/b><\/p><\/td><td><p><b>C\/H<\/b><\/p><\/td><\/tr><tr><td><p><b><i>1.<\/i><\/b><\/p><\/td><td><p><b>Organiza\u00e7\u00e3o e Pol\u00edticas de Sa\u00fade\u00a0<\/b><\/p><\/td><td>\u00a0<\/td><td>\u00a0<\/td><td><p><b>90<\/b><\/p><\/td><\/tr><tr><td><p><b><i>2.<\/i><\/b><\/p><\/td><td><p><b>Promo\u00e7\u00e3o da Sa\u00fade e Preven\u00e7\u00e3o de Doen\u00e7a<\/b><\/p><\/td><td>\u00a0<\/td><td>\u00a0<\/td><td><p><b>90<\/b><\/p><\/td><\/tr><tr><td><p><b>3.<\/b><\/p><\/td><td><p><b>Epidemiologia e Vigil\u00e2ncia em Sa\u00fade<\/b><\/p><\/td><td>\u00a0<\/td><td>\u00a0<\/td><td><p><b>90<\/b><\/p><\/td><\/tr><tr><td><p><b><i>4.<\/i><\/b><\/p><\/td><td><p><b>Planejamento e Gest\u00e3o em Sa\u00fade<\/b><\/p><\/td><td>\u00a0<\/td><td>\u00a0<\/td><td><p><b><i>90<\/i><\/b><\/p><\/td><\/tr><tr><td colspan=\"4\"><p><b>TOTAL<\/b><\/p><\/td><td><p><b>360<\/b><\/p><\/td><\/tr><\/tbody><\/table><p><i><span style=\"font-weight: 400;\">Obs.<\/span><\/i><span style=\"font-weight: 400;\"> A integraliza\u00e7\u00e3o da carga hor\u00e1ria ser\u00e1 composta por diversos meios de aprendizagem, tais como: v\u00eddeos, <\/span><i><span style=\"font-weight: 400;\">podcasts<\/span><\/i><span style=\"font-weight: 400;\">, entrevistas com profissionais da \u00e1rea, f\u00f3runs de debates com monitoria, <\/span><i><span style=\"font-weight: 400;\">lives<\/span><\/i><span style=\"font-weight: 400;\"> e outros materiais de apoio. Em todas as disciplinas haver\u00e1 estudo de caso, desenvolvendo habilidades de racioc\u00ednio pedag\u00f3gico, a fim de aproximar a teoria da realidade pr\u00e1tica profissional, qualificando sua atua\u00e7\u00e3o docente.<\/span><\/p><p><b>Conte\u00fado dos m\u00f3dulos<\/b><\/p><table><tbody><tr><td><p><b>Modulo 1 \u2013 Organiza\u00e7\u00e3o e Pol\u00edticas de Sa\u00fade\u00a0<\/b><\/p><\/td><td><p><b>C\/H\u00a0<\/b><\/p><\/td><\/tr><tr><td><p><span style=\"font-weight: 400;\">Evolu\u00e7\u00e3o hist\u00f3rica e princ\u00edpios do SUS<\/span><\/p><\/td><td><p><span style=\"font-weight: 400;\">30<\/span><\/p><\/td><\/tr><tr><td><p><span style=\"font-weight: 400;\">Legisla\u00e7\u00e3o e financiamento da sa\u00fade p\u00fablica<\/span><\/p><\/td><td><p><span style=\"font-weight: 400;\">30<\/span><\/p><\/td><\/tr><tr><td><p><span style=\"font-weight: 400;\">Estrat\u00e9gia Sa\u00fade da Fam\u00edlia e o papel do NASF<\/span><\/p><\/td><td><p><span style=\"font-weight: 400;\">30<\/span><\/p><\/td><\/tr><tr><td><p><b>Total<\/b><\/p><\/td><td><p><b>90<\/b><\/p><\/td><\/tr><\/tbody><\/table><table><tbody><tr><td><p><b>Modulo 2 \u2013 Promo\u00e7\u00e3o da Sa\u00fade e Preven\u00e7\u00e3o de Doen\u00e7a<\/b><\/p><\/td><td><p><b>C\/H<\/b><\/p><\/td><\/tr><tr><td><p><span style=\"font-weight: 400;\">Sa\u00fade da Mulher, da crian\u00e7a, do adulto, do idoso e do homem.<\/span><\/p><\/td><td><p><span style=\"font-weight: 400;\">30<\/span><\/p><\/td><\/tr><tr><td><p><span style=\"font-weight: 400;\">Protocolos cl\u00ednicos e diretrizes terap\u00eauticas<\/span><\/p><\/td><td><p><span style=\"font-weight: 400;\">15<\/span><\/p><\/td><\/tr><tr><td><p><span style=\"font-weight: 400;\">Abordagem familiar e comunit\u00e1ria<\/span><\/p><\/td><td><p><span style=\"font-weight: 400;\">30<\/span><\/p><\/td><\/tr><tr><td><p><span style=\"font-weight: 400;\">Projeto Aplicativo<\/span><\/p><\/td><td><p><span style=\"font-weight: 400;\">15<\/span><\/p><\/td><\/tr><tr><td><p><b>Total<\/b><\/p><\/td><td><p><b>90<\/b><\/p><\/td><\/tr><\/tbody><\/table><table><tbody><tr><td><p><b>Modulo 3 \u2013 Epidemiologia e Vigil\u00e2ncia em Sa\u00fade<\/b><\/p><\/td><td><p><b>C\/H<\/b><\/p><\/td><\/tr><tr><td><p><span style=\"font-weight: 400;\">Controle de Infec\u00e7\u00e3o em Unidades de Sa\u00fade<\/span><\/p><\/td><td><p><span style=\"font-weight: 400;\">30<\/span><\/p><\/td><\/tr><tr><td><p><span style=\"font-weight: 400;\">Grandes endemias e doen\u00e7as prevalentes<\/span><\/p><\/td><td><p><span style=\"font-weight: 400;\">15<\/span><\/p><\/td><\/tr><tr><td><p><span style=\"font-weight: 400;\">Vigil\u00e2ncia epidemiol\u00f3gica e sanit\u00e1ria<\/span><\/p><\/td><td><p><span style=\"font-weight: 400;\">30<\/span><\/p><\/td><\/tr><tr><td><p><span style=\"font-weight: 400;\">Projeto Aplicativo<\/span><\/p><\/td><td><p><span style=\"font-weight: 400;\">15<\/span><\/p><\/td><\/tr><tr><td><p><b>Total<\/b><\/p><\/td><td><p><b>90<\/b><\/p><\/td><\/tr><\/tbody><\/table><table><tbody><tr><td><p><b>Modulo 4 \u2013 Planejamento e Gest\u00e3o em Sa\u00fade<\/b><\/p><\/td><td><p><b>C\/H<\/b><\/p><\/td><\/tr><tr><td><p><span style=\"font-weight: 400;\">Gest\u00e3o de servi\u00e7os e equipes multiprofissionais.<\/span><\/p><\/td><td><p><span style=\"font-weight: 400;\">30<\/span><\/p><\/td><\/tr><tr><td><p><span style=\"font-weight: 400;\">Territorializa\u00e7\u00e3o e diagn\u00f3stico situacional.<\/span><\/p><\/td><td><p><span style=\"font-weight: 400;\">30<\/span><\/p><\/td><\/tr><tr><td><p><span style=\"font-weight: 400;\">Articula\u00e7\u00e3o intersetorial e redes de aten\u00e7\u00e3o.<\/span><\/p><\/td><td><p><span style=\"font-weight: 400;\">30<\/span><\/p><\/td><\/tr><tr><td><p><b>Total<\/b><\/p><\/td><td><p><b>90<\/b><\/p><\/td><\/tr><\/tbody><\/table>                        <\/div>\n                    <\/div>\n                                    <div class=\"tab-pane elementkit-tab-pane elementor-repeater-item-27cacb9 \" id=\"content-27cacb969ea19846d655\" role=\"tabpanel\"\n                         aria-labelledby=\"content-27cacb969ea19846d655-tab\">\n                        <div class=\"animated fadeIn\">\n                            <p>Em Breve<\/p>                        <\/div>\n                    <\/div>\n                                \n            <\/div>\n                    <\/div>\n    <\/div>\t\t\t\t<\/div>\n\t\t\t\t<\/div>\n\t\t\t\t<\/div>\n\t\t\t\t<\/div>\n\t\t\t\t\t<\/div>\n\t\t\t\t<\/div>\n\t\t\t\t<\/div>\n\t\t","protected":false},"excerpt":{"rendered":"<p>sa\u00fade da fam\u00edlia &#8211; P\u00d3S SOBRE O CURSO PERFIL DO EGRESSO OBJETIVOS CONTE\u00daDO DO CURSO DOWNLOADS Sobre o Curso Voc\u00ea, profissional da sa\u00fade, dedica sua vida ao cuidado individual. Mas e se fosse poss\u00edvel ampliar essa miss\u00e3o, impactando a sa\u00fade de bairros, cidades e de toda uma popula\u00e7\u00e3o? Como transformar a dedica\u00e7\u00e3o da linha de [&hellip;]<\/p>\n","protected":false},"author":1,"featured_media":0,"parent":0,"menu_order":0,"comment_status":"closed","ping_status":"closed","template":"","meta":{"footnotes":""},"class_list":["post-3240","page","type-page","status-publish","hentry"],"_links":{"self":[{"href":"https:\/\/unifacp.edu.br\/Home-page\/wp-json\/wp\/v2\/pages\/3240","targetHints":{"allow":["GET"]}}],"collection":[{"href":"https:\/\/unifacp.edu.br\/Home-page\/wp-json\/wp\/v2\/pages"}],"about":[{"href":"https:\/\/unifacp.edu.br\/Home-page\/wp-json\/wp\/v2\/types\/page"}],"author":[{"embeddable":true,"href":"https:\/\/unifacp.edu.br\/Home-page\/wp-json\/wp\/v2\/users\/1"}],"replies":[{"embeddable":true,"href":"https:\/\/unifacp.edu.br\/Home-page\/wp-json\/wp\/v2\/comments?post=3240"}],"version-history":[{"count":0,"href":"https:\/\/unifacp.edu.br\/Home-page\/wp-json\/wp\/v2\/pages\/3240\/revisions"}],"wp:attachment":[{"href":"https:\/\/unifacp.edu.br\/Home-page\/wp-json\/wp\/v2\/media?parent=3240"}],"curies":[{"name":"wp","href":"https:\/\/api.w.org\/{rel}","templated":true}]}}