{"id":4562,"date":"2026-01-22T11:36:40","date_gmt":"2026-01-22T11:36:40","guid":{"rendered":"https:\/\/unifacp.edu.br\/Home-page\/?page_id=4562"},"modified":"2026-01-22T11:47:03","modified_gmt":"2026-01-22T11:47:03","slug":"instrumentacao-cirurgica-extensao","status":"publish","type":"page","link":"https:\/\/unifacp.edu.br\/Home-page\/instrumentacao-cirurgica-extensao\/","title":{"rendered":"INSTRUMENTA\u00c7\u00c3O CIR\u00daRGICA &#8211; EXTENS\u00c3O"},"content":{"rendered":"\t\t<div data-elementor-type=\"wp-page\" data-elementor-id=\"4562\" class=\"elementor elementor-4562\" data-elementor-post-type=\"page\">\n\t\t\t\t<div class=\"elementor-element elementor-element-89ef6ca e-flex e-con-boxed e-con e-parent\" data-id=\"89ef6ca\" data-element_type=\"container\" data-e-type=\"container\">\n\t\t\t\t\t<div class=\"e-con-inner\">\n\t\t<div class=\"elementor-element elementor-element-37897f5 e-con-full e-flex e-con e-child\" data-id=\"37897f5\" data-element_type=\"container\" data-e-type=\"container\">\n\t\t\t\t<div class=\"elementor-element elementor-element-0702a44 elementor-widget elementor-widget-image\" data-id=\"0702a44\" data-element_type=\"widget\" data-e-type=\"widget\" data-widget_type=\"image.default\">\n\t\t\t\t<div class=\"elementor-widget-container\">\n\t\t\t\t\t\t\t\t\t\t\t\t\t\t\t<img fetchpriority=\"high\" decoding=\"async\" width=\"1280\" height=\"450\" src=\"https:\/\/unifacp.edu.br\/wp-content\/uploads\/2026\/01\/4.jpg\" class=\"attachment-full size-full wp-image-4564\" alt=\"INSTRUMENTA\u00c7\u00c3O CIR\u00daRGICA\" srcset=\"https:\/\/unifacp.edu.br\/wp-content\/uploads\/2026\/01\/4.jpg 1280w, https:\/\/unifacp.edu.br\/wp-content\/uploads\/2026\/01\/4-300x105.jpg 300w, https:\/\/unifacp.edu.br\/wp-content\/uploads\/2026\/01\/4-1024x360.jpg 1024w, https:\/\/unifacp.edu.br\/wp-content\/uploads\/2026\/01\/4-768x270.jpg 768w\" sizes=\"(max-width: 1280px) 100vw, 1280px\" \/>\t\t\t\t\t\t\t\t\t\t\t\t\t\t\t<\/div>\n\t\t\t\t<\/div>\n\t\t\t\t<\/div>\n\t\t<div class=\"elementor-element elementor-element-40e36af e-con-full e-flex e-con e-child\" data-id=\"40e36af\" data-element_type=\"container\" data-e-type=\"container\">\n\t\t<div class=\"elementor-element elementor-element-cdf6d72 e-con-full e-flex e-con e-child\" data-id=\"cdf6d72\" data-element_type=\"container\" data-e-type=\"container\" data-settings=\"{&quot;background_background&quot;:&quot;classic&quot;}\">\n\t\t\t\t<div class=\"elementor-element elementor-element-230bc6c elementor-widget elementor-widget-heading\" data-id=\"230bc6c\" data-element_type=\"widget\" data-e-type=\"widget\" data-widget_type=\"heading.default\">\n\t\t\t\t<div class=\"elementor-widget-container\">\n\t\t\t\t\t<h2 class=\"elementor-heading-title elementor-size-default\">INSTRUMENTA\u00c7\u00c3O CIR\u00daRGICA - EXTES\u00c3O<\/h2>\t\t\t\t<\/div>\n\t\t\t\t<\/div>\n\t\t\t\t<\/div>\n\t\t<div class=\"elementor-element elementor-element-d998a0e e-con-full e-flex e-con e-child\" data-id=\"d998a0e\" data-element_type=\"container\" data-e-type=\"container\">\n\t\t\t\t<div class=\"elementor-element elementor-element-98a231c elementor-widget elementor-widget-elementskit-simple-tab\" data-id=\"98a231c\" data-element_type=\"widget\" data-e-type=\"widget\" data-widget_type=\"elementskit-simple-tab.default\">\n\t\t\t\t<div class=\"elementor-widget-container\">\n\t\t\t\t\t<div class=\"ekit-wid-con\" >        <div class=\"elementkit-tab-wraper vertical  elementskit-fitcontent-tab \">\n            <ul class=\"nav nav-tabs elementkit-tab-nav  tab-nav-fluid\">\n                                    <li class=\"elementkit-nav-item elementor-repeater-item-08b6856\">\n                        <a class=\"elementkit-nav-link  active show left-pos\" id=\"content-08b685669eb80c883606-tab\" data-ekit-handler-id=\"sobre-o-curso\" data-ekit-toggle=\"tab\" data-target=\"#content-08b685669eb80c883606\" href=\"#Content-08b685669eb80c883606\"\n                            data-ekit-toggle-trigger=\"click\"\n                            aria-describedby=\"Content-08b685669eb80c883606\">\n                            <span class=\"elementskit-tab-icon\"><i class=\"icon icon-file-2\"><\/i><\/span>                            <span class=\"elementskit-tab-title\">SOBRE O CURSO<\/span>\n                        <\/a>\n                    <\/li>\n                                        <li class=\"elementkit-nav-item elementor-repeater-item-6451664\">\n                        <a class=\"elementkit-nav-link  left-pos\" id=\"content-645166469eb80c883606-tab\" data-ekit-handler-id=\"perfil-do-egresso\" data-ekit-toggle=\"tab\" data-target=\"#content-645166469eb80c883606\" href=\"#Content-645166469eb80c883606\"\n                            data-ekit-toggle-trigger=\"click\"\n                            aria-describedby=\"Content-645166469eb80c883606\">\n                            <span class=\"elementskit-tab-icon\"><i class=\"icon icon-id-card-1\"><\/i><\/span>                            <span class=\"elementskit-tab-title\">PERFIL DO EGRESSO<\/span>\n                        <\/a>\n                    <\/li>\n                                        <li class=\"elementkit-nav-item elementor-repeater-item-6e5479c\">\n                        <a class=\"elementkit-nav-link  left-pos\" id=\"content-6e5479c69eb80c883606-tab\" data-ekit-handler-id=\"objetivos\" data-ekit-toggle=\"tab\" data-target=\"#content-6e5479c69eb80c883606\" href=\"#Content-6e5479c69eb80c883606\"\n                            data-ekit-toggle-trigger=\"click\"\n                            aria-describedby=\"Content-6e5479c69eb80c883606\">\n                            <span class=\"elementskit-tab-icon\"><i class=\"icon icon-smart\"><\/i><\/span>                            <span class=\"elementskit-tab-title\">OBJETIVOS<\/span>\n                        <\/a>\n                    <\/li>\n                                        <li class=\"elementkit-nav-item elementor-repeater-item-5d0e245\">\n                        <a class=\"elementkit-nav-link  left-pos\" id=\"content-5d0e24569eb80c883606-tab\" data-ekit-handler-id=\"conte-do-do-curso\" data-ekit-toggle=\"tab\" data-target=\"#content-5d0e24569eb80c883606\" href=\"#Content-5d0e24569eb80c883606\"\n                            data-ekit-toggle-trigger=\"click\"\n                            aria-describedby=\"Content-5d0e24569eb80c883606\">\n                            <span class=\"elementskit-tab-icon\"><i class=\"icon icon-earth\"><\/i><\/span>                            <span class=\"elementskit-tab-title\">CONTE\u00daDO DO CURSO<\/span>\n                        <\/a>\n                    <\/li>\n                                        <li class=\"elementkit-nav-item elementor-repeater-item-27cacb9\">\n                        <a class=\"elementkit-nav-link  left-pos\" id=\"content-27cacb969eb80c883606-tab\" data-ekit-handler-id=\"downloads\" data-ekit-toggle=\"tab\" data-target=\"#content-27cacb969eb80c883606\" href=\"#Content-27cacb969eb80c883606\"\n                            data-ekit-toggle-trigger=\"click\"\n                            aria-describedby=\"Content-27cacb969eb80c883606\">\n                            <span class=\"elementskit-tab-icon\"><i class=\"icon icon-download\"><\/i><\/span>                            <span class=\"elementskit-tab-title\">DOWNLOADS<\/span>\n                        <\/a>\n                    <\/li>\n                                <\/ul>\n\n            <div class=\"tab-content elementkit-tab-content\">\n                                    <div class=\"tab-pane elementkit-tab-pane elementor-repeater-item-08b6856  active show\" id=\"content-08b685669eb80c883606\" role=\"tabpanel\"\n                         aria-labelledby=\"content-08b685669eb80c883606-tab\">\n                        <div class=\"animated fadeIn\">\n                            <h5><strong>SOBRE O CURSO<\/strong><br \/>O Curso de Instrumenta\u00e7\u00e3o Cir\u00fargica tem como finalidade preparar o estudante para atuar de forma segura e eficiente no ambiente do centro cir\u00fargico. O curso \u00e9 h\u00edbrido, com 92 horas presenciais e 90 horas de aulas online ao vivo, totalizando forma\u00e7\u00e3o te\u00f3rica e pr\u00e1tica alinhada \u00e0s necessidades da rotina hospitalar. A matriz curricular aborda conte\u00fados essenciais, como revis\u00e3o anat\u00f4mica, funcionamento do bloco operat\u00f3rio, \u00e9tica, seguran\u00e7a do paciente, preparo pr\u00e9, trans e p\u00f3s-operat\u00f3rio, t\u00e9cnicas de instrumenta\u00e7\u00e3o, urg\u00eancias cir\u00fargicas e no\u00e7\u00f5es de anestesia. O est\u00e1gio supervisionado, com 32 horas, \u00e9 realizado em centro cir\u00fargico conveniado com a UNIFACP, com acompanhamento de um professor do curso. As pr\u00e1ticas e avalia\u00e7\u00f5es acontecem presencialmente, conforme cronograma. O curso ocorre \u00e0s segundas e quartas-feiras, das 19h \u00e0s 21h, com dura\u00e7\u00e3o de 1 ano. Pr\u00e9-requisito: gradua\u00e7\u00e3o ou curso t\u00e9cnico em enfermagem.<\/h5>                        <\/div>\n                    <\/div>\n                                    <div class=\"tab-pane elementkit-tab-pane elementor-repeater-item-6451664 \" id=\"content-645166469eb80c883606\" role=\"tabpanel\"\n                         aria-labelledby=\"content-645166469eb80c883606-tab\">\n                        <div class=\"animated fadeIn\">\n                            <h5><strong>PERFIL DO EGRESSO<\/strong><br \/>O egresso do Curso de Instrumenta\u00e7\u00e3o Cir\u00fargica estar\u00e1 apto a atuar diretamente no centro cir\u00fargico, auxiliando a equipe m\u00e9dica em procedimentos gerais e especialidades cir\u00fargicas. Ser\u00e1 capaz de organizar e manejar instrumentais, aplicar t\u00e9cnicas de assepsia, zelar pela seguran\u00e7a do paciente e manter postura \u00e9tica e profissional no ambiente hospitalar. Ter\u00e1 dom\u00ednio das etapas que envolvem o preparo pr\u00e9, trans e p\u00f3s-operat\u00f3rio, al\u00e9m de no\u00e7\u00f5es de anestesia e cuidados com materiais. O profissional poder\u00e1 trabalhar em hospitais, cl\u00ednicas, centros de sa\u00fade e institui\u00e7\u00f5es que realizam procedimentos cir\u00fargicos.<\/h5>                        <\/div>\n                    <\/div>\n                                    <div class=\"tab-pane elementkit-tab-pane elementor-repeater-item-6e5479c \" id=\"content-6e5479c69eb80c883606\" role=\"tabpanel\"\n                         aria-labelledby=\"content-6e5479c69eb80c883606-tab\">\n                        <div class=\"animated fadeIn\">\n                            <h5>OBJETIVOS DO CURSO<br \/>\u2022 Capacitar o estudante para atuar no centro cir\u00fargico com seguran\u00e7a, t\u00e9cnica e postura profissional.<br \/>\u2022 Desenvolver compet\u00eancias relacionadas \u00e0 instrumenta\u00e7\u00e3o, cuidados com o material cir\u00fargico e organiza\u00e7\u00e3o do campo operat\u00f3rio.<br \/>\u2022 Preparar o aluno para auxiliar equipes m\u00e9dicas em diferentes especialidades cir\u00fargicas.<br \/>\u2022 Promover conhecimento sobre o funcionamento do bloco operat\u00f3rio, normas de seguran\u00e7a e \u00e9tica profissional.<br \/>\u2022 Habilitar o estudante a aplicar t\u00e9cnicas adequadas no preparo pr\u00e9, trans e p\u00f3s-cir\u00fargico.<br \/>\u2022 Formar profissionais aptos a atuar em situa\u00e7\u00f5es de urg\u00eancia e emerg\u00eancia cir\u00fargica.<\/h5>                        <\/div>\n                    <\/div>\n                                    <div class=\"tab-pane elementkit-tab-pane elementor-repeater-item-5d0e245 \" id=\"content-5d0e24569eb80c883606\" role=\"tabpanel\"\n                         aria-labelledby=\"content-5d0e24569eb80c883606-tab\">\n                        <div class=\"animated fadeIn\">\n                            <h6><b>INSTRUMENTA\u00c7\u00c3O CIR\u00daRGICA<\/b><\/h6><h6><span style=\"font-weight: 400;\">Curso de Capacita\u00e7\u00e3o<\/span><\/h6><h6><b>MATRIZ CURRICULAR*<\/b><\/h6><h6><span style=\"font-weight: 400;\">Est\u00e1gio supervisionado = 32h**<\/span><\/h6><h6><span style=\"font-weight: 400;\">Revis\u00e3o de Anatomia e Fisiologia = 20h<\/span><\/h6><h6><span style=\"font-weight: 400;\">Funcionamento do Bloco Operat\u00f3rio = 10h<\/span><\/h6><h6><span style=\"font-weight: 400;\">\u00c9tica profissional no Bloco Operat\u00f3rio = 10h<\/span><\/h6><h6><span style=\"font-weight: 400;\">Seguran\u00e7a do Paciente = 10h<\/span><\/h6><h6><span style=\"font-weight: 400;\">Preparo pr\u00e9-cir\u00fargico, cir\u00fargico e p\u00f3s-cir\u00fargico = 28h<\/span><\/h6><h6><span style=\"font-weight: 400;\">No\u00e7\u00f5es de anestesia = 10h<\/span><\/h6><h6><span style=\"font-weight: 400;\">Cuidados com o material = 10h<\/span><\/h6><h6><span style=\"font-weight: 400;\">T\u00e9cnicas de Instrumenta\u00e7\u00e3o = 18h<\/span><\/h6><h6><span style=\"font-weight: 400;\">Atendimento de Urg\u00eancia e Emerg\u00eancia Cir\u00fargica = 12h<\/span><\/h6><h6><span style=\"font-weight: 400;\">Cirurgia Geral e Especialidades Cir\u00fargicas = 12h<\/span><\/h6><h6><span style=\"font-weight: 400;\">*Curso h\u00edbrido, com 92h de atividades presenciais e 90h de aulas online ao vivo e remotas.<\/span><\/h6><h6><span style=\"font-weight: 400;\">Pr\u00e1ticas e avalia\u00e7\u00f5es presenciais na UNIFACP em hor\u00e1rio de aula conforme cronograma.<\/span><\/h6><h6><span style=\"font-weight: 400;\">Hor\u00e1rio: segundas e quartas-feiras, 19h \u00e0s 21h.<\/span><\/h6><h6><span style=\"font-weight: 400;\">Dura\u00e7\u00e3o do curso: 1 ano.<\/span><\/h6><h6><span style=\"font-weight: 400;\">**O Est\u00e1gio Supervisionado \u00e9 realizado em Centro Cir\u00fargico conveniado com a UNIFACP e com supervis\u00e3o de professor do Curso.<\/span><\/h6><h6>\u00a0<\/h6><h6><span style=\"font-weight: 400;\">Pr\u00e9-requisito: Gradua\u00e7\u00e3o ou Curso T\u00e9cnico em Enfermagem.<\/span><\/h6><h6>\u00a0<\/h6>                        <\/div>\n                    <\/div>\n                                    <div class=\"tab-pane elementkit-tab-pane elementor-repeater-item-27cacb9 \" id=\"content-27cacb969eb80c883606\" role=\"tabpanel\"\n                         aria-labelledby=\"content-27cacb969eb80c883606-tab\">\n                        <div class=\"animated fadeIn\">\n                            <p>Em Breve<\/p>                        <\/div>\n                    <\/div>\n                                \n            <\/div>\n                    <\/div>\n    <\/div>\t\t\t\t<\/div>\n\t\t\t\t<\/div>\n\t\t\t\t<\/div>\n\t\t\t\t<\/div>\n\t\t\t\t\t<\/div>\n\t\t\t\t<\/div>\n\t\t\t\t<\/div>\n\t\t","protected":false},"excerpt":{"rendered":"<p>INSTRUMENTA\u00c7\u00c3O CIR\u00daRGICA &#8211; EXTES\u00c3O SOBRE O CURSO PERFIL DO EGRESSO OBJETIVOS CONTE\u00daDO DO CURSO DOWNLOADS SOBRE O CURSOO Curso de Instrumenta\u00e7\u00e3o Cir\u00fargica tem como finalidade preparar o estudante para atuar de forma segura e eficiente no ambiente do centro cir\u00fargico. O curso \u00e9 h\u00edbrido, com 92 horas presenciais e 90 horas de aulas online ao [&hellip;]<\/p>\n","protected":false},"author":1,"featured_media":0,"parent":0,"menu_order":0,"comment_status":"closed","ping_status":"closed","template":"","meta":{"footnotes":""},"class_list":["post-4562","page","type-page","status-publish","hentry"],"_links":{"self":[{"href":"https:\/\/unifacp.edu.br\/Home-page\/wp-json\/wp\/v2\/pages\/4562","targetHints":{"allow":["GET"]}}],"collection":[{"href":"https:\/\/unifacp.edu.br\/Home-page\/wp-json\/wp\/v2\/pages"}],"about":[{"href":"https:\/\/unifacp.edu.br\/Home-page\/wp-json\/wp\/v2\/types\/page"}],"author":[{"embeddable":true,"href":"https:\/\/unifacp.edu.br\/Home-page\/wp-json\/wp\/v2\/users\/1"}],"replies":[{"embeddable":true,"href":"https:\/\/unifacp.edu.br\/Home-page\/wp-json\/wp\/v2\/comments?post=4562"}],"version-history":[{"count":0,"href":"https:\/\/unifacp.edu.br\/Home-page\/wp-json\/wp\/v2\/pages\/4562\/revisions"}],"wp:attachment":[{"href":"https:\/\/unifacp.edu.br\/Home-page\/wp-json\/wp\/v2\/media?parent=4562"}],"curies":[{"name":"wp","href":"https:\/\/api.w.org\/{rel}","templated":true}]}}