{"id":462,"date":"2025-03-13T14:04:16","date_gmt":"2025-03-13T14:04:16","guid":{"rendered":"https:\/\/unifacp.edu.br\/?page_id=462"},"modified":"2026-04-14T08:25:30","modified_gmt":"2026-04-14T11:25:30","slug":"eajur","status":"publish","type":"page","link":"https:\/\/unifacp.edu.br\/Home-page\/eajur\/","title":{"rendered":"EAJUR"},"content":{"rendered":"\t\t<div data-elementor-type=\"wp-page\" data-elementor-id=\"462\" class=\"elementor elementor-462\" data-elementor-post-type=\"page\">\n\t\t\t\t<div class=\"elementor-element elementor-element-8d14127 e-flex e-con-boxed e-con e-parent\" data-id=\"8d14127\" data-element_type=\"container\" data-e-type=\"container\">\n\t\t\t\t\t<div class=\"e-con-inner\">\n\t\t<div class=\"elementor-element elementor-element-109b96e e-con-full e-flex e-con e-child\" data-id=\"109b96e\" data-element_type=\"container\" data-e-type=\"container\">\n\t\t\t\t<div class=\"elementor-element elementor-element-5e0aaed elementor-widget elementor-widget-image\" data-id=\"5e0aaed\" data-element_type=\"widget\" data-e-type=\"widget\" data-widget_type=\"image.default\">\n\t\t\t\t<div class=\"elementor-widget-container\">\n\t\t\t\t\t\t\t\t\t\t\t\t\t\t\t<img fetchpriority=\"high\" decoding=\"async\" width=\"1280\" height=\"450\" src=\"https:\/\/unifacp.edu.br\/wp-content\/uploads\/2025\/03\/2.png\" class=\"attachment-full size-full wp-image-419\" alt=\"Banner EAJUR\" srcset=\"https:\/\/unifacp.edu.br\/wp-content\/uploads\/2025\/03\/2.png 1280w, https:\/\/unifacp.edu.br\/wp-content\/uploads\/2025\/03\/2-300x105.png 300w, https:\/\/unifacp.edu.br\/wp-content\/uploads\/2025\/03\/2-1024x360.png 1024w, https:\/\/unifacp.edu.br\/wp-content\/uploads\/2025\/03\/2-768x270.png 768w\" sizes=\"(max-width: 1280px) 100vw, 1280px\" \/>\t\t\t\t\t\t\t\t\t\t\t\t\t\t\t<\/div>\n\t\t\t\t<\/div>\n\t\t\t\t<\/div>\n\t\t<div class=\"elementor-element elementor-element-6bd546f e-con-full e-flex e-con e-child\" data-id=\"6bd546f\" data-element_type=\"container\" data-e-type=\"container\">\n\t\t<div class=\"elementor-element elementor-element-0265844 e-con-full e-flex e-con e-child\" data-id=\"0265844\" data-element_type=\"container\" data-e-type=\"container\" data-settings=\"{&quot;background_background&quot;:&quot;classic&quot;}\">\n\t\t\t\t<div class=\"elementor-element elementor-element-3b755ea elementor-widget elementor-widget-heading\" data-id=\"3b755ea\" data-element_type=\"widget\" data-e-type=\"widget\" data-widget_type=\"heading.default\">\n\t\t\t\t<div class=\"elementor-widget-container\">\n\t\t\t\t\t<h2 class=\"elementor-heading-title elementor-size-default\">Sobre o eajur<\/h2>\t\t\t\t<\/div>\n\t\t\t\t<\/div>\n\t\t\t\t<\/div>\n\t\t<div class=\"elementor-element elementor-element-078aa31 e-con-full e-flex e-con e-child\" data-id=\"078aa31\" data-element_type=\"container\" data-e-type=\"container\">\n\t\t\t\t<div class=\"elementor-element elementor-element-4bd20ee elementor-widget elementor-widget-elementskit-simple-tab\" data-id=\"4bd20ee\" data-element_type=\"widget\" data-e-type=\"widget\" data-widget_type=\"elementskit-simple-tab.default\">\n\t\t\t\t<div class=\"elementor-widget-container\">\n\t\t\t\t\t<div class=\"ekit-wid-con\" >        <div class=\"elementkit-tab-wraper  \">\n            <ul class=\"nav nav-tabs elementkit-tab-nav  elementskit-fullwidth-tab\">\n                                    <li class=\"elementkit-nav-item elementor-repeater-item-08b6856\">\n                        <a class=\"elementkit-nav-link  active show left-pos\" id=\"content-08b685669f1ae456801d-tab\" data-ekit-handler-id=\"eajur\" data-ekit-toggle=\"tab\" data-target=\"#content-08b685669f1ae456801d\" href=\"#Content-08b685669f1ae456801d\"\n                            data-ekit-toggle-trigger=\"click\"\n                            aria-describedby=\"Content-08b685669f1ae456801d\">\n                            <span class=\"elementskit-tab-icon\"><i class=\"icon icon-justice\"><\/i><\/span>                            <span class=\"elementskit-tab-title\">EAJUR<\/span>\n                        <\/a>\n                    <\/li>\n                                        <li class=\"elementkit-nav-item elementor-repeater-item-6451664\">\n                        <a class=\"elementkit-nav-link  left-pos\" id=\"content-645166469f1ae456801d-tab\" data-ekit-handler-id=\"hor-rios\" data-ekit-toggle=\"tab\" data-target=\"#content-645166469f1ae456801d\" href=\"#Content-645166469f1ae456801d\"\n                            data-ekit-toggle-trigger=\"click\"\n                            aria-describedby=\"Content-645166469f1ae456801d\">\n                            <span class=\"elementskit-tab-icon\"><i class=\"icon icon-clock2\"><\/i><\/span>                            <span class=\"elementskit-tab-title\">HOR\u00c1RIOS<\/span>\n                        <\/a>\n                    <\/li>\n                                <\/ul>\n\n            <div class=\"tab-content elementkit-tab-content\">\n                                    <div class=\"tab-pane elementkit-tab-pane elementor-repeater-item-08b6856  active show\" id=\"content-08b685669f1ae456801d\" role=\"tabpanel\"\n                         aria-labelledby=\"content-08b685669f1ae456801d-tab\">\n                        <div class=\"animated fadeIn\">\n                            <p><span style=\"color: #000000;\">O\u00a0Curso de Direito\u00a0do\u00a0Centro Universit\u00e1rio de Paul\u00ednia,\u00a0atrav\u00e9s do\u00a0Escrit\u00f3rio de Pr\u00e1tica Jur\u00eddica \u2013 EAJur, inscrito na OAB\/SP sob n\u00ba 15803, presta atendimento jur\u00eddico e extrajudicial gratuito aos moradores da cidade de Paul\u00ednia que possuam renda familiar inferior a dois sal\u00e1rios-m\u00ednimos mensais.<\/span><\/p><p><span style=\"color: #000000;\">As pessoas interessadas devem procurar o EAJur, onde ser\u00e3o recepcionados pelos estagi\u00e1rios, alunos dos dois \u00faltimos anos do Curso de Direito, que efetuar\u00e3o uma primeira triagem, verificando se os requisitos necess\u00e1rios para o atendimento est\u00e3o presentes, bem como se h\u00e1 a possibilidade da utiliza\u00e7\u00e3o de m\u00e9todos alternativos de media\u00e7\u00e3o e concilia\u00e7\u00e3o, realizando ent\u00e3o o agendamento j\u00e1 direcionado para o setor espec\u00edfico, especificando os documentos que devem ser apresentados.<\/span><\/p><p><span style=\"color: #000000;\">Na data agendada, o estagi\u00e1rio, sob a supervis\u00e3o de um dos Professores Orientadores, recepciona o interessado, realizando o atendimento propriamente dito.<\/span><\/p><p><span style=\"color: #000000;\">O\u00a0EAJur\u00a0atualmente realiza atendimento voltado para as \u00e1reas c\u00edvel, envolvendo principalmente assuntos relacionados \u00e0 pens\u00e3o aliment\u00edcia, div\u00f3rcio, vagas em creches, rela\u00e7\u00f5es de consumo, dentre outros. e criminal, inclusive J\u00fari.<\/span><\/p><p><span style=\"color: #000000;\">Al\u00e9m disso, os estagi\u00e1rios do\u00a0EAJur\u00a0atuam atrav\u00e9s dos meios consensuais de resolu\u00e7\u00e3o dos conflitos, em que participam ativamente as partes e um terceiro neutro durante audi\u00eancia de concilia\u00e7\u00e3o e media\u00e7\u00e3o, de modo a se ter uma maior celeridade na resolu\u00e7\u00e3o de problemas, especialmente pens\u00e3o aliment\u00edcia, guarda de filhos e div\u00f3rcio, partilha de bens, acidentes de tr\u00e2nsito, d\u00edvidas com institui\u00e7\u00f5es banc\u00e1rias, quest\u00f5es de vizinhan\u00e7a, quest\u00f5es relacionadas a concession\u00e1rias de \u00e1gua, luz e telefone, quest\u00f5es relacionadas a servi\u00e7os (d\u00edvidas em estabelecimentos comerciais e de ensino, dentre outros) e quest\u00f5es sobre o Direito do Consumidor, dentre outras.<\/span><\/p>                        <\/div>\n                    <\/div>\n                                    <div class=\"tab-pane elementkit-tab-pane elementor-repeater-item-6451664 \" id=\"content-645166469f1ae456801d\" role=\"tabpanel\"\n                         aria-labelledby=\"content-645166469f1ae456801d-tab\">\n                        <div class=\"animated fadeIn\">\n                            <div><ul><li><p><span style=\"color: #000000;\">\u00a0Ter\u00e7a: Prof\u00aa\u00a0Krislaine Costa de Souza &#8211; Concilia\u00e7\u00e3o e C\u00edvel &#8211; 14h00 \u00e0s 17h00<\/span><\/p><\/li><li><p><span style=\"color: #000000;\">\u00a0Quinta: Prof\u00aa\u00a0Karime Buchedid Esteves &#8211; Penal &#8211; 14h00 \u00e0s 17h00<\/span><\/p><\/li><\/ul><div><p><span style=\"color: #000000;\">Supervis\u00e3o das Professoras Karime Buchedid Esteves e Krislaine Costa de Souza. O atendimento jur\u00eddico \u00e9 gratuito na UNIFACP. \u00c9 necess\u00e1rio uma triagem presencial para apresenta\u00e7\u00e3o e an\u00e1lise do caso.<\/span><\/p><\/div><\/div>                        <\/div>\n                    <\/div>\n                                \n            <\/div>\n                    <\/div>\n    <\/div>\t\t\t\t<\/div>\n\t\t\t\t<\/div>\n\t\t\t\t<\/div>\n\t\t\t\t<\/div>\n\t\t\t\t\t<\/div>\n\t\t\t\t<\/div>\n\t\t\t\t<\/div>\n\t\t","protected":false},"excerpt":{"rendered":"<p>Sobre o eajur EAJUR HOR\u00c1RIOS O\u00a0Curso de Direito\u00a0do\u00a0Centro Universit\u00e1rio de Paul\u00ednia,\u00a0atrav\u00e9s do\u00a0Escrit\u00f3rio de Pr\u00e1tica Jur\u00eddica \u2013 EAJur, inscrito na OAB\/SP sob n\u00ba 15803, presta atendimento jur\u00eddico e extrajudicial gratuito aos moradores da cidade de Paul\u00ednia que possuam renda familiar inferior a dois sal\u00e1rios-m\u00ednimos mensais. As pessoas interessadas devem procurar o EAJur, onde ser\u00e3o recepcionados pelos [&hellip;]<\/p>\n","protected":false},"author":1,"featured_media":0,"parent":0,"menu_order":0,"comment_status":"closed","ping_status":"closed","template":"","meta":{"footnotes":""},"class_list":["post-462","page","type-page","status-publish","hentry"],"_links":{"self":[{"href":"https:\/\/unifacp.edu.br\/Home-page\/wp-json\/wp\/v2\/pages\/462","targetHints":{"allow":["GET"]}}],"collection":[{"href":"https:\/\/unifacp.edu.br\/Home-page\/wp-json\/wp\/v2\/pages"}],"about":[{"href":"https:\/\/unifacp.edu.br\/Home-page\/wp-json\/wp\/v2\/types\/page"}],"author":[{"embeddable":true,"href":"https:\/\/unifacp.edu.br\/Home-page\/wp-json\/wp\/v2\/users\/1"}],"replies":[{"embeddable":true,"href":"https:\/\/unifacp.edu.br\/Home-page\/wp-json\/wp\/v2\/comments?post=462"}],"version-history":[{"count":6,"href":"https:\/\/unifacp.edu.br\/Home-page\/wp-json\/wp\/v2\/pages\/462\/revisions"}],"predecessor-version":[{"id":4930,"href":"https:\/\/unifacp.edu.br\/Home-page\/wp-json\/wp\/v2\/pages\/462\/revisions\/4930"}],"wp:attachment":[{"href":"https:\/\/unifacp.edu.br\/Home-page\/wp-json\/wp\/v2\/media?parent=462"}],"curies":[{"name":"wp","href":"https:\/\/api.w.org\/{rel}","templated":true}]}}