{"id":475,"date":"2025-03-13T14:33:04","date_gmt":"2025-03-13T14:33:04","guid":{"rendered":"https:\/\/unifacp.edu.br\/?page_id=475"},"modified":"2025-04-29T14:31:14","modified_gmt":"2025-04-29T14:31:14","slug":"assistencia-psicologica","status":"publish","type":"page","link":"https:\/\/unifacp.edu.br\/Home-page\/assistencia-psicologica\/","title":{"rendered":"Assist\u00eancia psicol\u00f3gica"},"content":{"rendered":"\t\t<div data-elementor-type=\"wp-page\" data-elementor-id=\"475\" class=\"elementor elementor-475\" data-elementor-post-type=\"page\">\n\t\t\t\t<div class=\"elementor-element elementor-element-7344eb3 e-flex e-con-boxed e-con e-parent\" data-id=\"7344eb3\" data-element_type=\"container\" data-e-type=\"container\">\n\t\t\t\t\t<div class=\"e-con-inner\">\n\t\t<div class=\"elementor-element elementor-element-c318327 e-con-full e-flex e-con e-child\" data-id=\"c318327\" data-element_type=\"container\" data-e-type=\"container\">\n\t\t\t\t<div class=\"elementor-element elementor-element-f03bd68 elementor-widget elementor-widget-image\" data-id=\"f03bd68\" data-element_type=\"widget\" data-e-type=\"widget\" data-widget_type=\"image.default\">\n\t\t\t\t<div class=\"elementor-widget-container\">\n\t\t\t\t\t\t\t\t\t\t\t\t\t\t\t<img fetchpriority=\"high\" decoding=\"async\" width=\"1280\" height=\"450\" src=\"https:\/\/unifacp.edu.br\/wp-content\/uploads\/2025\/03\/11.png\" class=\"attachment-full size-full wp-image-424\" alt=\"\" srcset=\"https:\/\/unifacp.edu.br\/wp-content\/uploads\/2025\/03\/11.png 1280w, https:\/\/unifacp.edu.br\/wp-content\/uploads\/2025\/03\/11-300x105.png 300w, https:\/\/unifacp.edu.br\/wp-content\/uploads\/2025\/03\/11-1024x360.png 1024w, https:\/\/unifacp.edu.br\/wp-content\/uploads\/2025\/03\/11-768x270.png 768w\" sizes=\"(max-width: 1280px) 100vw, 1280px\" \/>\t\t\t\t\t\t\t\t\t\t\t\t\t\t\t<\/div>\n\t\t\t\t<\/div>\n\t\t\t\t<\/div>\n\t\t<div class=\"elementor-element elementor-element-bc03d71 e-con-full e-flex e-con e-child\" data-id=\"bc03d71\" data-element_type=\"container\" data-e-type=\"container\">\n\t\t<div class=\"elementor-element elementor-element-927ecbb e-con-full e-flex e-con e-child\" data-id=\"927ecbb\" data-element_type=\"container\" data-e-type=\"container\" data-settings=\"{&quot;background_background&quot;:&quot;classic&quot;}\">\n\t\t\t\t<div class=\"elementor-element elementor-element-7c083aa elementor-widget elementor-widget-heading\" data-id=\"7c083aa\" data-element_type=\"widget\" data-e-type=\"widget\" data-widget_type=\"heading.default\">\n\t\t\t\t<div class=\"elementor-widget-container\">\n\t\t\t\t\t<h2 class=\"elementor-heading-title elementor-size-default\">N\u00facleo de Assist\u00eancia Psicol\u00f3gica da UNIFACP (NASP-UNIFACP)<\/h2>\t\t\t\t<\/div>\n\t\t\t\t<\/div>\n\t\t\t\t<\/div>\n\t\t<div class=\"elementor-element elementor-element-5868d36 e-con-full e-flex e-con e-child\" data-id=\"5868d36\" data-element_type=\"container\" data-e-type=\"container\">\n\t\t\t\t<div class=\"elementor-element elementor-element-15c93e6 elementor-widget elementor-widget-elementskit-simple-tab\" data-id=\"15c93e6\" data-element_type=\"widget\" data-e-type=\"widget\" data-widget_type=\"elementskit-simple-tab.default\">\n\t\t\t\t<div class=\"elementor-widget-container\">\n\t\t\t\t\t<div class=\"ekit-wid-con\" >        <div class=\"elementkit-tab-wraper  \">\n            <ul class=\"nav nav-tabs elementkit-tab-nav  elementskit-fullwidth-tab\">\n                                    <li class=\"elementkit-nav-item elementor-repeater-item-08b6856\">\n                        <a class=\"elementkit-nav-link  active show left-pos\" id=\"content-08b685669f358c69d570-tab\" data-ekit-handler-id=\"sobre\" data-ekit-toggle=\"tab\" data-target=\"#content-08b685669f358c69d570\" href=\"#Content-08b685669f358c69d570\"\n                            data-ekit-toggle-trigger=\"click\"\n                            aria-describedby=\"Content-08b685669f358c69d570\">\n                            <span class=\"elementskit-tab-icon\"><svg aria-hidden=\"true\" class=\"e-font-icon-svg e-fas-exclamation\" viewBox=\"0 0 192 512\" xmlns=\"http:\/\/www.w3.org\/2000\/svg\"><path d=\"M176 432c0 44.112-35.888 80-80 80s-80-35.888-80-80 35.888-80 80-80 80 35.888 80 80zM25.26 25.199l13.6 272C39.499 309.972 50.041 320 62.83 320h66.34c12.789 0 23.331-10.028 23.97-22.801l13.6-272C167.425 11.49 156.496 0 142.77 0H49.23C35.504 0 24.575 11.49 25.26 25.199z\"><\/path><\/svg><\/span>                            <span class=\"elementskit-tab-title\">SOBRE<\/span>\n                        <\/a>\n                    <\/li>\n                                        <li class=\"elementkit-nav-item elementor-repeater-item-6451664\">\n                        <a class=\"elementkit-nav-link  left-pos\" id=\"content-645166469f358c69d570-tab\" data-ekit-handler-id=\"hor-rios\" data-ekit-toggle=\"tab\" data-target=\"#content-645166469f358c69d570\" href=\"#Content-645166469f358c69d570\"\n                            data-ekit-toggle-trigger=\"click\"\n                            aria-describedby=\"Content-645166469f358c69d570\">\n                            <span class=\"elementskit-tab-icon\"><svg aria-hidden=\"true\" class=\"e-font-icon-svg e-far-clock\" viewBox=\"0 0 512 512\" xmlns=\"http:\/\/www.w3.org\/2000\/svg\"><path d=\"M256 8C119 8 8 119 8 256s111 248 248 248 248-111 248-248S393 8 256 8zm0 448c-110.5 0-200-89.5-200-200S145.5 56 256 56s200 89.5 200 200-89.5 200-200 200zm61.8-104.4l-84.9-61.7c-3.1-2.3-4.9-5.9-4.9-9.7V116c0-6.6 5.4-12 12-12h32c6.6 0 12 5.4 12 12v141.7l66.8 48.6c5.4 3.9 6.5 11.4 2.6 16.8L334.6 349c-3.9 5.3-11.4 6.5-16.8 2.6z\"><\/path><\/svg><\/span>                            <span class=\"elementskit-tab-title\">HOR\u00c1RIOS<\/span>\n                        <\/a>\n                    <\/li>\n                                <\/ul>\n\n            <div class=\"tab-content elementkit-tab-content\">\n                                    <div class=\"tab-pane elementkit-tab-pane elementor-repeater-item-08b6856  active show\" id=\"content-08b685669f358c69d570\" role=\"tabpanel\"\n                         aria-labelledby=\"content-08b685669f358c69d570-tab\">\n                        <div class=\"animated fadeIn\">\n                            <p><span style=\"color: #000000;\"><strong>N\u00facleo de Assist\u00eancia Psicol\u00f3gica da UNIFACP\u00a0<\/strong><strong>(NASP-UNIFACP)<\/strong><\/span><\/p><p><span style=\"color: #000000;\">O N\u00facleo de Assist\u00eancia Psicol\u00f3gica (NASP) prop\u00f5e-se a oferecer \u00e0 comunidade UNIFACP, espa\u00e7o de acolhimento e escuta \u00e0s demandas de sofrimento ps\u00edquico emergenciais em situa\u00e7\u00f5es de crise por meio do Plant\u00e3o Psicol\u00f3gico.<\/span><\/p><p><span style=\"color: #000000;\">O plant\u00e3o acontecer\u00e1 de forma presencial. \u00c9 necess\u00e1rio agendamento para o atendimento.<\/span><\/p>                        <\/div>\n                    <\/div>\n                                    <div class=\"tab-pane elementkit-tab-pane elementor-repeater-item-6451664 \" id=\"content-645166469f358c69d570\" role=\"tabpanel\"\n                         aria-labelledby=\"content-645166469f358c69d570-tab\">\n                        <div class=\"animated fadeIn\">\n                            <ul><li><p><span style=\"color: #000000;\"><strong>Hor\u00e1rios de Atendimento:<\/strong><\/span><\/p><p><span style=\"color: #000000;\"><strong>Ter\u00e7a-feira:<\/strong><\/span><\/p><p><span style=\"color: #000000;\">Relacionamentos Amorosos \u2013 18h<\/span><br \/><span style=\"color: #000000;\">Maternidade At\u00edpica \u2013 18h<\/span><br \/><span style=\"color: #000000;\">Ansiedade \u2013 19h<\/span><br \/><span style=\"color: #000000;\">Depress\u00e3o \u2013 19h<\/span><\/p><p><span style=\"color: #000000;\"><strong>Quinta-feira:<\/strong><\/span><\/p><p><span style=\"color: #000000;\">Atendimento Cl\u00ednico \u2013 08h \u00e0s 11h<\/span><\/p><p><span style=\"color: #000000;\"><strong>Sexta-feira:<\/strong><\/span><\/p><p><span style=\"color: #000000;\">Atendimento Cl\u00ednico \u2013 08h \u00e0s 11h<\/span><\/p><p><span style=\"color: #000000;\">Como Participar? Para se inscrever, basta escanear o QR Code na imagem ou acessar o link: https:\/\/forms.gle\/tVgpUa9nCigos65C7<\/span><\/p><p>\u00a0<\/p><\/li><\/ul>                        <\/div>\n                    <\/div>\n                                \n            <\/div>\n                    <\/div>\n    <\/div>\t\t\t\t<\/div>\n\t\t\t\t<\/div>\n\t\t\t\t<\/div>\n\t\t\t\t<\/div>\n\t\t<div class=\"elementor-element elementor-element-77048a7 e-con-full e-flex e-con e-child\" data-id=\"77048a7\" data-element_type=\"container\" data-e-type=\"container\">\n\t\t<div class=\"elementor-element elementor-element-c16f8b4 e-con-full e-flex e-con e-child\" data-id=\"c16f8b4\" data-element_type=\"container\" data-e-type=\"container\" data-settings=\"{&quot;background_background&quot;:&quot;classic&quot;}\">\n\t\t\t\t<div class=\"elementor-element elementor-element-2419a92 elementor-widget elementor-widget-heading\" data-id=\"2419a92\" data-element_type=\"widget\" data-e-type=\"widget\" data-widget_type=\"heading.default\">\n\t\t\t\t<div class=\"elementor-widget-container\">\n\t\t\t\t\t<h2 class=\"elementor-heading-title elementor-size-default\">RELACIONADOS<\/h2>\t\t\t\t<\/div>\n\t\t\t\t<\/div>\n\t\t\t\t<\/div>\n\t\t<div class=\"elementor-element elementor-element-b2a16ca e-con-full e-flex e-con e-child\" data-id=\"b2a16ca\" data-element_type=\"container\" data-e-type=\"container\">\n\t\t\t\t<\/div>\n\t\t\t\t<\/div>\n\t\t\t\t\t<\/div>\n\t\t\t\t<\/div>\n\t\t\t\t<\/div>\n\t\t","protected":false},"excerpt":{"rendered":"<p>N\u00facleo de Assist\u00eancia Psicol\u00f3gica da UNIFACP (NASP-UNIFACP) SOBRE HOR\u00c1RIOS N\u00facleo de Assist\u00eancia Psicol\u00f3gica da UNIFACP\u00a0(NASP-UNIFACP) O N\u00facleo de Assist\u00eancia Psicol\u00f3gica (NASP) prop\u00f5e-se a oferecer \u00e0 comunidade UNIFACP, espa\u00e7o de acolhimento e escuta \u00e0s demandas de sofrimento ps\u00edquico emergenciais em situa\u00e7\u00f5es de crise por meio do Plant\u00e3o Psicol\u00f3gico. O plant\u00e3o acontecer\u00e1 de forma presencial. \u00c9 necess\u00e1rio [&hellip;]<\/p>\n","protected":false},"author":1,"featured_media":0,"parent":0,"menu_order":0,"comment_status":"closed","ping_status":"closed","template":"","meta":{"footnotes":""},"class_list":["post-475","page","type-page","status-publish","hentry"],"_links":{"self":[{"href":"https:\/\/unifacp.edu.br\/Home-page\/wp-json\/wp\/v2\/pages\/475","targetHints":{"allow":["GET"]}}],"collection":[{"href":"https:\/\/unifacp.edu.br\/Home-page\/wp-json\/wp\/v2\/pages"}],"about":[{"href":"https:\/\/unifacp.edu.br\/Home-page\/wp-json\/wp\/v2\/types\/page"}],"author":[{"embeddable":true,"href":"https:\/\/unifacp.edu.br\/Home-page\/wp-json\/wp\/v2\/users\/1"}],"replies":[{"embeddable":true,"href":"https:\/\/unifacp.edu.br\/Home-page\/wp-json\/wp\/v2\/comments?post=475"}],"version-history":[{"count":0,"href":"https:\/\/unifacp.edu.br\/Home-page\/wp-json\/wp\/v2\/pages\/475\/revisions"}],"wp:attachment":[{"href":"https:\/\/unifacp.edu.br\/Home-page\/wp-json\/wp\/v2\/media?parent=475"}],"curies":[{"name":"wp","href":"https:\/\/api.w.org\/{rel}","templated":true}]}}