{"id":521,"date":"2025-03-13T15:21:33","date_gmt":"2025-03-13T15:21:33","guid":{"rendered":"https:\/\/unifacp.edu.br\/?page_id=521"},"modified":"2025-04-02T13:41:36","modified_gmt":"2025-04-02T13:41:36","slug":"carteirinha-estudantil","status":"publish","type":"page","link":"https:\/\/unifacp.edu.br\/Home-page\/carteirinha-estudantil\/","title":{"rendered":"Carteirinha estudantil"},"content":{"rendered":"\t\t<div data-elementor-type=\"wp-page\" data-elementor-id=\"521\" class=\"elementor elementor-521\" data-elementor-post-type=\"page\">\n\t\t\t\t<div class=\"elementor-element elementor-element-7148bf8 e-flex e-con-boxed e-con e-parent\" data-id=\"7148bf8\" data-element_type=\"container\" data-e-type=\"container\">\n\t\t\t\t\t<div class=\"e-con-inner\">\n\t\t<div class=\"elementor-element elementor-element-0469d5a e-con-full e-flex e-con e-child\" data-id=\"0469d5a\" data-element_type=\"container\" data-e-type=\"container\">\n\t\t\t\t<div class=\"elementor-element elementor-element-290caeb elementor-widget elementor-widget-image\" data-id=\"290caeb\" data-element_type=\"widget\" data-e-type=\"widget\" data-widget_type=\"image.default\">\n\t\t\t\t<div class=\"elementor-widget-container\">\n\t\t\t\t\t\t\t\t\t\t\t\t\t\t\t<img fetchpriority=\"high\" decoding=\"async\" width=\"1280\" height=\"450\" src=\"https:\/\/unifacp.edu.br\/wp-content\/uploads\/2025\/03\/CARTEIRINHA.png\" class=\"attachment-full size-full wp-image-435\" alt=\"CARTEIRINHA\" srcset=\"https:\/\/unifacp.edu.br\/wp-content\/uploads\/2025\/03\/CARTEIRINHA.png 1280w, https:\/\/unifacp.edu.br\/wp-content\/uploads\/2025\/03\/CARTEIRINHA-300x105.png 300w, https:\/\/unifacp.edu.br\/wp-content\/uploads\/2025\/03\/CARTEIRINHA-1024x360.png 1024w, https:\/\/unifacp.edu.br\/wp-content\/uploads\/2025\/03\/CARTEIRINHA-768x270.png 768w\" sizes=\"(max-width: 1280px) 100vw, 1280px\" \/>\t\t\t\t\t\t\t\t\t\t\t\t\t\t\t<\/div>\n\t\t\t\t<\/div>\n\t\t\t\t<\/div>\n\t\t<div class=\"elementor-element elementor-element-6107909 e-con-full e-flex e-con e-child\" data-id=\"6107909\" data-element_type=\"container\" data-e-type=\"container\">\n\t\t<div class=\"elementor-element elementor-element-6e6e244 e-con-full e-flex e-con e-child\" data-id=\"6e6e244\" data-element_type=\"container\" data-e-type=\"container\" data-settings=\"{&quot;background_background&quot;:&quot;classic&quot;}\">\n\t\t\t\t<div class=\"elementor-element elementor-element-39faaa6 elementor-widget elementor-widget-heading\" data-id=\"39faaa6\" data-element_type=\"widget\" data-e-type=\"widget\" data-widget_type=\"heading.default\">\n\t\t\t\t<div class=\"elementor-widget-container\">\n\t\t\t\t\t<h2 class=\"elementor-heading-title elementor-size-default\">carteirinha estudantil<\/h2>\t\t\t\t<\/div>\n\t\t\t\t<\/div>\n\t\t\t\t<\/div>\n\t\t<div class=\"elementor-element elementor-element-085daeb e-con-full e-flex e-con e-child\" data-id=\"085daeb\" data-element_type=\"container\" data-e-type=\"container\">\n\t\t\t\t<div class=\"elementor-element elementor-element-d937edd elementor-widget elementor-widget-text-editor\" data-id=\"d937edd\" data-element_type=\"widget\" data-e-type=\"widget\" data-widget_type=\"text-editor.default\">\n\t\t\t\t<div class=\"elementor-widget-container\">\n\t\t\t\t\t\t\t\t\t<p>Caros estudantes,\u00a0<br \/>a\u00a0<em><strong>Unifacp<\/strong><\/em>, em busca de novas tecnologias e inova\u00e7\u00f5es, anuncia o lan\u00e7amento de sua nova\u00a0Carteirinha Estudantil \u00a0Digital.\u00a0<br \/>A nova vers\u00e3o poder\u00e1 ser instalada no seu celular, e atrav\u00e9s de um cadastro, ser utilizada para acesso \u00e0 Unifacp.<\/p><p><!-- \/wp:paragraph --><!-- wp:paragraph --><\/p><p>Uma vers\u00e3o f\u00edsica tamb\u00e9m poder\u00e1 ser solicitada pelo aplicativo pagando a taxa de emiss\u00e3o e frete para que chegue at\u00e9 sua casa.<\/p><p><!-- \/wp:paragraph --><!-- wp:paragraph --><\/p><p>\u00c9 importante salientar que a vers\u00e3o antiga de nossas carteirinhas n\u00e3o ter\u00e1 mais validade.<\/p><p><!-- \/wp:paragraph --><!-- wp:paragraph --><\/p><p>Para instalar sua carteirinha acesse a vers\u00e3o correta do app para seu celular:<br \/>&#8211;\u00a0<strong><a href=\"https:\/\/emailmarketing.locaweb.com.br\/accounts\/126857\/messages\/116\/clicks\/[id]\/322\" target=\"_blank\" rel=\"noopener\">ANDROID<\/a><\/strong><br \/>&#8211;\u00a0<strong><a href=\"https:\/\/emailmarketing.locaweb.com.br\/accounts\/126857\/messages\/116\/clicks\/[id]\/323\" target=\"_blank\" rel=\"noopener\">IOS (iPhone)<\/a><\/strong><\/p><p><!-- \/wp:paragraph --><!-- wp:paragraph --><\/p><p>Em breve o acesso f\u00edsico \u00e0s depend\u00eancias da\u00a0Unifacp\u00a0somente ser\u00e1 poss\u00edvel com a posse da carteirinha digital ou f\u00edsica. \u00a0<\/p><p><!-- \/wp:paragraph --><!-- wp:paragraph --><\/p><p>A ativa\u00e7\u00e3o das catracas est\u00e1 programada para acontecer em 18\/04, ent\u00e3o antecipe-se e aproveite para j\u00e1 cadastrar sua carteirinha digital e utilizar dos benef\u00edcios, como o direito \u00e0 meia entrada em locais de entretenimento.\u00a0<\/p><p><strong>UNIFACP<\/strong><\/p><p><!-- \/wp:paragraph --><\/p>\t\t\t\t\t\t\t\t<\/div>\n\t\t\t\t<\/div>\n\t\t\t\t<\/div>\n\t\t<div class=\"elementor-element elementor-element-2af8c4e e-con-full e-flex e-con e-child\" data-id=\"2af8c4e\" data-element_type=\"container\" data-e-type=\"container\">\n\t\t\t\t<div class=\"elementor-element elementor-element-37a329b elementor-widget elementor-widget-image\" data-id=\"37a329b\" data-element_type=\"widget\" data-e-type=\"widget\" data-widget_type=\"image.default\">\n\t\t\t\t<div class=\"elementor-widget-container\">\n\t\t\t\t\t\t\t\t\t\t\t\t\t\t\t<img decoding=\"async\" width=\"640\" height=\"312\" src=\"https:\/\/unifacp.edu.br\/wp-content\/uploads\/2025\/03\/carterinha-1.jpg\" class=\"attachment-medium_large size-medium_large wp-image-523\" alt=\"carterinha-1\" srcset=\"https:\/\/unifacp.edu.br\/wp-content\/uploads\/2025\/03\/carterinha-1.jpg 640w, https:\/\/unifacp.edu.br\/wp-content\/uploads\/2025\/03\/carterinha-1-300x146.jpg 300w\" sizes=\"(max-width: 640px) 100vw, 640px\" \/>\t\t\t\t\t\t\t\t\t\t\t\t\t\t\t<\/div>\n\t\t\t\t<\/div>\n\t\t\t\t<\/div>\n\t\t\t\t<\/div>\n\t\t\t\t\t<\/div>\n\t\t\t\t<\/div>\n\t\t\t\t<\/div>\n\t\t","protected":false},"excerpt":{"rendered":"<p>carteirinha estudantil Caros estudantes,\u00a0a\u00a0Unifacp, em busca de novas tecnologias e inova\u00e7\u00f5es, anuncia o lan\u00e7amento de sua nova\u00a0Carteirinha Estudantil \u00a0Digital.\u00a0A nova vers\u00e3o poder\u00e1 ser instalada no seu celular, e atrav\u00e9s de um cadastro, ser utilizada para acesso \u00e0 Unifacp. Uma vers\u00e3o f\u00edsica tamb\u00e9m poder\u00e1 ser solicitada pelo aplicativo pagando a taxa de emiss\u00e3o e frete para [&hellip;]<\/p>\n","protected":false},"author":1,"featured_media":0,"parent":0,"menu_order":0,"comment_status":"closed","ping_status":"closed","template":"","meta":{"footnotes":""},"class_list":["post-521","page","type-page","status-publish","hentry"],"_links":{"self":[{"href":"https:\/\/unifacp.edu.br\/Home-page\/wp-json\/wp\/v2\/pages\/521","targetHints":{"allow":["GET"]}}],"collection":[{"href":"https:\/\/unifacp.edu.br\/Home-page\/wp-json\/wp\/v2\/pages"}],"about":[{"href":"https:\/\/unifacp.edu.br\/Home-page\/wp-json\/wp\/v2\/types\/page"}],"author":[{"embeddable":true,"href":"https:\/\/unifacp.edu.br\/Home-page\/wp-json\/wp\/v2\/users\/1"}],"replies":[{"embeddable":true,"href":"https:\/\/unifacp.edu.br\/Home-page\/wp-json\/wp\/v2\/comments?post=521"}],"version-history":[{"count":0,"href":"https:\/\/unifacp.edu.br\/Home-page\/wp-json\/wp\/v2\/pages\/521\/revisions"}],"wp:attachment":[{"href":"https:\/\/unifacp.edu.br\/Home-page\/wp-json\/wp\/v2\/media?parent=521"}],"curies":[{"name":"wp","href":"https:\/\/api.w.org\/{rel}","templated":true}]}}