{"id":533,"date":"2025-03-13T15:33:30","date_gmt":"2025-03-13T15:33:30","guid":{"rendered":"https:\/\/unifacp.edu.br\/?page_id=533"},"modified":"2025-04-02T13:35:57","modified_gmt":"2025-04-02T13:35:57","slug":"ouvidoria","status":"publish","type":"page","link":"https:\/\/unifacp.edu.br\/Home-page\/ouvidoria\/","title":{"rendered":"Ouvidoria"},"content":{"rendered":"\t\t<div data-elementor-type=\"wp-page\" data-elementor-id=\"533\" class=\"elementor elementor-533\" data-elementor-post-type=\"page\">\n\t\t\t\t<div class=\"elementor-element elementor-element-f38f163 e-flex e-con-boxed e-con e-parent\" data-id=\"f38f163\" data-element_type=\"container\" data-e-type=\"container\">\n\t\t\t\t\t<div class=\"e-con-inner\">\n\t\t<div class=\"elementor-element elementor-element-1995e3f e-con-full e-flex e-con e-child\" data-id=\"1995e3f\" data-element_type=\"container\" data-e-type=\"container\">\n\t\t\t\t<div class=\"elementor-element elementor-element-aa7d7a8 elementor-widget elementor-widget-image\" data-id=\"aa7d7a8\" data-element_type=\"widget\" data-e-type=\"widget\" data-widget_type=\"image.default\">\n\t\t\t\t<div class=\"elementor-widget-container\">\n\t\t\t\t\t\t\t\t\t\t\t\t\t\t\t<img fetchpriority=\"high\" decoding=\"async\" width=\"1280\" height=\"450\" src=\"https:\/\/unifacp.edu.br\/wp-content\/uploads\/2025\/03\/12.png\" class=\"attachment-full size-full wp-image-425\" alt=\"Ouvidoria\" srcset=\"https:\/\/unifacp.edu.br\/wp-content\/uploads\/2025\/03\/12.png 1280w, https:\/\/unifacp.edu.br\/wp-content\/uploads\/2025\/03\/12-300x105.png 300w, https:\/\/unifacp.edu.br\/wp-content\/uploads\/2025\/03\/12-1024x360.png 1024w, https:\/\/unifacp.edu.br\/wp-content\/uploads\/2025\/03\/12-768x270.png 768w\" sizes=\"(max-width: 1280px) 100vw, 1280px\" \/>\t\t\t\t\t\t\t\t\t\t\t\t\t\t\t<\/div>\n\t\t\t\t<\/div>\n\t\t\t\t<\/div>\n\t\t<div class=\"elementor-element elementor-element-94966e4 e-con-full e-flex e-con e-child\" data-id=\"94966e4\" data-element_type=\"container\" data-e-type=\"container\">\n\t\t<div class=\"elementor-element elementor-element-94d6b55 e-con-full e-flex e-con e-child\" data-id=\"94d6b55\" data-element_type=\"container\" data-e-type=\"container\" data-settings=\"{&quot;background_background&quot;:&quot;classic&quot;}\">\n\t\t\t\t<div class=\"elementor-element elementor-element-31f2da6 elementor-widget elementor-widget-heading\" data-id=\"31f2da6\" data-element_type=\"widget\" data-e-type=\"widget\" data-widget_type=\"heading.default\">\n\t\t\t\t<div class=\"elementor-widget-container\">\n\t\t\t\t\t<h2 class=\"elementor-heading-title elementor-size-default\">ouvidoria<\/h2>\t\t\t\t<\/div>\n\t\t\t\t<\/div>\n\t\t\t\t<\/div>\n\t\t<div class=\"elementor-element elementor-element-2326b30 e-con-full e-flex e-con e-child\" data-id=\"2326b30\" data-element_type=\"container\" data-e-type=\"container\">\n\t\t\t\t<div class=\"elementor-element elementor-element-7b2ffad elementor-widget elementor-widget-elementskit-simple-tab\" data-id=\"7b2ffad\" data-element_type=\"widget\" data-e-type=\"widget\" data-widget_type=\"elementskit-simple-tab.default\">\n\t\t\t\t<div class=\"elementor-widget-container\">\n\t\t\t\t\t<div class=\"ekit-wid-con\" >        <div class=\"elementkit-tab-wraper  \">\n            <ul class=\"nav nav-tabs elementkit-tab-nav  elementskit-fullwidth-tab\">\n                                    <li class=\"elementkit-nav-item elementor-repeater-item-08b6856\">\n                        <a class=\"elementkit-nav-link  active show left-pos\" id=\"content-08b685669f20a0ddfd28-tab\" data-ekit-handler-id=\"sobre\" data-ekit-toggle=\"tab\" data-target=\"#content-08b685669f20a0ddfd28\" href=\"#Content-08b685669f20a0ddfd28\"\n                            data-ekit-toggle-trigger=\"click\"\n                            aria-describedby=\"Content-08b685669f20a0ddfd28\">\n                            <span class=\"elementskit-tab-icon\"><svg aria-hidden=\"true\" class=\"e-font-icon-svg e-fas-exclamation\" viewBox=\"0 0 192 512\" xmlns=\"http:\/\/www.w3.org\/2000\/svg\"><path d=\"M176 432c0 44.112-35.888 80-80 80s-80-35.888-80-80 35.888-80 80-80 80 35.888 80 80zM25.26 25.199l13.6 272C39.499 309.972 50.041 320 62.83 320h66.34c12.789 0 23.331-10.028 23.97-22.801l13.6-272C167.425 11.49 156.496 0 142.77 0H49.23C35.504 0 24.575 11.49 25.26 25.199z\"><\/path><\/svg><\/span>                            <span class=\"elementskit-tab-title\">SOBRE<\/span>\n                        <\/a>\n                    <\/li>\n                                        <li class=\"elementkit-nav-item elementor-repeater-item-6451664\">\n                        <a class=\"elementkit-nav-link  left-pos\" id=\"content-645166469f20a0ddfd28-tab\" data-ekit-handler-id=\"contato\" data-ekit-toggle=\"tab\" data-target=\"#content-645166469f20a0ddfd28\" href=\"#Content-645166469f20a0ddfd28\"\n                            data-ekit-toggle-trigger=\"click\"\n                            aria-describedby=\"Content-645166469f20a0ddfd28\">\n                            <span class=\"elementskit-tab-icon\"><i class=\"icon icon-contact\"><\/i><\/span>                            <span class=\"elementskit-tab-title\">CONTATO<\/span>\n                        <\/a>\n                    <\/li>\n                                <\/ul>\n\n            <div class=\"tab-content elementkit-tab-content\">\n                                    <div class=\"tab-pane elementkit-tab-pane elementor-repeater-item-08b6856  active show\" id=\"content-08b685669f20a0ddfd28\" role=\"tabpanel\"\n                         aria-labelledby=\"content-08b685669f20a0ddfd28-tab\">\n                        <div class=\"animated fadeIn\">\n                            <p><span style=\"color: #000000;\">Este espa\u00e7o \u00e9 destinado \u00e0 comunidade acad\u00eamica como meio de receber contribui\u00e7\u00f5es para o aperfei\u00e7oamento das atividades, desde as mais espec\u00edficas do processo ensino-aprendizagem at\u00e9 aquelas relativas a quest\u00f5es estruturais e de apoio pedag\u00f3gico.<\/span><\/p><p><span style=\"color: #000000;\">Para apresentar sua manifesta\u00e7\u00e3o, solicitamos que as demandas sejam encaminhadas ao e-mail\u00a0<a style=\"color: #000000;\" href=\"mailto:ouvidoria@facp.com.br\">ouvidoria@facp.com.br<\/a>.<\/span><\/p><p><span style=\"color: #000000;\">\u00c9 necess\u00e1rio ter um v\u00ednculo com a institui\u00e7\u00e3o (aluno de gradua\u00e7\u00e3o, professor ou t\u00e9cnico administrativo).<\/span><\/p><p><span style=\"color: #000000;\">Para\u00a0<strong>nossos alunos<\/strong>\u00a0\u00e9 solicitado a inclus\u00e3o do Registro Acad\u00eamico (RA) no corpo do e-mail.<\/span><\/p><p><span style=\"color: #000000;\">Para os\u00a0<strong>Professores<\/strong>\u00a0ou\u00a0<strong>T\u00e9cnicos-Administrativos<\/strong>, \u00e9 solicitado a inclus\u00e3o do n\u00famero da Matr\u00edcula Funcional, como validador do processo.<\/span><\/p><p><span style=\"color: #000000;\">D\u00ea a sua opini\u00e3o para a melhoria de qualidade de ensino na\u00a0<strong>UNIFACP<\/strong>!<\/span><\/p>                        <\/div>\n                    <\/div>\n                                    <div class=\"tab-pane elementkit-tab-pane elementor-repeater-item-6451664 \" id=\"content-645166469f20a0ddfd28\" role=\"tabpanel\"\n                         aria-labelledby=\"content-645166469f20a0ddfd28-tab\">\n                        <div class=\"animated fadeIn\">\n                            <p><span style=\"color: #000000;\"><strong>Atendimento por email<\/strong><\/span><br \/><span style=\"color: #000000;\">ouvidoria@facp.com.br<\/span><\/p>                        <\/div>\n                    <\/div>\n                                \n            <\/div>\n                    <\/div>\n    <\/div>\t\t\t\t<\/div>\n\t\t\t\t<\/div>\n\t\t\t\t<\/div>\n\t\t\t\t<\/div>\n\t\t\t\t\t<\/div>\n\t\t\t\t<\/div>\n\t\t\t\t<\/div>\n\t\t","protected":false},"excerpt":{"rendered":"<p>ouvidoria SOBRE CONTATO Este espa\u00e7o \u00e9 destinado \u00e0 comunidade acad\u00eamica como meio de receber contribui\u00e7\u00f5es para o aperfei\u00e7oamento das atividades, desde as mais espec\u00edficas do processo ensino-aprendizagem at\u00e9 aquelas relativas a quest\u00f5es estruturais e de apoio pedag\u00f3gico. Para apresentar sua manifesta\u00e7\u00e3o, solicitamos que as demandas sejam encaminhadas ao e-mail\u00a0ouvidoria@facp.com.br. \u00c9 necess\u00e1rio ter um v\u00ednculo com [&hellip;]<\/p>\n","protected":false},"author":1,"featured_media":0,"parent":0,"menu_order":0,"comment_status":"closed","ping_status":"closed","template":"","meta":{"footnotes":""},"class_list":["post-533","page","type-page","status-publish","hentry"],"_links":{"self":[{"href":"https:\/\/unifacp.edu.br\/Home-page\/wp-json\/wp\/v2\/pages\/533","targetHints":{"allow":["GET"]}}],"collection":[{"href":"https:\/\/unifacp.edu.br\/Home-page\/wp-json\/wp\/v2\/pages"}],"about":[{"href":"https:\/\/unifacp.edu.br\/Home-page\/wp-json\/wp\/v2\/types\/page"}],"author":[{"embeddable":true,"href":"https:\/\/unifacp.edu.br\/Home-page\/wp-json\/wp\/v2\/users\/1"}],"replies":[{"embeddable":true,"href":"https:\/\/unifacp.edu.br\/Home-page\/wp-json\/wp\/v2\/comments?post=533"}],"version-history":[{"count":0,"href":"https:\/\/unifacp.edu.br\/Home-page\/wp-json\/wp\/v2\/pages\/533\/revisions"}],"wp:attachment":[{"href":"https:\/\/unifacp.edu.br\/Home-page\/wp-json\/wp\/v2\/media?parent=533"}],"curies":[{"name":"wp","href":"https:\/\/api.w.org\/{rel}","templated":true}]}}