{"id":570,"date":"2025-03-13T16:29:42","date_gmt":"2025-03-13T16:29:42","guid":{"rendered":"https:\/\/unifacp.edu.br\/?page_id=570"},"modified":"2025-04-02T13:38:37","modified_gmt":"2025-04-02T13:38:37","slug":"colaps","status":"publish","type":"page","link":"https:\/\/unifacp.edu.br\/Home-page\/colaps\/","title":{"rendered":"COLAPS"},"content":{"rendered":"\t\t<div data-elementor-type=\"wp-page\" data-elementor-id=\"570\" class=\"elementor elementor-570\" data-elementor-post-type=\"page\">\n\t\t\t\t<div class=\"elementor-element elementor-element-075c2e6 e-flex e-con-boxed e-con e-parent\" data-id=\"075c2e6\" data-element_type=\"container\" data-e-type=\"container\">\n\t\t\t\t\t<div class=\"e-con-inner\">\n\t\t<div class=\"elementor-element elementor-element-cddfe4d e-con-full e-flex e-con e-child\" data-id=\"cddfe4d\" data-element_type=\"container\" data-e-type=\"container\">\n\t\t\t\t<div class=\"elementor-element elementor-element-1a0bdfa elementor-widget elementor-widget-image\" data-id=\"1a0bdfa\" data-element_type=\"widget\" data-e-type=\"widget\" data-widget_type=\"image.default\">\n\t\t\t\t<div class=\"elementor-widget-container\">\n\t\t\t\t\t\t\t\t\t\t\t\t\t\t\t<img fetchpriority=\"high\" decoding=\"async\" width=\"1280\" height=\"450\" src=\"https:\/\/unifacp.edu.br\/wp-content\/uploads\/2025\/03\/20.png\" class=\"attachment-full size-full wp-image-433\" alt=\"COLAPS\" srcset=\"https:\/\/unifacp.edu.br\/wp-content\/uploads\/2025\/03\/20.png 1280w, https:\/\/unifacp.edu.br\/wp-content\/uploads\/2025\/03\/20-300x105.png 300w, https:\/\/unifacp.edu.br\/wp-content\/uploads\/2025\/03\/20-1024x360.png 1024w, https:\/\/unifacp.edu.br\/wp-content\/uploads\/2025\/03\/20-768x270.png 768w\" sizes=\"(max-width: 1280px) 100vw, 1280px\" \/>\t\t\t\t\t\t\t\t\t\t\t\t\t\t\t<\/div>\n\t\t\t\t<\/div>\n\t\t\t\t<\/div>\n\t\t<div class=\"elementor-element elementor-element-cabca63 e-con-full e-flex e-con e-child\" data-id=\"cabca63\" data-element_type=\"container\" data-e-type=\"container\">\n\t\t<div class=\"elementor-element elementor-element-7111bf4 e-con-full e-flex e-con e-child\" data-id=\"7111bf4\" data-element_type=\"container\" data-e-type=\"container\" data-settings=\"{&quot;background_background&quot;:&quot;classic&quot;}\">\n\t\t\t\t<div class=\"elementor-element elementor-element-71db479 elementor-widget elementor-widget-heading\" data-id=\"71db479\" data-element_type=\"widget\" data-e-type=\"widget\" data-widget_type=\"heading.default\">\n\t\t\t\t<div class=\"elementor-widget-container\">\n\t\t\t\t\t<h2 class=\"elementor-heading-title elementor-size-default\">COLAPS<\/h2>\t\t\t\t<\/div>\n\t\t\t\t<\/div>\n\t\t\t\t<\/div>\n\t\t<div class=\"elementor-element elementor-element-30b4d66 e-con-full e-flex e-con e-child\" data-id=\"30b4d66\" data-element_type=\"container\" data-e-type=\"container\">\n\t\t\t\t<div class=\"elementor-element elementor-element-88cb159 elementor-widget elementor-widget-elementskit-simple-tab\" data-id=\"88cb159\" data-element_type=\"widget\" data-e-type=\"widget\" data-widget_type=\"elementskit-simple-tab.default\">\n\t\t\t\t<div class=\"elementor-widget-container\">\n\t\t\t\t\t<div class=\"ekit-wid-con\" >        <div class=\"elementkit-tab-wraper vertical  elementskit-fitcontent-tab \">\n            <ul class=\"nav nav-tabs elementkit-tab-nav \">\n                                    <li class=\"elementkit-nav-item elementor-repeater-item-08b6856\">\n                        <a class=\"elementkit-nav-link  active show left-pos\" id=\"content-08b685669f40105854ac-tab\" data-ekit-handler-id=\"sobre\" data-ekit-toggle=\"tab\" data-target=\"#content-08b685669f40105854ac\" href=\"#Content-08b685669f40105854ac\"\n                            data-ekit-toggle-trigger=\"click\"\n                            aria-describedby=\"Content-08b685669f40105854ac\">\n                                                        <span class=\"elementskit-tab-title\">SOBRE<\/span>\n                        <\/a>\n                    <\/li>\n                                        <li class=\"elementkit-nav-item elementor-repeater-item-6451664\">\n                        <a class=\"elementkit-nav-link  left-pos\" id=\"content-645166469f40105854ac-tab\" data-ekit-handler-id=\"composi-o\" data-ekit-toggle=\"tab\" data-target=\"#content-645166469f40105854ac\" href=\"#Content-645166469f40105854ac\"\n                            data-ekit-toggle-trigger=\"click\"\n                            aria-describedby=\"Content-645166469f40105854ac\">\n                                                        <span class=\"elementskit-tab-title\">COMPOSI\u00c7\u00c3O<\/span>\n                        <\/a>\n                    <\/li>\n                                        <li class=\"elementkit-nav-item elementor-repeater-item-3a099e3\">\n                        <a class=\"elementkit-nav-link  left-pos\" id=\"content-3a099e369f40105854ac-tab\" data-ekit-handler-id=\"representantes-da-ies\" data-ekit-toggle=\"tab\" data-target=\"#content-3a099e369f40105854ac\" href=\"#Content-3a099e369f40105854ac\"\n                            data-ekit-toggle-trigger=\"click\"\n                            aria-describedby=\"Content-3a099e369f40105854ac\">\n                                                        <span class=\"elementskit-tab-title\">REPRESENTANTES DA IES<\/span>\n                        <\/a>\n                    <\/li>\n                                        <li class=\"elementkit-nav-item elementor-repeater-item-9c73418\">\n                        <a class=\"elementkit-nav-link  left-pos\" id=\"content-9c7341869f40105854ac-tab\" data-ekit-handler-id=\"representantes-docentes\" data-ekit-toggle=\"tab\" data-target=\"#content-9c7341869f40105854ac\" href=\"#Content-9c7341869f40105854ac\"\n                            data-ekit-toggle-trigger=\"click\"\n                            aria-describedby=\"Content-9c7341869f40105854ac\">\n                                                        <span class=\"elementskit-tab-title\">REPRESENTANTES DOCENTES<\/span>\n                        <\/a>\n                    <\/li>\n                                        <li class=\"elementkit-nav-item elementor-repeater-item-baf3efa\">\n                        <a class=\"elementkit-nav-link  left-pos\" id=\"content-baf3efa69f40105854ac-tab\" data-ekit-handler-id=\"representantes-dicentes\" data-ekit-toggle=\"tab\" data-target=\"#content-baf3efa69f40105854ac\" href=\"#Content-baf3efa69f40105854ac\"\n                            data-ekit-toggle-trigger=\"click\"\n                            aria-describedby=\"Content-baf3efa69f40105854ac\">\n                                                        <span class=\"elementskit-tab-title\">REPRESENTANTES DICENTES<\/span>\n                        <\/a>\n                    <\/li>\n                                        <li class=\"elementkit-nav-item elementor-repeater-item-7bd2db4\">\n                        <a class=\"elementkit-nav-link  left-pos\" id=\"content-7bd2db469f40105854ac-tab\" data-ekit-handler-id=\"links\" data-ekit-toggle=\"tab\" data-target=\"#content-7bd2db469f40105854ac\" href=\"#Content-7bd2db469f40105854ac\"\n                            data-ekit-toggle-trigger=\"click\"\n                            aria-describedby=\"Content-7bd2db469f40105854ac\">\n                                                        <span class=\"elementskit-tab-title\">LINKS<\/span>\n                        <\/a>\n                    <\/li>\n                                <\/ul>\n\n            <div class=\"tab-content elementkit-tab-content\">\n                                    <div class=\"tab-pane elementkit-tab-pane elementor-repeater-item-08b6856  active show\" id=\"content-08b685669f40105854ac\" role=\"tabpanel\"\n                         aria-labelledby=\"content-08b685669f40105854ac-tab\">\n                        <div class=\"animated fadeIn\">\n                            <p><span style=\"color: #000000;\">A Comiss\u00e3o Local de Acompanhamento e Controle Social do Programa Universidade para Todos \u2013 Prouni (COLAPS) \u00e9 um \u00f3rg\u00e3o colegiado, de natureza consultiva, institu\u00eddo em cada Institui\u00e7\u00e3o de Ensino Superior participante do Prouni, com fun\u00e7\u00e3o de acompanhamento, averigua\u00e7\u00e3o e fiscaliza\u00e7\u00e3o da implementa\u00e7\u00e3o local do Programa Universidade para Todos \u2013 Prouni.<\/span><br \/><br \/><span style=\"color: #000000;\">Cada Institui\u00e7\u00e3o de Ensino deve constituir a COLAPS com a finalidade de promover a articula\u00e7\u00e3o desta com a Comiss\u00e3o Nacional de Acompanhamento e Controle Social do Prouni \u2013 (CONAP) e a comunidade acad\u00eamica da IES participante do programa, com vistas ao seu constante aperfei\u00e7oamento.<\/span><br \/><br \/><span style=\"color: #000000;\">Al\u00e9m disso, a Comiss\u00e3o Local deve atuar com vistas ao aprimoramento das rela\u00e7\u00f5es acad\u00eamicas entre os bolsistas Prouni e as Institui\u00e7\u00f5es de Ensino Superior.<\/span><br \/><br \/><span style=\"color: #000000;\">A COLAPS deve ser instalada em cada endere\u00e7o de oferta de bolsas da Institui\u00e7\u00e3o participante do Prouni, de maneira a atender a realidade acad\u00eamica local.<\/span><br \/><br \/><span style=\"color: #000000;\">A comunidade local poder\u00e1 encaminhar \u00c0 COLAPS questionamentos, reclama\u00e7\u00f5es, den\u00fancias, cr\u00edticas e sugest\u00f5es relativas ao programa.\u00a0<\/span><br \/><span style=\"color: #000000;\">De acordo com a Portaria n\u00ba 1.132, Art. 2\u00ba, compete \u00e0s Comiss\u00f5es Locais:<\/span><br \/><br \/><span style=\"color: #000000;\">I &#8211; exercer o acompanhamento, averigua\u00e7\u00e3o e fiscaliza\u00e7\u00e3o da implementa\u00e7\u00e3o do Prouni nas Institui\u00e7\u00f5es de Ensino Superior (IES) participantes do Programa;<\/span><br \/><span style=\"color: #000000;\">II &#8211; interagir com a comunidade acad\u00eamica e com as organiza\u00e7\u00f5es da sociedade civil, recebendo reclama\u00e7\u00f5es, den\u00fancias, cr\u00edticas e sugest\u00f5es para apresenta\u00e7\u00e3o, se for o caso, \u00e0 Comiss\u00e3o Nacional de Acompanhamento e Controle Social do Prouni &#8211; CONAP;<\/span><br \/><span style=\"color: #000000;\">III &#8211; emitir, a cada processo seletivo, relat\u00f3rio de acompanhamento do Prouni; e<\/span><br \/><span style=\"color: #000000;\">IV &#8211; fornecer informa\u00e7\u00f5es sobre o Prouni \u00e0 CONAP.<\/span><br \/><br \/><span style=\"color: #000000;\">A COLAPS do Centro Universit\u00e1rio de Paul\u00ednia funciona na Rua Nelson Prodocimo n\u00ba 495.<\/span><\/p>                        <\/div>\n                    <\/div>\n                                    <div class=\"tab-pane elementkit-tab-pane elementor-repeater-item-6451664 \" id=\"content-645166469f40105854ac\" role=\"tabpanel\"\n                         aria-labelledby=\"content-645166469f40105854ac-tab\">\n                        <div class=\"animated fadeIn\">\n                            <p><span style=\"color: #000000;\"><strong>Per\u00edodo 2024-2026<\/strong><\/span><\/p>                        <\/div>\n                    <\/div>\n                                    <div class=\"tab-pane elementkit-tab-pane elementor-repeater-item-3a099e3 \" id=\"content-3a099e369f40105854ac\" role=\"tabpanel\"\n                         aria-labelledby=\"content-3a099e369f40105854ac-tab\">\n                        <div class=\"animated fadeIn\">\n                            <ul><li><span style=\"color: #000000;\">Celso Sebasti\u00e3o de Souza (titular)<\/span><\/li><li><span style=\"color: #000000;\">Claudia Juliana Buratto dos Santos (suplente)<\/span><\/li><\/ul>                        <\/div>\n                    <\/div>\n                                    <div class=\"tab-pane elementkit-tab-pane elementor-repeater-item-9c73418 \" id=\"content-9c7341869f40105854ac\" role=\"tabpanel\"\n                         aria-labelledby=\"content-9c7341869f40105854ac-tab\">\n                        <div class=\"animated fadeIn\">\n                            <ul><li><span style=\"color: #000000;\">Maur\u00edcio Lopes de Souza (titular)<\/span><\/li><li><span style=\"color: #000000;\">Marcos Abilio Domingues (suplente)<\/span><\/li><\/ul>                        <\/div>\n                    <\/div>\n                                    <div class=\"tab-pane elementkit-tab-pane elementor-repeater-item-baf3efa \" id=\"content-baf3efa69f40105854ac\" role=\"tabpanel\"\n                         aria-labelledby=\"content-baf3efa69f40105854ac-tab\">\n                        <div class=\"animated fadeIn\">\n                            <ul><li><span style=\"color: #000000;\">Daniela Salvador de Ara\u00fajo Faro\u00a0(titular)<\/span><\/li><li><span style=\"color: #000000;\">Yasmin de Nicolai\u00a0(suplente)<\/span><\/li><\/ul>                        <\/div>\n                    <\/div>\n                                    <div class=\"tab-pane elementkit-tab-pane elementor-repeater-item-7bd2db4 \" id=\"content-7bd2db469f40105854ac\" role=\"tabpanel\"\n                         aria-labelledby=\"content-7bd2db469f40105854ac-tab\">\n                        <div class=\"animated fadeIn\">\n                            <p>Minist\u00e9rio da Educa\u00e7\u00e3o:\u00a0<a href=\"http:\/\/portal.mec.gov.br\/index.php\" target=\"_blank\" rel=\"noopener\">\u00a0<\/a><a href=\"http:\/\/portal.mec.gov.br\/index.php\" target=\"_blank\" rel=\"noopener\">http:\/\/portal.mec.gov.br\/index.php<\/a><br \/><br \/>PROUNI:\u00a0<a href=\"http:\/\/prouniportal.mec.gov.br\/index.php\" target=\"_blank\" rel=\"noopener\">\u00a0<\/a><a href=\"http:\/\/prouniportal.mec.gov.br\/index.php\" target=\"_blank\" rel=\"noopener\">http:\/\/prouniportal.mec.gov.br\/index.php<\/a><br \/><br \/>CONAP:\u00a0<a href=\"http:\/\/prouniportal.mec.gov.br\/index.php?option=com_content&amp;view=category&amp;id=29&amp;Itemid=149\" target=\"_blank\" rel=\"noopener\">\u00a0<\/a><a href=\"http:\/\/prouniportal.mec.gov.br\/index.php?option=com_content&amp;view=category&amp;id=29&amp;Itemid=149\" target=\"_blank\" rel=\"noopener\">http:\/\/prouniportal.mec.gov.br\/index.php?option=com_content&amp;view=category&amp;id=29&amp;Itemid=149<\/a><\/p>                        <\/div>\n                    <\/div>\n                                \n            <\/div>\n                    <\/div>\n    <\/div>\t\t\t\t<\/div>\n\t\t\t\t<\/div>\n\t\t\t\t<\/div>\n\t\t\t\t<\/div>\n\t\t\t\t\t<\/div>\n\t\t\t\t<\/div>\n\t\t\t\t<\/div>\n\t\t","protected":false},"excerpt":{"rendered":"<p>COLAPS SOBRE COMPOSI\u00c7\u00c3O REPRESENTANTES DA IES REPRESENTANTES DOCENTES REPRESENTANTES DICENTES LINKS A Comiss\u00e3o Local de Acompanhamento e Controle Social do Programa Universidade para Todos \u2013 Prouni (COLAPS) \u00e9 um \u00f3rg\u00e3o colegiado, de natureza consultiva, institu\u00eddo em cada Institui\u00e7\u00e3o de Ensino Superior participante do Prouni, com fun\u00e7\u00e3o de acompanhamento, averigua\u00e7\u00e3o e fiscaliza\u00e7\u00e3o da implementa\u00e7\u00e3o local do [&hellip;]<\/p>\n","protected":false},"author":1,"featured_media":0,"parent":0,"menu_order":0,"comment_status":"closed","ping_status":"closed","template":"","meta":{"footnotes":""},"class_list":["post-570","page","type-page","status-publish","hentry"],"_links":{"self":[{"href":"https:\/\/unifacp.edu.br\/Home-page\/wp-json\/wp\/v2\/pages\/570","targetHints":{"allow":["GET"]}}],"collection":[{"href":"https:\/\/unifacp.edu.br\/Home-page\/wp-json\/wp\/v2\/pages"}],"about":[{"href":"https:\/\/unifacp.edu.br\/Home-page\/wp-json\/wp\/v2\/types\/page"}],"author":[{"embeddable":true,"href":"https:\/\/unifacp.edu.br\/Home-page\/wp-json\/wp\/v2\/users\/1"}],"replies":[{"embeddable":true,"href":"https:\/\/unifacp.edu.br\/Home-page\/wp-json\/wp\/v2\/comments?post=570"}],"version-history":[{"count":0,"href":"https:\/\/unifacp.edu.br\/Home-page\/wp-json\/wp\/v2\/pages\/570\/revisions"}],"wp:attachment":[{"href":"https:\/\/unifacp.edu.br\/Home-page\/wp-json\/wp\/v2\/media?parent=570"}],"curies":[{"name":"wp","href":"https:\/\/api.w.org\/{rel}","templated":true}]}}