{"id":608,"date":"2025-03-14T15:01:21","date_gmt":"2025-03-14T15:01:21","guid":{"rendered":"https:\/\/unifacp.edu.br\/?page_id=608"},"modified":"2026-03-04T12:26:49","modified_gmt":"2026-03-04T12:26:49","slug":"iniciacao-cientifica","status":"publish","type":"page","link":"https:\/\/unifacp.edu.br\/Home-page\/iniciacao-cientifica\/","title":{"rendered":"Inicia\u00e7\u00e3o Cient\u00edfica"},"content":{"rendered":"\t\t<div data-elementor-type=\"wp-page\" data-elementor-id=\"608\" class=\"elementor elementor-608\" data-elementor-post-type=\"page\">\n\t\t\t\t<div class=\"elementor-element elementor-element-ed69722 e-flex e-con-boxed e-con e-parent\" data-id=\"ed69722\" data-element_type=\"container\" data-e-type=\"container\">\n\t\t\t\t\t<div class=\"e-con-inner\">\n\t\t<div class=\"elementor-element elementor-element-73e1e5c e-con-full e-flex e-con e-child\" data-id=\"73e1e5c\" data-element_type=\"container\" data-e-type=\"container\">\n\t\t\t\t<div class=\"elementor-element elementor-element-417db7b elementor-widget elementor-widget-image\" data-id=\"417db7b\" data-element_type=\"widget\" data-e-type=\"widget\" data-widget_type=\"image.default\">\n\t\t\t\t<div class=\"elementor-widget-container\">\n\t\t\t\t\t\t\t\t\t\t\t\t\t\t\t<img fetchpriority=\"high\" decoding=\"async\" width=\"1280\" height=\"450\" src=\"https:\/\/unifacp.edu.br\/wp-content\/uploads\/2025\/03\/10.png\" class=\"attachment-full size-full wp-image-423\" alt=\"PROGRAMA DE INICIA\u00c7\u00c3O CI\u00caNTIFICA\" srcset=\"https:\/\/unifacp.edu.br\/wp-content\/uploads\/2025\/03\/10.png 1280w, https:\/\/unifacp.edu.br\/wp-content\/uploads\/2025\/03\/10-300x105.png 300w, https:\/\/unifacp.edu.br\/wp-content\/uploads\/2025\/03\/10-1024x360.png 1024w, https:\/\/unifacp.edu.br\/wp-content\/uploads\/2025\/03\/10-768x270.png 768w\" sizes=\"(max-width: 1280px) 100vw, 1280px\" \/>\t\t\t\t\t\t\t\t\t\t\t\t\t\t\t<\/div>\n\t\t\t\t<\/div>\n\t\t\t\t<\/div>\n\t\t<div class=\"elementor-element elementor-element-83374f6 e-con-full e-flex e-con e-child\" data-id=\"83374f6\" data-element_type=\"container\" data-e-type=\"container\">\n\t\t<div class=\"elementor-element elementor-element-584e6d3 e-con-full e-flex e-con e-child\" data-id=\"584e6d3\" data-element_type=\"container\" data-e-type=\"container\" data-settings=\"{&quot;background_background&quot;:&quot;classic&quot;}\">\n\t\t\t\t<div class=\"elementor-element elementor-element-1dd6cd8 elementor-widget elementor-widget-heading\" data-id=\"1dd6cd8\" data-element_type=\"widget\" data-e-type=\"widget\" data-widget_type=\"heading.default\">\n\t\t\t\t<div class=\"elementor-widget-container\">\n\t\t\t\t\t<h2 class=\"elementor-heading-title elementor-size-default\">PROGRAMA DE INICIA\u00c7\u00c3O CIENT\u00edFiCA<\/h2>\t\t\t\t<\/div>\n\t\t\t\t<\/div>\n\t\t\t\t<\/div>\n\t\t<div class=\"elementor-element elementor-element-a6f0f1c e-con-full e-flex e-con e-child\" data-id=\"a6f0f1c\" data-element_type=\"container\" data-e-type=\"container\">\n\t\t\t\t<div class=\"elementor-element elementor-element-9dad324 elementor-widget elementor-widget-elementskit-simple-tab\" data-id=\"9dad324\" data-element_type=\"widget\" data-e-type=\"widget\" data-widget_type=\"elementskit-simple-tab.default\">\n\t\t\t\t<div class=\"elementor-widget-container\">\n\t\t\t\t\t<div class=\"ekit-wid-con\" >        <div class=\"elementkit-tab-wraper  \">\n            <ul class=\"nav nav-tabs elementkit-tab-nav  elementskit-fullwidth-tab\">\n                                    <li class=\"elementkit-nav-item elementor-repeater-item-08b6856\">\n                        <a class=\"elementkit-nav-link  active show left-pos\" id=\"content-08b685669f378b4f36c8-tab\" data-ekit-handler-id=\"sobre\" data-ekit-toggle=\"tab\" data-target=\"#content-08b685669f378b4f36c8\" href=\"#Content-08b685669f378b4f36c8\"\n                            data-ekit-toggle-trigger=\"click\"\n                            aria-describedby=\"Content-08b685669f378b4f36c8\">\n                                                        <span class=\"elementskit-tab-title\">SOBRE<\/span>\n                        <\/a>\n                    <\/li>\n                                        <li class=\"elementkit-nav-item elementor-repeater-item-6451664\">\n                        <a class=\"elementkit-nav-link  left-pos\" id=\"content-645166469f378b4f36c8-tab\" data-ekit-handler-id=\"edital-anais-e-outros-documentos\" data-ekit-toggle=\"tab\" data-target=\"#content-645166469f378b4f36c8\" href=\"#Content-645166469f378b4f36c8\"\n                            data-ekit-toggle-trigger=\"click\"\n                            aria-describedby=\"Content-645166469f378b4f36c8\">\n                                                        <span class=\"elementskit-tab-title\">EDITAL, ANAIS E OUTROS DOCUMENTOS<\/span>\n                        <\/a>\n                    <\/li>\n                                <\/ul>\n\n            <div class=\"tab-content elementkit-tab-content\">\n                                    <div class=\"tab-pane elementkit-tab-pane elementor-repeater-item-08b6856  active show\" id=\"content-08b685669f378b4f36c8\" role=\"tabpanel\"\n                         aria-labelledby=\"content-08b685669f378b4f36c8-tab\">\n                        <div class=\"animated fadeIn\">\n                            <p><span style=\"color: #000000;\">O programa de Inicia\u00e7\u00e3o Cient\u00edfica visa promover o desenvolvimento de projetos investigativos, proporcionando aos alunos o suporte te\u00f3rico e metodol\u00f3gico necess\u00e1rio para a constru\u00e7\u00e3o de uma mentalidade acad\u00eamica inovadora. Atrav\u00e9s deste programa, os estudantes mais vocacionados t\u00eam a oportunidade de se aprofundar em ci\u00eancia e tecnologia, explorando novas fronteiras do conhecimento e contribuindo significativamente para a descoberta cient\u00edfica.<\/span><\/p>                        <\/div>\n                    <\/div>\n                                    <div class=\"tab-pane elementkit-tab-pane elementor-repeater-item-6451664 \" id=\"content-645166469f378b4f36c8\" role=\"tabpanel\"\n                         aria-labelledby=\"content-645166469f378b4f36c8-tab\">\n                        <div class=\"animated fadeIn\">\n                            <ul><li><a  data-e-Disable-Page-Transition=\"true\" class=\"download-link\" title=\"\" href=\"https:\/\/unifacp.edu.br\/Home-page\/download\/4776\/?tmstv=1777563829\" rel=\"nofollow\" id=\"download-link-4776\" data-redirect=\"false\" >\n\tAnais-JIC-2025.pdf\t(185 downloads\t)\n<\/a>\n<\/li><li><a  data-e-Disable-Page-Transition=\"true\" class=\"download-link\" title=\"\" href=\"https:\/\/unifacp.edu.br\/Home-page\/download\/3404\/?tmstv=1777563829\" rel=\"nofollow\" id=\"download-link-3404\" data-redirect=\"false\" >\n\tAnais-JIC-2024_final_-1.pdf\t(906 downloads\t)\n<\/a>\n<\/li><li><a  data-e-Disable-Page-Transition=\"true\" class=\"download-link\" title=\"\" href=\"https:\/\/unifacp.edu.br\/Home-page\/download\/3401\/?tmstv=1777563829\" rel=\"nofollow\" id=\"download-link-3401\" data-redirect=\"false\" >\n\tAnais-JIC-2023-_-revisado-FINAL-1-1.pdf\t(855 downloads\t)\n<\/a>\n<\/li><li><a  data-e-Disable-Page-Transition=\"true\" class=\"download-link\" title=\"\" href=\"https:\/\/unifacp.edu.br\/Home-page\/download\/3395\/?tmstv=1777563829\" rel=\"nofollow\" id=\"download-link-3395\" data-redirect=\"false\" >\n\tFormulario-de-Cadastramento-_-2025-1.docx\t(908 downloads\t)\n<\/a>\n<\/li><li><a  data-e-Disable-Page-Transition=\"true\" class=\"download-link\" title=\"\" href=\"https:\/\/unifacp.edu.br\/Home-page\/download\/3431\/?tmstv=1777563829\" rel=\"nofollow\" id=\"download-link-3431\" data-redirect=\"false\" >\n\tEdital-_-2025.pdf\t(925 downloads\t)\n<\/a>\n<\/li><li><a  data-e-Disable-Page-Transition=\"true\" class=\"download-link\" title=\"\" href=\"https:\/\/unifacp.edu.br\/Home-page\/download\/3841\/?tmstv=1777563829\" rel=\"nofollow\" id=\"download-link-3841\" data-redirect=\"false\" >\n\tPortaria_-aprovados-IC-2025-_22-10-.pdf\t(589 downloads\t)\n<\/a>\n<\/li><\/ul>                        <\/div>\n                    <\/div>\n                                \n            <\/div>\n                    <\/div>\n    <\/div>\t\t\t\t<\/div>\n\t\t\t\t<\/div>\n\t\t\t\t<\/div>\n\t\t\t\t<\/div>\n\t\t\t\t\t<\/div>\n\t\t\t\t<\/div>\n\t\t\t\t<\/div>\n\t\t","protected":false},"excerpt":{"rendered":"<p>PROGRAMA DE INICIA\u00c7\u00c3O CIENT\u00edFiCA SOBRE EDITAL, ANAIS E OUTROS DOCUMENTOS O programa de Inicia\u00e7\u00e3o Cient\u00edfica visa promover o desenvolvimento de projetos investigativos, proporcionando aos alunos o suporte te\u00f3rico e metodol\u00f3gico necess\u00e1rio para a constru\u00e7\u00e3o de uma mentalidade acad\u00eamica inovadora. Atrav\u00e9s deste programa, os estudantes mais vocacionados t\u00eam a oportunidade de se aprofundar em ci\u00eancia e [&hellip;]<\/p>\n","protected":false},"author":1,"featured_media":0,"parent":0,"menu_order":0,"comment_status":"closed","ping_status":"closed","template":"","meta":{"footnotes":""},"class_list":["post-608","page","type-page","status-publish","hentry"],"_links":{"self":[{"href":"https:\/\/unifacp.edu.br\/Home-page\/wp-json\/wp\/v2\/pages\/608","targetHints":{"allow":["GET"]}}],"collection":[{"href":"https:\/\/unifacp.edu.br\/Home-page\/wp-json\/wp\/v2\/pages"}],"about":[{"href":"https:\/\/unifacp.edu.br\/Home-page\/wp-json\/wp\/v2\/types\/page"}],"author":[{"embeddable":true,"href":"https:\/\/unifacp.edu.br\/Home-page\/wp-json\/wp\/v2\/users\/1"}],"replies":[{"embeddable":true,"href":"https:\/\/unifacp.edu.br\/Home-page\/wp-json\/wp\/v2\/comments?post=608"}],"version-history":[{"count":0,"href":"https:\/\/unifacp.edu.br\/Home-page\/wp-json\/wp\/v2\/pages\/608\/revisions"}],"wp:attachment":[{"href":"https:\/\/unifacp.edu.br\/Home-page\/wp-json\/wp\/v2\/media?parent=608"}],"curies":[{"name":"wp","href":"https:\/\/api.w.org\/{rel}","templated":true}]}}