{"id":638,"date":"2025-03-14T15:14:45","date_gmt":"2025-03-14T15:14:45","guid":{"rendered":"https:\/\/unifacp.edu.br\/?page_id=638"},"modified":"2025-04-02T13:39:38","modified_gmt":"2025-04-02T13:39:38","slug":"apoio-psicopedagogico","status":"publish","type":"page","link":"https:\/\/unifacp.edu.br\/Home-page\/apoio-psicopedagogico\/","title":{"rendered":"Apoio Psicopedag\u00f3gico"},"content":{"rendered":"\t\t<div data-elementor-type=\"wp-page\" data-elementor-id=\"638\" class=\"elementor elementor-638\" data-elementor-post-type=\"page\">\n\t\t\t\t<div class=\"elementor-element elementor-element-884e13a e-flex e-con-boxed e-con e-parent\" data-id=\"884e13a\" data-element_type=\"container\" data-e-type=\"container\">\n\t\t\t\t\t<div class=\"e-con-inner\">\n\t\t<div class=\"elementor-element elementor-element-03b87af e-con-full e-flex e-con e-child\" data-id=\"03b87af\" data-element_type=\"container\" data-e-type=\"container\">\n\t\t\t\t<div class=\"elementor-element elementor-element-eaaa26c elementor-widget elementor-widget-image\" data-id=\"eaaa26c\" data-element_type=\"widget\" data-e-type=\"widget\" data-widget_type=\"image.default\">\n\t\t\t\t<div class=\"elementor-widget-container\">\n\t\t\t\t\t\t\t\t\t\t\t\t\t\t\t<img fetchpriority=\"high\" decoding=\"async\" width=\"1280\" height=\"450\" src=\"https:\/\/unifacp.edu.br\/wp-content\/uploads\/2025\/03\/3.png\" class=\"attachment-full size-full wp-image-420\" alt=\"Apoio Psicopedagogico\" srcset=\"https:\/\/unifacp.edu.br\/wp-content\/uploads\/2025\/03\/3.png 1280w, https:\/\/unifacp.edu.br\/wp-content\/uploads\/2025\/03\/3-300x105.png 300w, https:\/\/unifacp.edu.br\/wp-content\/uploads\/2025\/03\/3-1024x360.png 1024w, https:\/\/unifacp.edu.br\/wp-content\/uploads\/2025\/03\/3-768x270.png 768w\" sizes=\"(max-width: 1280px) 100vw, 1280px\" \/>\t\t\t\t\t\t\t\t\t\t\t\t\t\t\t<\/div>\n\t\t\t\t<\/div>\n\t\t\t\t<\/div>\n\t\t<div class=\"elementor-element elementor-element-f666c03 e-con-full e-flex e-con e-child\" data-id=\"f666c03\" data-element_type=\"container\" data-e-type=\"container\">\n\t\t<div class=\"elementor-element elementor-element-d4dfbb9 e-con-full e-flex e-con e-child\" data-id=\"d4dfbb9\" data-element_type=\"container\" data-e-type=\"container\" data-settings=\"{&quot;background_background&quot;:&quot;classic&quot;}\">\n\t\t\t\t<div class=\"elementor-element elementor-element-d570d7e elementor-widget elementor-widget-heading\" data-id=\"d570d7e\" data-element_type=\"widget\" data-e-type=\"widget\" data-widget_type=\"heading.default\">\n\t\t\t\t<div class=\"elementor-widget-container\">\n\t\t\t\t\t<h2 class=\"elementor-heading-title elementor-size-default\">ouvidoria<\/h2>\t\t\t\t<\/div>\n\t\t\t\t<\/div>\n\t\t\t\t<\/div>\n\t\t<div class=\"elementor-element elementor-element-95af7f2 e-con-full e-flex e-con e-child\" data-id=\"95af7f2\" data-element_type=\"container\" data-e-type=\"container\">\n\t\t\t\t<div class=\"elementor-element elementor-element-1d99eab elementor-widget elementor-widget-elementskit-simple-tab\" data-id=\"1d99eab\" data-element_type=\"widget\" data-e-type=\"widget\" data-widget_type=\"elementskit-simple-tab.default\">\n\t\t\t\t<div class=\"elementor-widget-container\">\n\t\t\t\t\t<div class=\"ekit-wid-con\" >        <div class=\"elementkit-tab-wraper  \">\n            <ul class=\"nav nav-tabs elementkit-tab-nav  elementskit-fullwidth-tab\">\n                                    <li class=\"elementkit-nav-item elementor-repeater-item-08b6856\">\n                        <a class=\"elementkit-nav-link  active show left-pos\" id=\"content-08b685669f378f980c0c-tab\" data-ekit-handler-id=\"sobre\" data-ekit-toggle=\"tab\" data-target=\"#content-08b685669f378f980c0c\" href=\"#Content-08b685669f378f980c0c\"\n                            data-ekit-toggle-trigger=\"click\"\n                            aria-describedby=\"Content-08b685669f378f980c0c\">\n                            <span class=\"elementskit-tab-icon\"><svg aria-hidden=\"true\" class=\"e-font-icon-svg e-fas-exclamation\" viewBox=\"0 0 192 512\" xmlns=\"http:\/\/www.w3.org\/2000\/svg\"><path d=\"M176 432c0 44.112-35.888 80-80 80s-80-35.888-80-80 35.888-80 80-80 80 35.888 80 80zM25.26 25.199l13.6 272C39.499 309.972 50.041 320 62.83 320h66.34c12.789 0 23.331-10.028 23.97-22.801l13.6-272C167.425 11.49 156.496 0 142.77 0H49.23C35.504 0 24.575 11.49 25.26 25.199z\"><\/path><\/svg><\/span>                            <span class=\"elementskit-tab-title\">SOBRE<\/span>\n                        <\/a>\n                    <\/li>\n                                        <li class=\"elementkit-nav-item elementor-repeater-item-6451664\">\n                        <a class=\"elementkit-nav-link  left-pos\" id=\"content-645166469f378f980c0c-tab\" data-ekit-handler-id=\"hor-rios\" data-ekit-toggle=\"tab\" data-target=\"#content-645166469f378f980c0c\" href=\"#Content-645166469f378f980c0c\"\n                            data-ekit-toggle-trigger=\"click\"\n                            aria-describedby=\"Content-645166469f378f980c0c\">\n                            <span class=\"elementskit-tab-icon\"><svg aria-hidden=\"true\" class=\"e-font-icon-svg e-fas-clock\" viewBox=\"0 0 512 512\" xmlns=\"http:\/\/www.w3.org\/2000\/svg\"><path d=\"M256,8C119,8,8,119,8,256S119,504,256,504,504,393,504,256,393,8,256,8Zm92.49,313h0l-20,25a16,16,0,0,1-22.49,2.5h0l-67-49.72a40,40,0,0,1-15-31.23V112a16,16,0,0,1,16-16h32a16,16,0,0,1,16,16V256l58,42.5A16,16,0,0,1,348.49,321Z\"><\/path><\/svg><\/span>                            <span class=\"elementskit-tab-title\">HOR\u00c1RIOS<\/span>\n                        <\/a>\n                    <\/li>\n                                <\/ul>\n\n            <div class=\"tab-content elementkit-tab-content\">\n                                    <div class=\"tab-pane elementkit-tab-pane elementor-repeater-item-08b6856  active show\" id=\"content-08b685669f378f980c0c\" role=\"tabpanel\"\n                         aria-labelledby=\"content-08b685669f378f980c0c-tab\">\n                        <div class=\"animated fadeIn\">\n                            <p><span style=\"color: #000000;\">A UNIFACP oferece gratuitamente para todos os alunos o Apoio Psicopedag\u00f3gico. O objetivo \u00e9 auxiliar o aluno no aspecto emocional, durante as diferentes etapas do curso da Faculdade. Tem como fun\u00e7\u00f5es a triagem, diagn\u00f3stico e as orienta\u00e7\u00f5es cab\u00edveis ao aluno no que se refere \u00e0: sua insatisfa\u00e7\u00e3o com o desempenho escolar; falta de motiva\u00e7\u00e3o para o estudo; crises em relacionamentos; dificuldades com cursos e ou professores; d\u00favidas sobre a faculdade ou quanto sua voca\u00e7\u00e3o com a carreia que escolheu; priva\u00e7\u00f5es, estresse, cansa\u00e7o, solid\u00e3o, ang\u00fastia e demais problemas que possam afetar a sua aprendizagem. Para tanto, ser\u00e3o oferecidos atendimentos individuais, grupos de discuss\u00e3o\/reflex\u00e3o, palestras ou quaisquer outros meios tecnicamente apropriados para discuss\u00e3o, esclarecimentos ou orienta\u00e7\u00f5es.\u00a0<\/span><\/p><p><span style=\"color: #000000;\">Os agendamentos podem ser feitos diretamente na secretaria.<\/span><\/p>                        <\/div>\n                    <\/div>\n                                    <div class=\"tab-pane elementkit-tab-pane elementor-repeater-item-6451664 \" id=\"content-645166469f378f980c0c\" role=\"tabpanel\"\n                         aria-labelledby=\"content-645166469f378f980c0c-tab\">\n                        <div class=\"animated fadeIn\">\n                            <p><span style=\"color: #000000;\"><strong>Atendimentos:<\/strong><\/span><\/p><p><span style=\"color: #000000;\">Professora Sonia Soranzzo &#8211; <strong>Ter\u00e7a-feira \u00e0s 19h00 \u00e0s 20h30<\/strong><\/span><\/p>                        <\/div>\n                    <\/div>\n                                \n            <\/div>\n                    <\/div>\n    <\/div>\t\t\t\t<\/div>\n\t\t\t\t<\/div>\n\t\t\t\t<\/div>\n\t\t\t\t<\/div>\n\t\t\t\t\t<\/div>\n\t\t\t\t<\/div>\n\t\t\t\t<\/div>\n\t\t","protected":false},"excerpt":{"rendered":"<p>ouvidoria SOBRE HOR\u00c1RIOS A UNIFACP oferece gratuitamente para todos os alunos o Apoio Psicopedag\u00f3gico. O objetivo \u00e9 auxiliar o aluno no aspecto emocional, durante as diferentes etapas do curso da Faculdade. Tem como fun\u00e7\u00f5es a triagem, diagn\u00f3stico e as orienta\u00e7\u00f5es cab\u00edveis ao aluno no que se refere \u00e0: sua insatisfa\u00e7\u00e3o com o desempenho escolar; falta [&hellip;]<\/p>\n","protected":false},"author":1,"featured_media":0,"parent":0,"menu_order":0,"comment_status":"closed","ping_status":"closed","template":"","meta":{"footnotes":""},"class_list":["post-638","page","type-page","status-publish","hentry"],"_links":{"self":[{"href":"https:\/\/unifacp.edu.br\/Home-page\/wp-json\/wp\/v2\/pages\/638","targetHints":{"allow":["GET"]}}],"collection":[{"href":"https:\/\/unifacp.edu.br\/Home-page\/wp-json\/wp\/v2\/pages"}],"about":[{"href":"https:\/\/unifacp.edu.br\/Home-page\/wp-json\/wp\/v2\/types\/page"}],"author":[{"embeddable":true,"href":"https:\/\/unifacp.edu.br\/Home-page\/wp-json\/wp\/v2\/users\/1"}],"replies":[{"embeddable":true,"href":"https:\/\/unifacp.edu.br\/Home-page\/wp-json\/wp\/v2\/comments?post=638"}],"version-history":[{"count":0,"href":"https:\/\/unifacp.edu.br\/Home-page\/wp-json\/wp\/v2\/pages\/638\/revisions"}],"wp:attachment":[{"href":"https:\/\/unifacp.edu.br\/Home-page\/wp-json\/wp\/v2\/media?parent=638"}],"curies":[{"name":"wp","href":"https:\/\/api.w.org\/{rel}","templated":true}]}}